{"id":17378,"date":"2025-07-16T10:12:22","date_gmt":"2025-07-16T08:12:22","guid":{"rendered":"https:\/\/uj.adatbank.ro\/lexikon\/termek\/pal-rafael\/"},"modified":"2025-07-16T10:12:22","modified_gmt":"2025-07-16T08:12:22","slug":"pal-rafael","status":"publish","type":"product","link":"https:\/\/uj.adatbank.ro\/lexikon\/termek\/pal-rafael\/","title":{"rendered":"P\u00c1L Rafael"},"content":{"rendered":"<p>B\u00e1gy, 1857. okt. 31., \u2020\u00a0Sz\u00e9kelyb\u0151, 1937. m\u00e1j. 7.: r. k. pap. \u2013 Tord\u00e1n, Kv.-on \u00e9s Temesv\u00e1ron tanult. Papp\u00e1 szentelt\u00e9k (1880. j\u00fal. 7.).Pl\u00e9b\u00e1nos Magyarfenesen (1904), Gy\u00f6gyfalv\u00e1n (1907). Aranymis\u00e9s \u00e1ldoz\u00f3 pap volt Sz\u00e9kelyb\u0151ben hal\u00e1l\u00e1ig (1915\u201337). <br \/><strong>Irod.:<\/strong> Ferenczi S\u00e1ndor 2009; Nemes Gyula: Szakr\u00e1lis eml\u00e9kek&#8230; = P\u00e1l-Antal \u2013 Simon; Ny\u00e1r\u00e1dszereda k\u00f6zs\u00e9g<\/br><\/p>\n","protected":false},"excerpt":{"rendered":"<p>B\u00e1gy, 1857. okt. 31., \u2020\u00a0Sz\u00e9kelyb\u0151, 1937. m\u00e1j. 7.: r. k. pap. \u2013 Tord\u00e1n, Kv.-on \u00e9s Temesv\u00e1ron tanult. Papp\u00e1 szentelt\u00e9k (1880. j\u00fal. 7.).Pl\u00e9b\u00e1nos Magyarfenesen (1904), Gy\u00f6gyfalv\u00e1n (1907). Aranymis\u00e9s \u00e1ldoz\u00f3 pap volt Sz\u00e9kelyb\u0151ben hal\u00e1l\u00e1ig (1915\u201337). Irod.: Ferenczi S\u00e1ndor 2009; Nemes Gyula: Szakr\u00e1lis eml\u00e9kek&#8230; = P\u00e1l-Antal \u2013 Simon; Ny\u00e1r\u00e1dszereda k\u00f6zs\u00e9g<\/p>\n","protected":false},"featured_media":0,"comment_status":"open","ping_status":"closed","template":"","meta":[],"product_brand":[],"product_cat":[137],"product_tag":[],"class_list":{"0":"post-17378","1":"product","2":"type-product","3":"status-publish","5":"product_cat-maros-megyei-eletrajzi-lexikon","7":"first","8":"instock","9":"shipping-taxable","10":"product-type-simple"},"_links":{"self":[{"href":"https:\/\/uj.adatbank.ro\/lexikon\/wp-json\/wp\/v2\/product\/17378","targetHints":{"allow":["GET"]}}],"collection":[{"href":"https:\/\/uj.adatbank.ro\/lexikon\/wp-json\/wp\/v2\/product"}],"about":[{"href":"https:\/\/uj.adatbank.ro\/lexikon\/wp-json\/wp\/v2\/types\/product"}],"replies":[{"embeddable":true,"href":"https:\/\/uj.adatbank.ro\/lexikon\/wp-json\/wp\/v2\/comments?post=17378"}],"wp:attachment":[{"href":"https:\/\/uj.adatbank.ro\/lexikon\/wp-json\/wp\/v2\/media?parent=17378"}],"wp:term":[{"taxonomy":"product_brand","embeddable":true,"href":"https:\/\/uj.adatbank.ro\/lexikon\/wp-json\/wp\/v2\/product_brand?post=17378"},{"taxonomy":"product_cat","embeddable":true,"href":"https:\/\/uj.adatbank.ro\/lexikon\/wp-json\/wp\/v2\/product_cat?post=17378"},{"taxonomy":"product_tag","embeddable":true,"href":"https:\/\/uj.adatbank.ro\/lexikon\/wp-json\/wp\/v2\/product_tag?post=17378"}],"curies":[{"name":"wp","href":"https:\/\/api.w.org\/{rel}","templated":true}]}}