{"id":17379,"date":"2025-07-16T10:12:25","date_gmt":"2025-07-16T08:12:25","guid":{"rendered":"https:\/\/uj.adatbank.ro\/lexikon\/termek\/pal-tamas\/"},"modified":"2025-07-16T10:12:25","modified_gmt":"2025-07-16T08:12:25","slug":"pal-tamas","status":"publish","type":"product","link":"https:\/\/uj.adatbank.ro\/lexikon\/termek\/pal-tamas\/","title":{"rendered":"P\u00c1L Tam\u00e1s"},"content":{"rendered":"<p>B\u00f6l\u00f6n, 1900. jan. 11., \u2020\u00a0Mv., 1994. szept. 10.: unit. lelk\u00e9sz. \u2013 A kv.-i Unit. F\u0151gimn.-ban tanult (1911\u201318), tartal\u00e9kos tisztiiskola hallgat\u00f3ja (1918\u201320), Unit. Teol\u00f3gi\u00e1n v\u00e9gzett Kv.-on (1920\u201324). K\u00fck\u00fcll\u0151domb\u00f3n volt lelk\u00e9sz (1924\u201358). Az unit. templomot \u00e9p\u00edtett\u00e9k (1867) \u00e9s jav\u00edtott\u00e1k (1936), a lelk\u00e9sz szerkesztette azt az eml\u00e9kokm\u00e1nyt, amit a jav\u00edt\u00e1skor helyeztek el a toronyban. Lelk\u00e9szi teend\u0151k mellett sz\u00f6vetkezet szervez\u0151i tev\u00e9kenys\u00e9ge hat\u00e9kony: fogyaszt\u00e1si -, tej-, \u00e1llatbiztos\u00edt\u00e1si sz\u00f6vetkezetet, vaj\u00fczemet hoztak l\u00e9tre. M\u0171vel\u0151d\u00e9s ir\u00e1ny\u00edt\u00f3, dalk\u00f6r szervez\u0151, temetkez\u00e9si t\u00e1rsulat szervez\u0151. Mv.-en \u00e9lt nyugd\u00edjas kor\u00e1ban (1958\u201394). <br \/><strong>Irod.:<\/strong> csal\u00e1di inf.; Cs\u00e1ky; Kelemen Imre; Keszeg; [Nekrol\u00f3g](N\u00fa., 1994. szept. 13.)<\/br><\/p>\n","protected":false},"excerpt":{"rendered":"<p>B\u00f6l\u00f6n, 1900. jan. 11., \u2020\u00a0Mv., 1994. szept. 10.: unit. lelk\u00e9sz. \u2013 A kv.-i Unit. F\u0151gimn.-ban tanult (1911\u201318), tartal\u00e9kos tisztiiskola hallgat\u00f3ja (1918\u201320), Unit. Teol\u00f3gi\u00e1n v\u00e9gzett Kv.-on (1920\u201324). K\u00fck\u00fcll\u0151domb\u00f3n volt lelk\u00e9sz (1924\u201358). Az unit. templomot \u00e9p\u00edtett\u00e9k (1867) \u00e9s jav\u00edtott\u00e1k (1936), a lelk\u00e9sz szerkesztette azt az eml\u00e9kokm\u00e1nyt, amit a jav\u00edt\u00e1skor helyeztek el a toronyban. Lelk\u00e9szi teend\u0151k mellett sz\u00f6vetkezet [&hellip;]<\/p>\n","protected":false},"featured_media":0,"comment_status":"open","ping_status":"closed","template":"","meta":[],"product_brand":[],"product_cat":[137],"product_tag":[],"class_list":{"0":"post-17379","1":"product","2":"type-product","3":"status-publish","5":"product_cat-maros-megyei-eletrajzi-lexikon","7":"first","8":"instock","9":"shipping-taxable","10":"product-type-simple"},"_links":{"self":[{"href":"https:\/\/uj.adatbank.ro\/lexikon\/wp-json\/wp\/v2\/product\/17379","targetHints":{"allow":["GET"]}}],"collection":[{"href":"https:\/\/uj.adatbank.ro\/lexikon\/wp-json\/wp\/v2\/product"}],"about":[{"href":"https:\/\/uj.adatbank.ro\/lexikon\/wp-json\/wp\/v2\/types\/product"}],"replies":[{"embeddable":true,"href":"https:\/\/uj.adatbank.ro\/lexikon\/wp-json\/wp\/v2\/comments?post=17379"}],"wp:attachment":[{"href":"https:\/\/uj.adatbank.ro\/lexikon\/wp-json\/wp\/v2\/media?parent=17379"}],"wp:term":[{"taxonomy":"product_brand","embeddable":true,"href":"https:\/\/uj.adatbank.ro\/lexikon\/wp-json\/wp\/v2\/product_brand?post=17379"},{"taxonomy":"product_cat","embeddable":true,"href":"https:\/\/uj.adatbank.ro\/lexikon\/wp-json\/wp\/v2\/product_cat?post=17379"},{"taxonomy":"product_tag","embeddable":true,"href":"https:\/\/uj.adatbank.ro\/lexikon\/wp-json\/wp\/v2\/product_tag?post=17379"}],"curies":[{"name":"wp","href":"https:\/\/api.w.org\/{rel}","templated":true}]}}