{"id":17385,"date":"2025-07-16T10:12:38","date_gmt":"2025-07-16T08:12:38","guid":{"rendered":"https:\/\/uj.adatbank.ro\/lexikon\/termek\/palcu-ovidiu\/"},"modified":"2025-07-16T10:12:38","modified_gmt":"2025-07-16T08:12:38","slug":"palcu-ovidiu","status":"publish","type":"product","link":"https:\/\/uj.adatbank.ro\/lexikon\/termek\/palcu-ovidiu\/","title":{"rendered":"PALCU, Ovidiu"},"content":{"rendered":"<p>Mez\u0151majos, 1953. \u00e1pr. 16., \u2020\u00a0Mv., 2010. m\u00e1rc. 8.:\u00e9rseki gondnok. \u2013 Elemi iskol\u00e1it sz\u00fcl\u0151faluj\u00e1ban v\u00e9gezte majd Mv.-en a Papiu Ilarian Liceumban \u00e9retts\u00e9gizett. Bal\u00e1zsfalv\u00e1n- Kv.-on teol\u00f3gi\u00e1t v\u00e9gzett (1991\u201394), a gyulafeh\u00e9rv\u00e1ri 1918. dec 1 egyetemen jogi diplom\u00e1t szerzett (1999\u20132003). Mv.-en dolgozott a B\u0151r- \u00e9s Keszty\u0171gy\u00e1rban a keny\u00e9rgy\u00e1rban \u00e9s a h\u00fasiparban. Int\u00e9z\u0151je a g. kat p\u00fcsp\u00f6ks\u00e9gnek \u00e9s a teol\u00f3giai akad\u00e9mi\u00e1nak Bal\u00e1zsfalv\u00e1n (1991\u20132009), \u00e9rseks\u00e9gi gondnok. Tev\u00e9kenys\u00e9g\u00e9nek f\u0151 c\u00e9lja a g. kat egyh\u00e1z \u00fajboli elismertet\u00e9se \u00e9s visszsahelyez\u00e9se jogaiba, elkobzott vagyon\u00e1nak visszaszerz\u00e9se. Ennek \u00e9rdek\u00e9ben, lev\u00e9lt\u00e1ri kutat\u00e1sokat v\u00e9gzett. \u2013 <strong>F. m.:<\/strong> Biserica durerii: File din istoria rezisten\u0163ei Bisericii greco-catolice 1948\u20131989. Comunitatea greco-catolic\u0103-Moi\u015fa, Protopopiatul R\u00e2ciu (Blaj, 2002), Rena\u015fterea Bisericii durerii. Cartea alb\u0103 a Bisericii Rom\u00e2ne Unite cu Roma Greco-Catolic\u0103 dup\u0103 1990 (TgM, 2011). <br \/><strong>Irod.:<\/strong> Todea 2013<\/br><\/p>\n","protected":false},"excerpt":{"rendered":"<p>Mez\u0151majos, 1953. \u00e1pr. 16., \u2020\u00a0Mv., 2010. m\u00e1rc. 8.:\u00e9rseki gondnok. \u2013 Elemi iskol\u00e1it sz\u00fcl\u0151faluj\u00e1ban v\u00e9gezte majd Mv.-en a Papiu Ilarian Liceumban \u00e9retts\u00e9gizett. Bal\u00e1zsfalv\u00e1n- Kv.-on teol\u00f3gi\u00e1t v\u00e9gzett (1991\u201394), a gyulafeh\u00e9rv\u00e1ri 1918. dec 1 egyetemen jogi diplom\u00e1t szerzett (1999\u20132003). Mv.-en dolgozott a B\u0151r- \u00e9s Keszty\u0171gy\u00e1rban a keny\u00e9rgy\u00e1rban \u00e9s a h\u00fasiparban. Int\u00e9z\u0151je a g. kat p\u00fcsp\u00f6ks\u00e9gnek \u00e9s a teol\u00f3giai [&hellip;]<\/p>\n","protected":false},"featured_media":0,"comment_status":"open","ping_status":"closed","template":"","meta":[],"product_brand":[],"product_cat":[137],"product_tag":[],"class_list":{"0":"post-17385","1":"product","2":"type-product","3":"status-publish","5":"product_cat-maros-megyei-eletrajzi-lexikon","7":"first","8":"instock","9":"shipping-taxable","10":"product-type-simple"},"_links":{"self":[{"href":"https:\/\/uj.adatbank.ro\/lexikon\/wp-json\/wp\/v2\/product\/17385","targetHints":{"allow":["GET"]}}],"collection":[{"href":"https:\/\/uj.adatbank.ro\/lexikon\/wp-json\/wp\/v2\/product"}],"about":[{"href":"https:\/\/uj.adatbank.ro\/lexikon\/wp-json\/wp\/v2\/types\/product"}],"replies":[{"embeddable":true,"href":"https:\/\/uj.adatbank.ro\/lexikon\/wp-json\/wp\/v2\/comments?post=17385"}],"wp:attachment":[{"href":"https:\/\/uj.adatbank.ro\/lexikon\/wp-json\/wp\/v2\/media?parent=17385"}],"wp:term":[{"taxonomy":"product_brand","embeddable":true,"href":"https:\/\/uj.adatbank.ro\/lexikon\/wp-json\/wp\/v2\/product_brand?post=17385"},{"taxonomy":"product_cat","embeddable":true,"href":"https:\/\/uj.adatbank.ro\/lexikon\/wp-json\/wp\/v2\/product_cat?post=17385"},{"taxonomy":"product_tag","embeddable":true,"href":"https:\/\/uj.adatbank.ro\/lexikon\/wp-json\/wp\/v2\/product_tag?post=17385"}],"curies":[{"name":"wp","href":"https:\/\/api.w.org\/{rel}","templated":true}]}}