{"id":17388,"date":"2025-07-16T10:12:46","date_gmt":"2025-07-16T08:12:46","guid":{"rendered":"https:\/\/uj.adatbank.ro\/lexikon\/termek\/palencsar-antal\/"},"modified":"2025-07-16T10:12:46","modified_gmt":"2025-07-16T08:12:46","slug":"palencsar-antal","status":"publish","type":"product","link":"https:\/\/uj.adatbank.ro\/lexikon\/termek\/palencsar-antal\/","title":{"rendered":"PALENCS\u00c1R Antal"},"content":{"rendered":"<p>? \u2020\u00a0?: orvos, \u2013 A MOGYI tan\u00e1rseg\u00e9d a Fert\u0151z\u0151 Betegs\u00e9gek Klinik\u00e1j\u00e1n (1956\u2013), adjunktus, katedraf\u0151n\u00f6k a J\u00e1rv\u00e1nytani Katedr\u00e1n (1983\u201386). \u2013 <strong>F. m.:<\/strong> <strong>t\u00e1rssz.:<\/strong> Fert\u0151z\u0151 betegs\u00e9gek Mv., 1975). <br \/><strong>Irod.:<\/strong> Genersich; P\u00e9ter; Tizenk\u00e9t \u00e9v; Todea\u2013F\u00fcl\u00f6p\u2013Avram<\/br><\/p>\n","protected":false},"excerpt":{"rendered":"<p>? \u2020\u00a0?: orvos, \u2013 A MOGYI tan\u00e1rseg\u00e9d a Fert\u0151z\u0151 Betegs\u00e9gek Klinik\u00e1j\u00e1n (1956\u2013), adjunktus, katedraf\u0151n\u00f6k a J\u00e1rv\u00e1nytani Katedr\u00e1n (1983\u201386). \u2013 F. m.: t\u00e1rssz.: Fert\u0151z\u0151 betegs\u00e9gek Mv., 1975). Irod.: Genersich; P\u00e9ter; Tizenk\u00e9t \u00e9v; Todea\u2013F\u00fcl\u00f6p\u2013Avram<\/p>\n","protected":false},"featured_media":0,"comment_status":"open","ping_status":"closed","template":"","meta":[],"product_brand":[],"product_cat":[137],"product_tag":[],"class_list":{"0":"post-17388","1":"product","2":"type-product","3":"status-publish","5":"product_cat-maros-megyei-eletrajzi-lexikon","7":"first","8":"instock","9":"shipping-taxable","10":"product-type-simple"},"_links":{"self":[{"href":"https:\/\/uj.adatbank.ro\/lexikon\/wp-json\/wp\/v2\/product\/17388","targetHints":{"allow":["GET"]}}],"collection":[{"href":"https:\/\/uj.adatbank.ro\/lexikon\/wp-json\/wp\/v2\/product"}],"about":[{"href":"https:\/\/uj.adatbank.ro\/lexikon\/wp-json\/wp\/v2\/types\/product"}],"replies":[{"embeddable":true,"href":"https:\/\/uj.adatbank.ro\/lexikon\/wp-json\/wp\/v2\/comments?post=17388"}],"wp:attachment":[{"href":"https:\/\/uj.adatbank.ro\/lexikon\/wp-json\/wp\/v2\/media?parent=17388"}],"wp:term":[{"taxonomy":"product_brand","embeddable":true,"href":"https:\/\/uj.adatbank.ro\/lexikon\/wp-json\/wp\/v2\/product_brand?post=17388"},{"taxonomy":"product_cat","embeddable":true,"href":"https:\/\/uj.adatbank.ro\/lexikon\/wp-json\/wp\/v2\/product_cat?post=17388"},{"taxonomy":"product_tag","embeddable":true,"href":"https:\/\/uj.adatbank.ro\/lexikon\/wp-json\/wp\/v2\/product_tag?post=17388"}],"curies":[{"name":"wp","href":"https:\/\/api.w.org\/{rel}","templated":true}]}}