{"id":1739,"date":"2025-06-28T11:51:40","date_gmt":"2025-06-28T09:51:40","guid":{"rendered":"https:\/\/uj.adatbank.ro\/lexikon\/termek\/albertini-zoltan\/"},"modified":"2025-06-28T11:51:40","modified_gmt":"2025-06-28T09:51:40","slug":"albertini-zoltan","status":"publish","type":"product","link":"https:\/\/uj.adatbank.ro\/lexikon\/termek\/albertini-zoltan\/","title":{"rendered":"ALBERTINI Zolt\u00e1n"},"content":{"rendered":"<p>Mv.,1926., \u2020\u00a0Mv., 2008. m\u00e1rc. 28.: edz\u0151, oktat\u00f3mester. \u2013 Iskol\u00e1it Mv.-en v\u00e9gezte a F\u00e9mipari K\u00f6z\u00e9pisk.-ban (1948). Oktat\u00f3mester a Bolyai Farkas L\u00edc.-ban. Tanfel\u00fcgyel\u0151 ? A mv.-i Iskol\u00e1s Sport Klub j\u00e9gkorongoz\u00f3ib\u00f3l alakult gyeplabda csapat edz\u0151je volt. <br \/><strong>Irod.:<\/strong> Szucher: Egy r\u00e9gi-\u00faj sport\u00e1g (N\u00fa., 1993. febr. 12.); [Nekrol\u00f3g] (N\u00fa., 2008. m\u00e1rc. 29)<\/br><\/p>\n","protected":false},"excerpt":{"rendered":"<p>Mv.,1926., \u2020\u00a0Mv., 2008. m\u00e1rc. 28.: edz\u0151, oktat\u00f3mester. \u2013 Iskol\u00e1it Mv.-en v\u00e9gezte a F\u00e9mipari K\u00f6z\u00e9pisk.-ban (1948). Oktat\u00f3mester a Bolyai Farkas L\u00edc.-ban. Tanfel\u00fcgyel\u0151 ? A mv.-i Iskol\u00e1s Sport Klub j\u00e9gkorongoz\u00f3ib\u00f3l alakult gyeplabda csapat edz\u0151je volt. Irod.: Szucher: Egy r\u00e9gi-\u00faj sport\u00e1g (N\u00fa., 1993. febr. 12.); [Nekrol\u00f3g] (N\u00fa., 2008. m\u00e1rc. 29)<\/p>\n","protected":false},"featured_media":0,"comment_status":"open","ping_status":"closed","template":"","meta":[],"product_brand":[],"product_cat":[137],"product_tag":[],"class_list":{"0":"post-1739","1":"product","2":"type-product","3":"status-publish","5":"product_cat-maros-megyei-eletrajzi-lexikon","7":"first","8":"instock","9":"shipping-taxable","10":"product-type-simple"},"_links":{"self":[{"href":"https:\/\/uj.adatbank.ro\/lexikon\/wp-json\/wp\/v2\/product\/1739","targetHints":{"allow":["GET"]}}],"collection":[{"href":"https:\/\/uj.adatbank.ro\/lexikon\/wp-json\/wp\/v2\/product"}],"about":[{"href":"https:\/\/uj.adatbank.ro\/lexikon\/wp-json\/wp\/v2\/types\/product"}],"replies":[{"embeddable":true,"href":"https:\/\/uj.adatbank.ro\/lexikon\/wp-json\/wp\/v2\/comments?post=1739"}],"wp:attachment":[{"href":"https:\/\/uj.adatbank.ro\/lexikon\/wp-json\/wp\/v2\/media?parent=1739"}],"wp:term":[{"taxonomy":"product_brand","embeddable":true,"href":"https:\/\/uj.adatbank.ro\/lexikon\/wp-json\/wp\/v2\/product_brand?post=1739"},{"taxonomy":"product_cat","embeddable":true,"href":"https:\/\/uj.adatbank.ro\/lexikon\/wp-json\/wp\/v2\/product_cat?post=1739"},{"taxonomy":"product_tag","embeddable":true,"href":"https:\/\/uj.adatbank.ro\/lexikon\/wp-json\/wp\/v2\/product_tag?post=1739"}],"curies":[{"name":"wp","href":"https:\/\/api.w.org\/{rel}","templated":true}]}}