{"id":17395,"date":"2025-07-16T10:13:05","date_gmt":"2025-07-16T08:13:05","guid":{"rendered":"https:\/\/uj.adatbank.ro\/lexikon\/termek\/palffy\/"},"modified":"2025-07-16T10:13:05","modified_gmt":"2025-07-16T08:13:05","slug":"palffy","status":"publish","type":"product","link":"https:\/\/uj.adatbank.ro\/lexikon\/termek\/palffy\/","title":{"rendered":"P\u00c1LFFY"},"content":{"rendered":"<p>A csal\u00e1dnak \u0151si biroka Banyic\u00e1n (Banica) volt a 13. sz.-t\u00f3l kezdve. El\u0151zetesen Simon b\u00e1n birtokolta, de mivel a b\u00e1n r\u00e9szese volt Gertr\u00fad kir\u00e1lyn\u0151 meggyilkol\u00e1s\u00e1ban, tett\u00e9\u00e9rt II. Endre kir\u00e1ly birtokait\u00f3l megfosztotta \u00e9s azt B\u00e1nffy D\u00e9nesnek adom\u00e1nyozta. <br \/><strong>Irod.:<\/strong> Keresztes Gyula: \u00d6r\u00f6ks\u00e9g\u00fcnk 62.: A Mez\u0151s\u00e9g udvarh\u00e1zai (N\u00fa., 1994. aug. 12.)<\/br><\/p>\n","protected":false},"excerpt":{"rendered":"<p>A csal\u00e1dnak \u0151si biroka Banyic\u00e1n (Banica) volt a 13. sz.-t\u00f3l kezdve. El\u0151zetesen Simon b\u00e1n birtokolta, de mivel a b\u00e1n r\u00e9szese volt Gertr\u00fad kir\u00e1lyn\u0151 meggyilkol\u00e1s\u00e1ban, tett\u00e9\u00e9rt II. Endre kir\u00e1ly birtokait\u00f3l megfosztotta \u00e9s azt B\u00e1nffy D\u00e9nesnek adom\u00e1nyozta. Irod.: Keresztes Gyula: \u00d6r\u00f6ks\u00e9g\u00fcnk 62.: A Mez\u0151s\u00e9g udvarh\u00e1zai (N\u00fa., 1994. aug. 12.)<\/p>\n","protected":false},"featured_media":0,"comment_status":"open","ping_status":"closed","template":"","meta":[],"product_brand":[],"product_cat":[137],"product_tag":[],"class_list":{"0":"post-17395","1":"product","2":"type-product","3":"status-publish","5":"product_cat-maros-megyei-eletrajzi-lexikon","7":"first","8":"instock","9":"shipping-taxable","10":"product-type-simple"},"_links":{"self":[{"href":"https:\/\/uj.adatbank.ro\/lexikon\/wp-json\/wp\/v2\/product\/17395","targetHints":{"allow":["GET"]}}],"collection":[{"href":"https:\/\/uj.adatbank.ro\/lexikon\/wp-json\/wp\/v2\/product"}],"about":[{"href":"https:\/\/uj.adatbank.ro\/lexikon\/wp-json\/wp\/v2\/types\/product"}],"replies":[{"embeddable":true,"href":"https:\/\/uj.adatbank.ro\/lexikon\/wp-json\/wp\/v2\/comments?post=17395"}],"wp:attachment":[{"href":"https:\/\/uj.adatbank.ro\/lexikon\/wp-json\/wp\/v2\/media?parent=17395"}],"wp:term":[{"taxonomy":"product_brand","embeddable":true,"href":"https:\/\/uj.adatbank.ro\/lexikon\/wp-json\/wp\/v2\/product_brand?post=17395"},{"taxonomy":"product_cat","embeddable":true,"href":"https:\/\/uj.adatbank.ro\/lexikon\/wp-json\/wp\/v2\/product_cat?post=17395"},{"taxonomy":"product_tag","embeddable":true,"href":"https:\/\/uj.adatbank.ro\/lexikon\/wp-json\/wp\/v2\/product_tag?post=17395"}],"curies":[{"name":"wp","href":"https:\/\/api.w.org\/{rel}","templated":true}]}}