{"id":17398,"date":"2025-07-16T10:13:12","date_gmt":"2025-07-16T08:13:12","guid":{"rendered":"https:\/\/uj.adatbank.ro\/lexikon\/termek\/palffy-antal-%c2%a7-palfi-toni\/"},"modified":"2025-07-16T10:13:12","modified_gmt":"2025-07-16T08:13:12","slug":"palffy-antal-%c2%a7-palfi-toni","status":"publish","type":"product","link":"https:\/\/uj.adatbank.ro\/lexikon\/termek\/palffy-antal-%c2%a7-palfi-toni\/","title":{"rendered":"P\u00c1LFFY Antal, \u00a7, P\u00e1lfi T\u00f3ni"},"content":{"rendered":"<p>V\u00e1rfalva, 1903. jan. 17., \u2020 Mv., 1973. j\u00fan.12.: tan\u00e1r, k\u00f6z\u00edr\u00f3. \u2013 Feles\u00e9ge: 1. Kuti Ilona, fiatal kor\u00e1ban Bal\u00e1zs Ferenc neki \u00edrta mes\u00e9it; 2. Finta Anna. \u2013 A k\u00f6z\u00e9piskol\u00e1t Kv.-on az Unit. Koll.-ban v\u00e9gezte (1921), majd a bp.-i m\u0171egyetemre j\u00e1rt (1921\u201322), v\u00e9g\u00fcl Kv.-on szerzett matematika szakos tan\u00e1ri k\u00e9pes\u00edt\u00e9st (1926). A II. vh.-ban tart. z\u00e1szl\u00f3si rangban vett r\u00e9szt. Amerikai hadifogsd\u00e1gban volt (1945. m\u00e1j. 1.\u20131945. dec. 29). A mv.-i Ref. Koll., Ranghe\u0163 Fi\u00fal\u00edc-ban, illetve ut\u00f3dja a Bolyai Farkas L\u00edc. tan\u00e1ra (1926\u201361); a Papiu Ilarian tan\u00e1ra (1961\u201363). \u00c9rdemes tan\u00e1r. A V\u00e1s\u00e1rhelyi Tal\u00e1lkoz\u00f3n Tam\u00e1si \u00c1ron felk\u00e9r\u00e9s\u00e9re Iskolai nevel\u00e9s\u00fcnk, annak reformja \u00e9s az iskol\u00e1n kiv\u00fcli n\u00e9pnevel\u00e9s c. el\u0151ad\u00e1st tartotta (1937. okt. 3.), a sz\u00f6vege megjelent (L\u00e1t\u00f3, 7. sz., 1998). A Tal\u00e1lkoz\u00f3 az \u0151 el\u0151ad\u00e1sa \u00e9s a 22 hozz\u00e1sz\u00f3l\u00e1s alapj\u00e1n fogalmazta meg egyik hat\u00e1rozat\u00e1t &#8222;az iskolai \u00e9s iskol\u00e1n kiv\u00fcli n\u00e9pnevel\u00e9s k\u00e9rd\u00e9s\u00e9r\u0151l\u201d. Bolyai Farkas hagyat\u00e9ka c. tartotta sz\u00e9kfoglal\u00f3j\u00e1t a Ref. koll.-ban, Bolyai Farkas a pedag\u00f3gus c. tanulm\u00e1ny\u00e1t a tud\u00f3s hal\u00e1l\u00e1nak 100. \u00e9vfordul\u00f3j\u00e1ra kiadott Bolyai Farkas eml\u00e9kk\u00f6nyv (Mv., 1957) k\u00f6z\u00f6lte, ugyancsak Bolyai Farkasr\u00f3l egyfelvon\u00e1sos sz\u00ednj\u00e1t\u00e9kot is \u00edrt, amelyet az iskola alap\u00edt\u00e1s\u00e1nak 400. \u00e9vfordul\u00f3j\u00e1n az iskola m\u0171kedvel\u0151i mutattak be. \u2013 <strong>F. m.:<\/strong> <strong>t\u00e1rssz.:<\/strong> Bolyai Farkas eml\u00e9kk\u00f6nyv (Mv., 1957). <br \/><strong>Irod.:<\/strong> Bal\u00e1zs Ferenc. Mes\u00e9k. Szerk., ut\u00f3sz\u00f3t \u00edrta Marosi Ildik\u00f3 (Buk., 1973); Berekm\u00e9ri; Elekes B\u00e9la 1999; Er\u0151s v\u00e1runk; In memoriam P. A. (N\u00fa., 1998. j\u00fan.11.); Madaras; Marosi-KZST; M\u00e1th\u00e9-Haller; Molter 3.; Mv. t\u00f6rt. 2.; RMIL; Sk\u00f3la<\/br><\/p>\n","protected":false},"excerpt":{"rendered":"<p>V\u00e1rfalva, 1903. jan. 17., \u2020 Mv., 1973. j\u00fan.12.: tan\u00e1r, k\u00f6z\u00edr\u00f3. \u2013 Feles\u00e9ge: 1. Kuti Ilona, fiatal kor\u00e1ban Bal\u00e1zs Ferenc neki \u00edrta mes\u00e9it; 2. Finta Anna. \u2013 A k\u00f6z\u00e9piskol\u00e1t Kv.-on az Unit. Koll.-ban v\u00e9gezte (1921), majd a bp.-i m\u0171egyetemre j\u00e1rt (1921\u201322), v\u00e9g\u00fcl Kv.-on szerzett matematika szakos tan\u00e1ri k\u00e9pes\u00edt\u00e9st (1926). A II. vh.-ban tart. z\u00e1szl\u00f3si rangban vett [&hellip;]<\/p>\n","protected":false},"featured_media":0,"comment_status":"open","ping_status":"closed","template":"","meta":[],"product_brand":[],"product_cat":[137],"product_tag":[],"class_list":{"0":"post-17398","1":"product","2":"type-product","3":"status-publish","5":"product_cat-maros-megyei-eletrajzi-lexikon","7":"first","8":"instock","9":"shipping-taxable","10":"product-type-simple"},"_links":{"self":[{"href":"https:\/\/uj.adatbank.ro\/lexikon\/wp-json\/wp\/v2\/product\/17398","targetHints":{"allow":["GET"]}}],"collection":[{"href":"https:\/\/uj.adatbank.ro\/lexikon\/wp-json\/wp\/v2\/product"}],"about":[{"href":"https:\/\/uj.adatbank.ro\/lexikon\/wp-json\/wp\/v2\/types\/product"}],"replies":[{"embeddable":true,"href":"https:\/\/uj.adatbank.ro\/lexikon\/wp-json\/wp\/v2\/comments?post=17398"}],"wp:attachment":[{"href":"https:\/\/uj.adatbank.ro\/lexikon\/wp-json\/wp\/v2\/media?parent=17398"}],"wp:term":[{"taxonomy":"product_brand","embeddable":true,"href":"https:\/\/uj.adatbank.ro\/lexikon\/wp-json\/wp\/v2\/product_brand?post=17398"},{"taxonomy":"product_cat","embeddable":true,"href":"https:\/\/uj.adatbank.ro\/lexikon\/wp-json\/wp\/v2\/product_cat?post=17398"},{"taxonomy":"product_tag","embeddable":true,"href":"https:\/\/uj.adatbank.ro\/lexikon\/wp-json\/wp\/v2\/product_tag?post=17398"}],"curies":[{"name":"wp","href":"https:\/\/api.w.org\/{rel}","templated":true}]}}