{"id":1740,"date":"2025-06-28T11:51:42","date_gmt":"2025-06-28T09:51:42","guid":{"rendered":"https:\/\/uj.adatbank.ro\/lexikon\/termek\/albertus-francisci-de-philipesz\/"},"modified":"2025-06-28T11:51:42","modified_gmt":"2025-06-28T09:51:42","slug":"albertus-francisci-de-philipesz","status":"publish","type":"product","link":"https:\/\/uj.adatbank.ro\/lexikon\/termek\/albertus-francisci-de-philipesz\/","title":{"rendered":"ALBERTUS Francisci de Philipesz"},"content":{"rendered":"<p>? \u2020\u00a0? : diocesis. \u2013Erd\u00e9lyi di\u00e1k, beiratkozott a krakk\u00f3i egyetembe (1519. j\u00fal.18.). <br \/><strong>Irod.:<\/strong> Tonk 1979<\/br><\/p>\n","protected":false},"excerpt":{"rendered":"<p>? \u2020\u00a0? : diocesis. \u2013Erd\u00e9lyi di\u00e1k, beiratkozott a krakk\u00f3i egyetembe (1519. j\u00fal.18.). Irod.: Tonk 1979<\/p>\n","protected":false},"featured_media":0,"comment_status":"open","ping_status":"closed","template":"","meta":[],"product_brand":[],"product_cat":[137],"product_tag":[],"class_list":{"0":"post-1740","1":"product","2":"type-product","3":"status-publish","5":"product_cat-maros-megyei-eletrajzi-lexikon","7":"first","8":"instock","9":"shipping-taxable","10":"product-type-simple"},"_links":{"self":[{"href":"https:\/\/uj.adatbank.ro\/lexikon\/wp-json\/wp\/v2\/product\/1740","targetHints":{"allow":["GET"]}}],"collection":[{"href":"https:\/\/uj.adatbank.ro\/lexikon\/wp-json\/wp\/v2\/product"}],"about":[{"href":"https:\/\/uj.adatbank.ro\/lexikon\/wp-json\/wp\/v2\/types\/product"}],"replies":[{"embeddable":true,"href":"https:\/\/uj.adatbank.ro\/lexikon\/wp-json\/wp\/v2\/comments?post=1740"}],"wp:attachment":[{"href":"https:\/\/uj.adatbank.ro\/lexikon\/wp-json\/wp\/v2\/media?parent=1740"}],"wp:term":[{"taxonomy":"product_brand","embeddable":true,"href":"https:\/\/uj.adatbank.ro\/lexikon\/wp-json\/wp\/v2\/product_brand?post=1740"},{"taxonomy":"product_cat","embeddable":true,"href":"https:\/\/uj.adatbank.ro\/lexikon\/wp-json\/wp\/v2\/product_cat?post=1740"},{"taxonomy":"product_tag","embeddable":true,"href":"https:\/\/uj.adatbank.ro\/lexikon\/wp-json\/wp\/v2\/product_tag?post=1740"}],"curies":[{"name":"wp","href":"https:\/\/api.w.org\/{rel}","templated":true}]}}