{"id":17400,"date":"2025-07-16T10:13:16","date_gmt":"2025-07-16T08:13:16","guid":{"rendered":"https:\/\/uj.adatbank.ro\/lexikon\/termek\/palffy-gecse-olga\/"},"modified":"2025-07-16T10:13:16","modified_gmt":"2025-07-16T08:13:16","slug":"palffy-gecse-olga","status":"publish","type":"product","link":"https:\/\/uj.adatbank.ro\/lexikon\/termek\/palffy-gecse-olga\/","title":{"rendered":"P\u00c1LFFY GECSE Olga"},"content":{"rendered":"<p>Mv., 1933., \u2020\u00a0? 1999. m\u00e1j. 29\u00a0: orvos, tan\u00e1r. \u2013 Mv.-en v\u00e9gzett elemit, k\u00f6z\u00e9piskol\u00e1t \u00e9s orvosi egyetemet a MOGYE-n (1957). F\u00e9rj\u00e9vel a Gyimes vid\u00e9k\u00e9n kezdt\u00e9k orvosi tev\u00e9kenys\u00e9g\u00fcket., majd versenyvizsg\u00e1val visszaker\u00fcltek az OGYE-ra oktat\u00f3nak. \u00c1ttelep\u00fcltek Mo.-ra (1985 k.). <br \/><strong>Irod.:<\/strong> Kiss Ervin\u00a0: Az orvosn\u0151 hal\u00e1l\u00e1ra (N\u00fa., 1999. j\u00fan. 12.)<\/br><\/p>\n","protected":false},"excerpt":{"rendered":"<p>Mv., 1933., \u2020\u00a0? 1999. m\u00e1j. 29\u00a0: orvos, tan\u00e1r. \u2013 Mv.-en v\u00e9gzett elemit, k\u00f6z\u00e9piskol\u00e1t \u00e9s orvosi egyetemet a MOGYE-n (1957). F\u00e9rj\u00e9vel a Gyimes vid\u00e9k\u00e9n kezdt\u00e9k orvosi tev\u00e9kenys\u00e9g\u00fcket., majd versenyvizsg\u00e1val visszaker\u00fcltek az OGYE-ra oktat\u00f3nak. \u00c1ttelep\u00fcltek Mo.-ra (1985 k.). Irod.: Kiss Ervin\u00a0: Az orvosn\u0151 hal\u00e1l\u00e1ra (N\u00fa., 1999. j\u00fan. 12.)<\/p>\n","protected":false},"featured_media":0,"comment_status":"open","ping_status":"closed","template":"","meta":[],"product_brand":[],"product_cat":[137],"product_tag":[],"class_list":{"0":"post-17400","1":"product","2":"type-product","3":"status-publish","5":"product_cat-maros-megyei-eletrajzi-lexikon","7":"first","8":"instock","9":"shipping-taxable","10":"product-type-simple"},"_links":{"self":[{"href":"https:\/\/uj.adatbank.ro\/lexikon\/wp-json\/wp\/v2\/product\/17400","targetHints":{"allow":["GET"]}}],"collection":[{"href":"https:\/\/uj.adatbank.ro\/lexikon\/wp-json\/wp\/v2\/product"}],"about":[{"href":"https:\/\/uj.adatbank.ro\/lexikon\/wp-json\/wp\/v2\/types\/product"}],"replies":[{"embeddable":true,"href":"https:\/\/uj.adatbank.ro\/lexikon\/wp-json\/wp\/v2\/comments?post=17400"}],"wp:attachment":[{"href":"https:\/\/uj.adatbank.ro\/lexikon\/wp-json\/wp\/v2\/media?parent=17400"}],"wp:term":[{"taxonomy":"product_brand","embeddable":true,"href":"https:\/\/uj.adatbank.ro\/lexikon\/wp-json\/wp\/v2\/product_brand?post=17400"},{"taxonomy":"product_cat","embeddable":true,"href":"https:\/\/uj.adatbank.ro\/lexikon\/wp-json\/wp\/v2\/product_cat?post=17400"},{"taxonomy":"product_tag","embeddable":true,"href":"https:\/\/uj.adatbank.ro\/lexikon\/wp-json\/wp\/v2\/product_tag?post=17400"}],"curies":[{"name":"wp","href":"https:\/\/api.w.org\/{rel}","templated":true}]}}