{"id":17401,"date":"2025-07-16T10:13:17","date_gmt":"2025-07-16T08:13:17","guid":{"rendered":"https:\/\/uj.adatbank.ro\/lexikon\/termek\/palffy-gyula\/"},"modified":"2025-07-16T10:13:17","modified_gmt":"2025-07-16T08:13:17","slug":"palffy-gyula","status":"publish","type":"product","link":"https:\/\/uj.adatbank.ro\/lexikon\/termek\/palffy-gyula\/","title":{"rendered":"P\u00c1LFFY Gyula"},"content":{"rendered":"<p>? \u2020\u00a0?:\u00e1llatorvos. \u2013 M.Kir. allatorvos. \u2013 <strong>F. m.:<\/strong> Az \u00e1llatteny\u00e9szt\u00e9s alapelvei : Gazdas\u00e1gi szakel\u0151ad\u00e1s Mez\u0151b\u00e1ndon 1899 febr.20. (Mv., 1899); A sz\u00e9kelys\u00e9g \u00e1llatteny\u00e9szt\u00e9se (Mv., 1902); Urfis\u00e1gok (Bp., 1903); M\u00e1ria kultusz = Mv.-i KZST 1914; A r\u00e9gi j\u00f3 id\u0151kb\u0151l (Mv., 1915). <br \/><strong>Irod.:<\/strong> F\u00fcl\u00f6p\u2013Ferencz; Mv.-i KZST 1914<\/br><\/p>\n","protected":false},"excerpt":{"rendered":"<p>? \u2020\u00a0?:\u00e1llatorvos. \u2013 M.Kir. allatorvos. \u2013 F. m.: Az \u00e1llatteny\u00e9szt\u00e9s alapelvei : Gazdas\u00e1gi szakel\u0151ad\u00e1s Mez\u0151b\u00e1ndon 1899 febr.20. (Mv., 1899); A sz\u00e9kelys\u00e9g \u00e1llatteny\u00e9szt\u00e9se (Mv., 1902); Urfis\u00e1gok (Bp., 1903); M\u00e1ria kultusz = Mv.-i KZST 1914; A r\u00e9gi j\u00f3 id\u0151kb\u0151l (Mv., 1915). Irod.: F\u00fcl\u00f6p\u2013Ferencz; Mv.-i KZST 1914<\/p>\n","protected":false},"featured_media":0,"comment_status":"open","ping_status":"closed","template":"","meta":[],"product_brand":[],"product_cat":[137],"product_tag":[],"class_list":{"0":"post-17401","1":"product","2":"type-product","3":"status-publish","5":"product_cat-maros-megyei-eletrajzi-lexikon","7":"first","8":"instock","9":"shipping-taxable","10":"product-type-simple"},"_links":{"self":[{"href":"https:\/\/uj.adatbank.ro\/lexikon\/wp-json\/wp\/v2\/product\/17401","targetHints":{"allow":["GET"]}}],"collection":[{"href":"https:\/\/uj.adatbank.ro\/lexikon\/wp-json\/wp\/v2\/product"}],"about":[{"href":"https:\/\/uj.adatbank.ro\/lexikon\/wp-json\/wp\/v2\/types\/product"}],"replies":[{"embeddable":true,"href":"https:\/\/uj.adatbank.ro\/lexikon\/wp-json\/wp\/v2\/comments?post=17401"}],"wp:attachment":[{"href":"https:\/\/uj.adatbank.ro\/lexikon\/wp-json\/wp\/v2\/media?parent=17401"}],"wp:term":[{"taxonomy":"product_brand","embeddable":true,"href":"https:\/\/uj.adatbank.ro\/lexikon\/wp-json\/wp\/v2\/product_brand?post=17401"},{"taxonomy":"product_cat","embeddable":true,"href":"https:\/\/uj.adatbank.ro\/lexikon\/wp-json\/wp\/v2\/product_cat?post=17401"},{"taxonomy":"product_tag","embeddable":true,"href":"https:\/\/uj.adatbank.ro\/lexikon\/wp-json\/wp\/v2\/product_tag?post=17401"}],"curies":[{"name":"wp","href":"https:\/\/api.w.org\/{rel}","templated":true}]}}