{"id":17403,"date":"2025-07-16T10:13:22","date_gmt":"2025-07-16T08:13:22","guid":{"rendered":"https:\/\/uj.adatbank.ro\/lexikon\/termek\/palffy-jozsef\/"},"modified":"2025-07-16T10:13:22","modified_gmt":"2025-07-16T08:13:22","slug":"palffy-jozsef","status":"publish","type":"product","link":"https:\/\/uj.adatbank.ro\/lexikon\/termek\/palffy-jozsef\/","title":{"rendered":"P\u00c1LFFY J\u00f3zsef"},"content":{"rendered":"<p>? \u2020\u00a0?: gr., orsz\u00e1gg\u0171l\u00e9si k\u00f6vet. \u2013 K\u00fck\u00fcll\u0151 megye k\u00f6vete az erd\u00e9lyi ogy.-en (1841\u201343), itt inditv\u00e1nyozta egy erd\u00e9lyi gazdas\u00e1gi egyes\u00fclet alak\u00edt\u00e1s\u00e1t, akad\u00e9mia alap\u00edt\u00e1s\u00e1t (1842. j\u00fan. 21.). <br \/><strong>Irod.:<\/strong> B\u00e9nyei<\/br><\/p>\n","protected":false},"excerpt":{"rendered":"<p>? \u2020\u00a0?: gr., orsz\u00e1gg\u0171l\u00e9si k\u00f6vet. \u2013 K\u00fck\u00fcll\u0151 megye k\u00f6vete az erd\u00e9lyi ogy.-en (1841\u201343), itt inditv\u00e1nyozta egy erd\u00e9lyi gazdas\u00e1gi egyes\u00fclet alak\u00edt\u00e1s\u00e1t, akad\u00e9mia alap\u00edt\u00e1s\u00e1t (1842. j\u00fan. 21.). Irod.: B\u00e9nyei<\/p>\n","protected":false},"featured_media":0,"comment_status":"open","ping_status":"closed","template":"","meta":[],"product_brand":[],"product_cat":[137],"product_tag":[],"class_list":{"0":"post-17403","1":"product","2":"type-product","3":"status-publish","5":"product_cat-maros-megyei-eletrajzi-lexikon","7":"first","8":"instock","9":"shipping-taxable","10":"product-type-simple"},"_links":{"self":[{"href":"https:\/\/uj.adatbank.ro\/lexikon\/wp-json\/wp\/v2\/product\/17403","targetHints":{"allow":["GET"]}}],"collection":[{"href":"https:\/\/uj.adatbank.ro\/lexikon\/wp-json\/wp\/v2\/product"}],"about":[{"href":"https:\/\/uj.adatbank.ro\/lexikon\/wp-json\/wp\/v2\/types\/product"}],"replies":[{"embeddable":true,"href":"https:\/\/uj.adatbank.ro\/lexikon\/wp-json\/wp\/v2\/comments?post=17403"}],"wp:attachment":[{"href":"https:\/\/uj.adatbank.ro\/lexikon\/wp-json\/wp\/v2\/media?parent=17403"}],"wp:term":[{"taxonomy":"product_brand","embeddable":true,"href":"https:\/\/uj.adatbank.ro\/lexikon\/wp-json\/wp\/v2\/product_brand?post=17403"},{"taxonomy":"product_cat","embeddable":true,"href":"https:\/\/uj.adatbank.ro\/lexikon\/wp-json\/wp\/v2\/product_cat?post=17403"},{"taxonomy":"product_tag","embeddable":true,"href":"https:\/\/uj.adatbank.ro\/lexikon\/wp-json\/wp\/v2\/product_tag?post=17403"}],"curies":[{"name":"wp","href":"https:\/\/api.w.org\/{rel}","templated":true}]}}