{"id":17404,"date":"2025-07-16T10:13:25","date_gmt":"2025-07-16T08:13:25","guid":{"rendered":"https:\/\/uj.adatbank.ro\/lexikon\/termek\/palffy-jozsef-2\/"},"modified":"2025-07-16T10:13:25","modified_gmt":"2025-07-16T08:13:25","slug":"palffy-jozsef-2","status":"publish","type":"product","link":"https:\/\/uj.adatbank.ro\/lexikon\/termek\/palffy-jozsef-2\/","title":{"rendered":"P\u00c1LFFY J\u00f3zsef"},"content":{"rendered":"<p>Cser\u00e9pfalva, 1916. okt. 17., \u2020\u00a0Gyergy\u00f3szentmikl\u00f3s, 2005. nov. 20.: r. k. pap. \u2013 Sz\u00e9kelyudvarhellyen, Gyulafeh\u00e9rv\u00e1ron \u00e9s Kv.-on v\u00e9gezte. Kv.-on szentelt\u00e9k papp\u00e1 (1943. j\u00fan. 6.). K\u00e1pl\u00e1n Gelenc\u00e9n, Ditr\u00f3ban, Cs\u00edkszentsimon-Csat\u00f3szegen, Beszterc\u00e9n. Pl\u00e9b\u00e1nos B\u00e1toson (1949\u201365), a securitate megfigyeltette (1951. k.\u2013), mert nagy hat\u00e1ssal volt a falu lak\u00f3ss\u00e1g\u00e1ra. Nagyerny\u00e9n (1965\u201372), Erzs\u00e9betb\u00e1ny\u00e1n, Farkaslak\u00e1n (1987\u2013), nyugd\u00edjazt\u00e1k (1992). <br \/><strong>Irod.:<\/strong> Bartos 2012; Ferenczi S\u00e1ndor 2009; Maros-k\u00fck\u00fcll\u0151i f\u0151esp.<\/br><\/p>\n","protected":false},"excerpt":{"rendered":"<p>Cser\u00e9pfalva, 1916. okt. 17., \u2020\u00a0Gyergy\u00f3szentmikl\u00f3s, 2005. nov. 20.: r. k. pap. \u2013 Sz\u00e9kelyudvarhellyen, Gyulafeh\u00e9rv\u00e1ron \u00e9s Kv.-on v\u00e9gezte. Kv.-on szentelt\u00e9k papp\u00e1 (1943. j\u00fan. 6.). K\u00e1pl\u00e1n Gelenc\u00e9n, Ditr\u00f3ban, Cs\u00edkszentsimon-Csat\u00f3szegen, Beszterc\u00e9n. Pl\u00e9b\u00e1nos B\u00e1toson (1949\u201365), a securitate megfigyeltette (1951. k.\u2013), mert nagy hat\u00e1ssal volt a falu lak\u00f3ss\u00e1g\u00e1ra. Nagyerny\u00e9n (1965\u201372), Erzs\u00e9betb\u00e1ny\u00e1n, Farkaslak\u00e1n (1987\u2013), nyugd\u00edjazt\u00e1k (1992). Irod.: Bartos 2012; Ferenczi S\u00e1ndor [&hellip;]<\/p>\n","protected":false},"featured_media":0,"comment_status":"open","ping_status":"closed","template":"","meta":[],"product_brand":[],"product_cat":[137],"product_tag":[],"class_list":{"0":"post-17404","1":"product","2":"type-product","3":"status-publish","5":"product_cat-maros-megyei-eletrajzi-lexikon","7":"first","8":"instock","9":"shipping-taxable","10":"product-type-simple"},"_links":{"self":[{"href":"https:\/\/uj.adatbank.ro\/lexikon\/wp-json\/wp\/v2\/product\/17404","targetHints":{"allow":["GET"]}}],"collection":[{"href":"https:\/\/uj.adatbank.ro\/lexikon\/wp-json\/wp\/v2\/product"}],"about":[{"href":"https:\/\/uj.adatbank.ro\/lexikon\/wp-json\/wp\/v2\/types\/product"}],"replies":[{"embeddable":true,"href":"https:\/\/uj.adatbank.ro\/lexikon\/wp-json\/wp\/v2\/comments?post=17404"}],"wp:attachment":[{"href":"https:\/\/uj.adatbank.ro\/lexikon\/wp-json\/wp\/v2\/media?parent=17404"}],"wp:term":[{"taxonomy":"product_brand","embeddable":true,"href":"https:\/\/uj.adatbank.ro\/lexikon\/wp-json\/wp\/v2\/product_brand?post=17404"},{"taxonomy":"product_cat","embeddable":true,"href":"https:\/\/uj.adatbank.ro\/lexikon\/wp-json\/wp\/v2\/product_cat?post=17404"},{"taxonomy":"product_tag","embeddable":true,"href":"https:\/\/uj.adatbank.ro\/lexikon\/wp-json\/wp\/v2\/product_tag?post=17404"}],"curies":[{"name":"wp","href":"https:\/\/api.w.org\/{rel}","templated":true}]}}