{"id":17406,"date":"2025-07-16T10:13:28","date_gmt":"2025-07-16T08:13:28","guid":{"rendered":"https:\/\/uj.adatbank.ro\/lexikon\/termek\/palffy-jozsef-magyarsarosi\/"},"modified":"2025-07-16T10:13:28","modified_gmt":"2025-07-16T08:13:28","slug":"palffy-jozsef-magyarsarosi","status":"publish","type":"product","link":"https:\/\/uj.adatbank.ro\/lexikon\/termek\/palffy-jozsef-magyarsarosi\/","title":{"rendered":"P\u00c1LFFY J\u00f3zsef, magyars\u00e1rosi"},"content":{"rendered":"<p>Dics\u0151szentm\u00e1rton, 1883. dec. 4., \u2020 Dics\u0151szentm\u00e1rton, ?: \u00fcgyv\u00e9d. \u2013 \u00c1llamtudom\u00e1nyi doktor\u00e1tus Kv.-on (1911), Bp.-en a Statisztikai Hivatalban gyakornokoskodott. Lugoson v\u00e1rosi tan\u00e1csjegyz\u0151 (1912\u20131922), Dics\u0151szentm\u00e1rton f\u0151jegyz\u0151je (1922- ). Tagja a D\u00e1vid Ferenc Egyletnek, a Jegyz\u0151k Sz\u00f6vets\u00e9g\u00e9nek. T\u00f6bb szakcikke jelent meg k\u00f6zigazgat\u00e1si t\u00e9m\u00e1kkal. <br \/><strong>Irod.:<\/strong> Lexiconul vie\u0163ii publice.<\/br><\/p>\n","protected":false},"excerpt":{"rendered":"<p>Dics\u0151szentm\u00e1rton, 1883. dec. 4., \u2020 Dics\u0151szentm\u00e1rton, ?: \u00fcgyv\u00e9d. \u2013 \u00c1llamtudom\u00e1nyi doktor\u00e1tus Kv.-on (1911), Bp.-en a Statisztikai Hivatalban gyakornokoskodott. Lugoson v\u00e1rosi tan\u00e1csjegyz\u0151 (1912\u20131922), Dics\u0151szentm\u00e1rton f\u0151jegyz\u0151je (1922- ). Tagja a D\u00e1vid Ferenc Egyletnek, a Jegyz\u0151k Sz\u00f6vets\u00e9g\u00e9nek. T\u00f6bb szakcikke jelent meg k\u00f6zigazgat\u00e1si t\u00e9m\u00e1kkal. Irod.: Lexiconul vie\u0163ii publice.<\/p>\n","protected":false},"featured_media":0,"comment_status":"open","ping_status":"closed","template":"","meta":[],"product_brand":[],"product_cat":[137],"product_tag":[],"class_list":{"0":"post-17406","1":"product","2":"type-product","3":"status-publish","5":"product_cat-maros-megyei-eletrajzi-lexikon","7":"first","8":"instock","9":"shipping-taxable","10":"product-type-simple"},"_links":{"self":[{"href":"https:\/\/uj.adatbank.ro\/lexikon\/wp-json\/wp\/v2\/product\/17406","targetHints":{"allow":["GET"]}}],"collection":[{"href":"https:\/\/uj.adatbank.ro\/lexikon\/wp-json\/wp\/v2\/product"}],"about":[{"href":"https:\/\/uj.adatbank.ro\/lexikon\/wp-json\/wp\/v2\/types\/product"}],"replies":[{"embeddable":true,"href":"https:\/\/uj.adatbank.ro\/lexikon\/wp-json\/wp\/v2\/comments?post=17406"}],"wp:attachment":[{"href":"https:\/\/uj.adatbank.ro\/lexikon\/wp-json\/wp\/v2\/media?parent=17406"}],"wp:term":[{"taxonomy":"product_brand","embeddable":true,"href":"https:\/\/uj.adatbank.ro\/lexikon\/wp-json\/wp\/v2\/product_brand?post=17406"},{"taxonomy":"product_cat","embeddable":true,"href":"https:\/\/uj.adatbank.ro\/lexikon\/wp-json\/wp\/v2\/product_cat?post=17406"},{"taxonomy":"product_tag","embeddable":true,"href":"https:\/\/uj.adatbank.ro\/lexikon\/wp-json\/wp\/v2\/product_tag?post=17406"}],"curies":[{"name":"wp","href":"https:\/\/api.w.org\/{rel}","templated":true}]}}