{"id":17407,"date":"2025-07-16T10:13:30","date_gmt":"2025-07-16T08:13:30","guid":{"rendered":"https:\/\/uj.adatbank.ro\/lexikon\/termek\/palffy-karoly\/"},"modified":"2025-07-16T10:13:30","modified_gmt":"2025-07-16T08:13:30","slug":"palffy-karoly","status":"publish","type":"product","link":"https:\/\/uj.adatbank.ro\/lexikon\/termek\/palffy-karoly\/","title":{"rendered":"P\u00c1LFFY K\u00e1roly"},"content":{"rendered":"<p>V\u00e1rfalva, 1891., \u2020\u00a0?: vas\u00fati rakt\u00e1rnok. \u2013 Iskol\u00e1it Tord\u00e1n v\u00e9gezte, majd a vas\u00fat szolg\u00e1lat\u00e1ba \u00e1llt (1911\u2013) Mv.-en. Az els\u0151 vh.ban mint tenger\u00e9sz negyedes teljes\u00edtett szolg\u00e1latot. <br \/><strong>Irod.:<\/strong> Sz\u00e9kelyf\u00f6ld \u00ed.k.<\/br><\/p>\n","protected":false},"excerpt":{"rendered":"<p>V\u00e1rfalva, 1891., \u2020\u00a0?: vas\u00fati rakt\u00e1rnok. \u2013 Iskol\u00e1it Tord\u00e1n v\u00e9gezte, majd a vas\u00fat szolg\u00e1lat\u00e1ba \u00e1llt (1911\u2013) Mv.-en. Az els\u0151 vh.ban mint tenger\u00e9sz negyedes teljes\u00edtett szolg\u00e1latot. Irod.: Sz\u00e9kelyf\u00f6ld \u00ed.k.<\/p>\n","protected":false},"featured_media":0,"comment_status":"open","ping_status":"closed","template":"","meta":[],"product_brand":[],"product_cat":[137],"product_tag":[],"class_list":{"0":"post-17407","1":"product","2":"type-product","3":"status-publish","5":"product_cat-maros-megyei-eletrajzi-lexikon","7":"first","8":"instock","9":"shipping-taxable","10":"product-type-simple"},"_links":{"self":[{"href":"https:\/\/uj.adatbank.ro\/lexikon\/wp-json\/wp\/v2\/product\/17407","targetHints":{"allow":["GET"]}}],"collection":[{"href":"https:\/\/uj.adatbank.ro\/lexikon\/wp-json\/wp\/v2\/product"}],"about":[{"href":"https:\/\/uj.adatbank.ro\/lexikon\/wp-json\/wp\/v2\/types\/product"}],"replies":[{"embeddable":true,"href":"https:\/\/uj.adatbank.ro\/lexikon\/wp-json\/wp\/v2\/comments?post=17407"}],"wp:attachment":[{"href":"https:\/\/uj.adatbank.ro\/lexikon\/wp-json\/wp\/v2\/media?parent=17407"}],"wp:term":[{"taxonomy":"product_brand","embeddable":true,"href":"https:\/\/uj.adatbank.ro\/lexikon\/wp-json\/wp\/v2\/product_brand?post=17407"},{"taxonomy":"product_cat","embeddable":true,"href":"https:\/\/uj.adatbank.ro\/lexikon\/wp-json\/wp\/v2\/product_cat?post=17407"},{"taxonomy":"product_tag","embeddable":true,"href":"https:\/\/uj.adatbank.ro\/lexikon\/wp-json\/wp\/v2\/product_tag?post=17407"}],"curies":[{"name":"wp","href":"https:\/\/api.w.org\/{rel}","templated":true}]}}