{"id":1741,"date":"2025-06-28T11:51:44","date_gmt":"2025-06-28T09:51:44","guid":{"rendered":"https:\/\/uj.adatbank.ro\/lexikon\/termek\/albini-augustin-vasile\/"},"modified":"2025-06-28T11:51:44","modified_gmt":"2025-06-28T09:51:44","slug":"albini-augustin-vasile","status":"publish","type":"product","link":"https:\/\/uj.adatbank.ro\/lexikon\/termek\/albini-augustin-vasile\/","title":{"rendered":"ALBINI Augustin Vasile"},"content":{"rendered":"<p>Sz\u00e1szsebes, 1822, \u2020 ? : g. kat. pap, tan\u00e1r. \u2013 Gimn.-i tanulm\u00e1nyait Gyulafeh\u00e9rv\u00e1ron \u00e9s Bal\u00e1zsfalv\u00e1n, a teol\u00f3gi\u00e1t B\u00e9csben v\u00e9gezte. Bal\u00e1zsfalv\u00e1n l\u00edc.-i tan\u00e1r (1844\u201345), belekeveredett a Lemeni p\u00fcsp\u00f6k elleni perbe \u00e9s ez\u00e9rt tan\u00e1ri \u00e1ll\u00e1s\u00e1b\u00f3l felmentett\u00e9k \u00e9s kitett\u00e9k a kl\u00e9rusb\u00f3l is. Cs. \u00e9s kir. irodatiszt Dics\u0151szentm\u00e1rtonban (1854\u2013). <br \/><strong>Irod.:<\/strong> Com\u015fa\u2013Seiceanu; Jud. Alba<\/br><\/p>\n","protected":false},"excerpt":{"rendered":"<p>Sz\u00e1szsebes, 1822, \u2020 ? : g. kat. pap, tan\u00e1r. \u2013 Gimn.-i tanulm\u00e1nyait Gyulafeh\u00e9rv\u00e1ron \u00e9s Bal\u00e1zsfalv\u00e1n, a teol\u00f3gi\u00e1t B\u00e9csben v\u00e9gezte. Bal\u00e1zsfalv\u00e1n l\u00edc.-i tan\u00e1r (1844\u201345), belekeveredett a Lemeni p\u00fcsp\u00f6k elleni perbe \u00e9s ez\u00e9rt tan\u00e1ri \u00e1ll\u00e1s\u00e1b\u00f3l felmentett\u00e9k \u00e9s kitett\u00e9k a kl\u00e9rusb\u00f3l is. Cs. \u00e9s kir. irodatiszt Dics\u0151szentm\u00e1rtonban (1854\u2013). Irod.: Com\u015fa\u2013Seiceanu; Jud. Alba<\/p>\n","protected":false},"featured_media":0,"comment_status":"open","ping_status":"closed","template":"","meta":[],"product_brand":[],"product_cat":[137],"product_tag":[],"class_list":{"0":"post-1741","1":"product","2":"type-product","3":"status-publish","5":"product_cat-maros-megyei-eletrajzi-lexikon","7":"first","8":"instock","9":"shipping-taxable","10":"product-type-simple"},"_links":{"self":[{"href":"https:\/\/uj.adatbank.ro\/lexikon\/wp-json\/wp\/v2\/product\/1741","targetHints":{"allow":["GET"]}}],"collection":[{"href":"https:\/\/uj.adatbank.ro\/lexikon\/wp-json\/wp\/v2\/product"}],"about":[{"href":"https:\/\/uj.adatbank.ro\/lexikon\/wp-json\/wp\/v2\/types\/product"}],"replies":[{"embeddable":true,"href":"https:\/\/uj.adatbank.ro\/lexikon\/wp-json\/wp\/v2\/comments?post=1741"}],"wp:attachment":[{"href":"https:\/\/uj.adatbank.ro\/lexikon\/wp-json\/wp\/v2\/media?parent=1741"}],"wp:term":[{"taxonomy":"product_brand","embeddable":true,"href":"https:\/\/uj.adatbank.ro\/lexikon\/wp-json\/wp\/v2\/product_brand?post=1741"},{"taxonomy":"product_cat","embeddable":true,"href":"https:\/\/uj.adatbank.ro\/lexikon\/wp-json\/wp\/v2\/product_cat?post=1741"},{"taxonomy":"product_tag","embeddable":true,"href":"https:\/\/uj.adatbank.ro\/lexikon\/wp-json\/wp\/v2\/product_tag?post=1741"}],"curies":[{"name":"wp","href":"https:\/\/api.w.org\/{rel}","templated":true}]}}