{"id":17410,"date":"2025-07-16T10:13:37","date_gmt":"2025-07-16T08:13:37","guid":{"rendered":"https:\/\/uj.adatbank.ro\/lexikon\/termek\/palffy-mihaly-tarcsfalvi\/"},"modified":"2025-07-16T10:13:37","modified_gmt":"2025-07-16T08:13:37","slug":"palffy-mihaly-tarcsfalvi","status":"publish","type":"product","link":"https:\/\/uj.adatbank.ro\/lexikon\/termek\/palffy-mihaly-tarcsfalvi\/","title":{"rendered":"P\u00c1LFFY Mih\u00e1ly, tarcsfalvi"},"content":{"rendered":"<p>Tarcsfalva, 1843. m\u00e1j. 11., \u2020\u00a0Mv., 1908. nov. 27.: \u00fcgyv\u00e9d, h\u00edrlapszerkeszt\u0151. \u2013 A sz\u00e9kelykereszt\u00fari unit\u00e1rius algimn\u00e1ziumban kezdte tanul\u00e1s\u00e1t \u00e9s a kv.-ban v\u00e9gezte; a jogi tanfolyamot a mv.-i s a kv.-i akad\u00e9mi\u00e1n fejezte be; ugyanitt tette le a jogtudom\u00e1nyi \u00e1llamvizsg\u00e1t. \u00dcgyv\u00e9di oklevelet Bp.-en nyert (1876). Mint gyakorl\u00f3 \u00fcgyv\u00e9d Mv.-en telepedett le. Ny\u00e1r\u00e1dszered\u00e1n takar\u00e9kp\u00e9nzt\u00e1rt alap\u00edtott, melynek vez\u00e9rigazgat\u00f3ja \u00e9s jogtan\u00e1csosa volt. (1883\u2013). A Marostordamegye tiszti f\u0151\u00fcgy\u00e9szi helyettese, a marosi unit\u00e1rius esperesi k\u00f6r-jogtan\u00e1csosa s a m. unit\u00e1rius f\u0151tan\u00e1cs tagja volt. Cikke az Erd\u00e9lyi \u00edr\u00f3k Almanachj\u00e1ban (1892. Hogy lettem szerkeszt\u0151?). Alap\u00edtotta \u00e9s szerkesztette a K\u00f6z\u00e9rdek c. politikai hetilapot Mv.-en, melynek kiad\u00f3-tulajdonosa (1889. j\u00fal. 7.\u20131906) \u00e9s r\u00f6vid ideig (113\u2013119 sz. 1900) felel\u0151s szerk. volt az Egyenl\u0151s\u00e9g c. f\u00fcggetlen napilapnak. A volt barokk st\u00edlus\u00fa Tolnai-h\u00e1z a csal\u00e1d tulajdon\u00e1ba ker\u00fclt (1885-; a mai Bolyai u. 12. alatt). Fel\u00faj\u00edtva (1997\u20132005), ma a Sz\u00ednm\u0171v\u00e9szeti Egyetem \u00e9p\u00fclete. \u2013 <strong>F. m.:<\/strong> K\u00fcl\u00f6nlenyomata a K\u00f6z\u00e9rdek Botr\u00e1ny t\u00f6rv\u00e9nykez\u00e9s\u00fcnkben c. cikksorozat\u00e1nak a kv.-i esk\u00fcdsz\u00e9k t\u00e1rgyal\u00e1s\u00e1hoz (Mv., 1897). <br \/><strong>Irod.:<\/strong> Er\u0151ss; Kusz\u00e1lik \u2013 Zal\u00e1nyi; Maros megye; Popt\u0103ma\u015f\u2013M\u00f3zes; Rugonfalvi Kiss; Szinnyei<\/br><\/p>\n","protected":false},"excerpt":{"rendered":"<p>Tarcsfalva, 1843. m\u00e1j. 11., \u2020\u00a0Mv., 1908. nov. 27.: \u00fcgyv\u00e9d, h\u00edrlapszerkeszt\u0151. \u2013 A sz\u00e9kelykereszt\u00fari unit\u00e1rius algimn\u00e1ziumban kezdte tanul\u00e1s\u00e1t \u00e9s a kv.-ban v\u00e9gezte; a jogi tanfolyamot a mv.-i s a kv.-i akad\u00e9mi\u00e1n fejezte be; ugyanitt tette le a jogtudom\u00e1nyi \u00e1llamvizsg\u00e1t. \u00dcgyv\u00e9di oklevelet Bp.-en nyert (1876). Mint gyakorl\u00f3 \u00fcgyv\u00e9d Mv.-en telepedett le. Ny\u00e1r\u00e1dszered\u00e1n takar\u00e9kp\u00e9nzt\u00e1rt alap\u00edtott, melynek vez\u00e9rigazgat\u00f3ja \u00e9s [&hellip;]<\/p>\n","protected":false},"featured_media":0,"comment_status":"open","ping_status":"closed","template":"","meta":[],"product_brand":[],"product_cat":[137],"product_tag":[],"class_list":{"0":"post-17410","1":"product","2":"type-product","3":"status-publish","5":"product_cat-maros-megyei-eletrajzi-lexikon","7":"first","8":"instock","9":"shipping-taxable","10":"product-type-simple"},"_links":{"self":[{"href":"https:\/\/uj.adatbank.ro\/lexikon\/wp-json\/wp\/v2\/product\/17410","targetHints":{"allow":["GET"]}}],"collection":[{"href":"https:\/\/uj.adatbank.ro\/lexikon\/wp-json\/wp\/v2\/product"}],"about":[{"href":"https:\/\/uj.adatbank.ro\/lexikon\/wp-json\/wp\/v2\/types\/product"}],"replies":[{"embeddable":true,"href":"https:\/\/uj.adatbank.ro\/lexikon\/wp-json\/wp\/v2\/comments?post=17410"}],"wp:attachment":[{"href":"https:\/\/uj.adatbank.ro\/lexikon\/wp-json\/wp\/v2\/media?parent=17410"}],"wp:term":[{"taxonomy":"product_brand","embeddable":true,"href":"https:\/\/uj.adatbank.ro\/lexikon\/wp-json\/wp\/v2\/product_brand?post=17410"},{"taxonomy":"product_cat","embeddable":true,"href":"https:\/\/uj.adatbank.ro\/lexikon\/wp-json\/wp\/v2\/product_cat?post=17410"},{"taxonomy":"product_tag","embeddable":true,"href":"https:\/\/uj.adatbank.ro\/lexikon\/wp-json\/wp\/v2\/product_tag?post=17410"}],"curies":[{"name":"wp","href":"https:\/\/api.w.org\/{rel}","templated":true}]}}