{"id":17411,"date":"2025-07-16T10:13:38","date_gmt":"2025-07-16T08:13:38","guid":{"rendered":"https:\/\/uj.adatbank.ro\/lexikon\/termek\/palffy-olga\/"},"modified":"2025-07-16T10:13:38","modified_gmt":"2025-07-16T08:13:38","slug":"palffy-olga","status":"publish","type":"product","link":"https:\/\/uj.adatbank.ro\/lexikon\/termek\/palffy-olga\/","title":{"rendered":"P\u00c1LFFY Olga"},"content":{"rendered":"<p>1933.? \u2020 1999. m\u00e1j. 29. Mv.-en temett\u00e9k 1999. j\u00fan.28.: orvos ?. \u2013 dr. <br \/><strong>Irod.:<\/strong> [Nekrol\u00f3g] (N\u00fa., 1999. j\u00fan. 25.)<\/br><\/p>\n","protected":false},"excerpt":{"rendered":"<p>1933.? \u2020 1999. m\u00e1j. 29. Mv.-en temett\u00e9k 1999. j\u00fan.28.: orvos ?. \u2013 dr. Irod.: [Nekrol\u00f3g] (N\u00fa., 1999. j\u00fan. 25.)<\/p>\n","protected":false},"featured_media":0,"comment_status":"open","ping_status":"closed","template":"","meta":[],"product_brand":[],"product_cat":[137],"product_tag":[],"class_list":{"0":"post-17411","1":"product","2":"type-product","3":"status-publish","5":"product_cat-maros-megyei-eletrajzi-lexikon","7":"first","8":"instock","9":"shipping-taxable","10":"product-type-simple"},"_links":{"self":[{"href":"https:\/\/uj.adatbank.ro\/lexikon\/wp-json\/wp\/v2\/product\/17411","targetHints":{"allow":["GET"]}}],"collection":[{"href":"https:\/\/uj.adatbank.ro\/lexikon\/wp-json\/wp\/v2\/product"}],"about":[{"href":"https:\/\/uj.adatbank.ro\/lexikon\/wp-json\/wp\/v2\/types\/product"}],"replies":[{"embeddable":true,"href":"https:\/\/uj.adatbank.ro\/lexikon\/wp-json\/wp\/v2\/comments?post=17411"}],"wp:attachment":[{"href":"https:\/\/uj.adatbank.ro\/lexikon\/wp-json\/wp\/v2\/media?parent=17411"}],"wp:term":[{"taxonomy":"product_brand","embeddable":true,"href":"https:\/\/uj.adatbank.ro\/lexikon\/wp-json\/wp\/v2\/product_brand?post=17411"},{"taxonomy":"product_cat","embeddable":true,"href":"https:\/\/uj.adatbank.ro\/lexikon\/wp-json\/wp\/v2\/product_cat?post=17411"},{"taxonomy":"product_tag","embeddable":true,"href":"https:\/\/uj.adatbank.ro\/lexikon\/wp-json\/wp\/v2\/product_tag?post=17411"}],"curies":[{"name":"wp","href":"https:\/\/api.w.org\/{rel}","templated":true}]}}