{"id":17413,"date":"2025-07-16T10:13:42","date_gmt":"2025-07-16T08:13:42","guid":{"rendered":"https:\/\/uj.adatbank.ro\/lexikon\/termek\/palffy-zsuzsanna\/"},"modified":"2025-07-16T10:13:42","modified_gmt":"2025-07-16T08:13:42","slug":"palffy-zsuzsanna","status":"publish","type":"product","link":"https:\/\/uj.adatbank.ro\/lexikon\/termek\/palffy-zsuzsanna\/","title":{"rendered":"P\u00c1LFFY Zsuzsanna"},"content":{"rendered":"<p>Kassa, 1907. nov. 6., \u2020\u00a0?\u00a0: sz\u00edn\u00e9szn\u0151.- P\u00e1ly\u00e1j\u00e1t Erd\u00e9lyben kezdte. Felll\u00e9pett\u00a0: Dics\u0151szentm\u00e1rton, Sz\u00e1szr\u00e9genben G\u00e1sp\u00e1r Jen\u0151 t\u00e1rsulat\u00e1val (1924\u201325); Segesv\u00e1r, Mv.-en (1927\u201329) G\u00e1sp\u00e1r Jen\u0151 egy\u00fcttes\u00e9nek tagjak\u00e9nt. <br \/><strong>Irod.:<\/strong> K\u00f6t\u0151<\/br><\/p>\n","protected":false},"excerpt":{"rendered":"<p>Kassa, 1907. nov. 6., \u2020\u00a0?\u00a0: sz\u00edn\u00e9szn\u0151.- P\u00e1ly\u00e1j\u00e1t Erd\u00e9lyben kezdte. Felll\u00e9pett\u00a0: Dics\u0151szentm\u00e1rton, Sz\u00e1szr\u00e9genben G\u00e1sp\u00e1r Jen\u0151 t\u00e1rsulat\u00e1val (1924\u201325); Segesv\u00e1r, Mv.-en (1927\u201329) G\u00e1sp\u00e1r Jen\u0151 egy\u00fcttes\u00e9nek tagjak\u00e9nt. Irod.: K\u00f6t\u0151<\/p>\n","protected":false},"featured_media":0,"comment_status":"open","ping_status":"closed","template":"","meta":[],"product_brand":[],"product_cat":[137],"product_tag":[],"class_list":{"0":"post-17413","1":"product","2":"type-product","3":"status-publish","5":"product_cat-maros-megyei-eletrajzi-lexikon","7":"first","8":"instock","9":"shipping-taxable","10":"product-type-simple"},"_links":{"self":[{"href":"https:\/\/uj.adatbank.ro\/lexikon\/wp-json\/wp\/v2\/product\/17413","targetHints":{"allow":["GET"]}}],"collection":[{"href":"https:\/\/uj.adatbank.ro\/lexikon\/wp-json\/wp\/v2\/product"}],"about":[{"href":"https:\/\/uj.adatbank.ro\/lexikon\/wp-json\/wp\/v2\/types\/product"}],"replies":[{"embeddable":true,"href":"https:\/\/uj.adatbank.ro\/lexikon\/wp-json\/wp\/v2\/comments?post=17413"}],"wp:attachment":[{"href":"https:\/\/uj.adatbank.ro\/lexikon\/wp-json\/wp\/v2\/media?parent=17413"}],"wp:term":[{"taxonomy":"product_brand","embeddable":true,"href":"https:\/\/uj.adatbank.ro\/lexikon\/wp-json\/wp\/v2\/product_brand?post=17413"},{"taxonomy":"product_cat","embeddable":true,"href":"https:\/\/uj.adatbank.ro\/lexikon\/wp-json\/wp\/v2\/product_cat?post=17413"},{"taxonomy":"product_tag","embeddable":true,"href":"https:\/\/uj.adatbank.ro\/lexikon\/wp-json\/wp\/v2\/product_tag?post=17413"}],"curies":[{"name":"wp","href":"https:\/\/api.w.org\/{rel}","templated":true}]}}