{"id":17415,"date":"2025-07-16T10:13:48","date_gmt":"2025-07-16T08:13:48","guid":{"rendered":"https:\/\/uj.adatbank.ro\/lexikon\/termek\/palfi-domokos\/"},"modified":"2025-07-16T10:13:48","modified_gmt":"2025-07-16T08:13:48","slug":"palfi-domokos","status":"publish","type":"product","link":"https:\/\/uj.adatbank.ro\/lexikon\/termek\/palfi-domokos\/","title":{"rendered":"P\u00c1LFI Domokos"},"content":{"rendered":"<p>? \u2020\u00a0?: k\u0151m\u0171vesmester. \u2013 Birtokolta a Bolyai u.18 sz. alatti 26 szob\u00e1t, 4 konyh\u00e1t, 4 f\u00fcrd\u0151szob\u00e1t \u00e9s 3 \u00e9l\u00e9skamr\u00e1t mag\u00e1ba foglal\u00f3 sz\u00e1llod\u00e1nak \u00e9p\u00edtett szecesszi\u00f3s \u00e9p\u00fcletet, amelyet Bustya Lajos \u00e9p\u00edt\u00e9sz tervezett, \u00e9s 1912 m\u00e1j.-ban adtak \u00e1t. <br \/><strong>Irod.:<\/strong> Man: Tg.M. 2.<\/br><\/p>\n","protected":false},"excerpt":{"rendered":"<p>? \u2020\u00a0?: k\u0151m\u0171vesmester. \u2013 Birtokolta a Bolyai u.18 sz. alatti 26 szob\u00e1t, 4 konyh\u00e1t, 4 f\u00fcrd\u0151szob\u00e1t \u00e9s 3 \u00e9l\u00e9skamr\u00e1t mag\u00e1ba foglal\u00f3 sz\u00e1llod\u00e1nak \u00e9p\u00edtett szecesszi\u00f3s \u00e9p\u00fcletet, amelyet Bustya Lajos \u00e9p\u00edt\u00e9sz tervezett, \u00e9s 1912 m\u00e1j.-ban adtak \u00e1t. Irod.: Man: Tg.M. 2.<\/p>\n","protected":false},"featured_media":0,"comment_status":"open","ping_status":"closed","template":"","meta":[],"product_brand":[],"product_cat":[137],"product_tag":[],"class_list":{"0":"post-17415","1":"product","2":"type-product","3":"status-publish","5":"product_cat-maros-megyei-eletrajzi-lexikon","7":"first","8":"instock","9":"shipping-taxable","10":"product-type-simple"},"_links":{"self":[{"href":"https:\/\/uj.adatbank.ro\/lexikon\/wp-json\/wp\/v2\/product\/17415","targetHints":{"allow":["GET"]}}],"collection":[{"href":"https:\/\/uj.adatbank.ro\/lexikon\/wp-json\/wp\/v2\/product"}],"about":[{"href":"https:\/\/uj.adatbank.ro\/lexikon\/wp-json\/wp\/v2\/types\/product"}],"replies":[{"embeddable":true,"href":"https:\/\/uj.adatbank.ro\/lexikon\/wp-json\/wp\/v2\/comments?post=17415"}],"wp:attachment":[{"href":"https:\/\/uj.adatbank.ro\/lexikon\/wp-json\/wp\/v2\/media?parent=17415"}],"wp:term":[{"taxonomy":"product_brand","embeddable":true,"href":"https:\/\/uj.adatbank.ro\/lexikon\/wp-json\/wp\/v2\/product_brand?post=17415"},{"taxonomy":"product_cat","embeddable":true,"href":"https:\/\/uj.adatbank.ro\/lexikon\/wp-json\/wp\/v2\/product_cat?post=17415"},{"taxonomy":"product_tag","embeddable":true,"href":"https:\/\/uj.adatbank.ro\/lexikon\/wp-json\/wp\/v2\/product_tag?post=17415"}],"curies":[{"name":"wp","href":"https:\/\/api.w.org\/{rel}","templated":true}]}}