{"id":17416,"date":"2025-07-16T10:13:51","date_gmt":"2025-07-16T08:13:51","guid":{"rendered":"https:\/\/uj.adatbank.ro\/lexikon\/termek\/palfi-geza-palffi-geza\/"},"modified":"2025-07-16T10:13:51","modified_gmt":"2025-07-16T08:13:51","slug":"palfi-geza-palffi-geza","status":"publish","type":"product","link":"https:\/\/uj.adatbank.ro\/lexikon\/termek\/palfi-geza-palffi-geza\/","title":{"rendered":"P\u00c1LFI G\u00e9za, P\u00e1lffi G\u00e9za"},"content":{"rendered":"<p>M\u00e1r\u00e9falva, 1941. \u00e1pr. 14., \u2020\u00a0Mv., 1984. m\u00e1rc. 13.: r. k. pap. Sz\u00e9kelyudvarhelyen temett\u00e9k el. \u2013 P. \u00c1rp\u00e1d (1903\u20131959) f\u00f6ldm\u0171ves \u00e9s Olosz Margit (1903\u20131986) fia. Testv\u00e9rei: Gizella, Cecilia, \u00c1rp\u00e1d. \u2013 M\u00e1r\u00e9falv\u00e1n, Sz\u00e9kelyudvarhelyen \u00e9s Gyulafeh\u00e9rv\u00e1ron a Teol\u00f3gia Int\u00e9zetben tanult. Di\u00e1k\u00e9vei alatt, az irodalmi \u00f6nk\u00e9pz\u0151k\u00f6rben kifejtett tev\u00e9kenys\u00e9ge miatt, kezdte megfigyelni a Securitate. Papp\u00e1 szentelt\u00e9k (1964). K\u00e1pl\u00e1n Cs\u00edkszentdomokoson (1964\u201367) \u00e9s Mv.-en (1968. m\u00e1rc. 1.\u201371), a megfigyel\u00e9se folytat\u00f3dott. Visszah\u00edvt\u00e1k Gyulafeh\u00e9rv\u00e1rra, a K\u00e1ntoriskola hittantan\u00e1ra \u00e9s a Hittudom\u00e1nyi F\u0151iskola tan\u00e1ra. M\u00e1rton \u00c1ron p\u00fcsp\u00f6k\u00f6t arra akart\u00e1k r\u00e1venni sikertelen\u00fcl, hogy mozd\u00edtsa el lelki vezet\u0151i \u00e9s teol\u00f3giai tan\u00e1ri \u00e1ll\u00e1s\u00e1b\u00f3l. K\u00e9s\u0151bb Jakab Antal megy\u00e9sp\u00fcsp\u00f6k nevezte ki pl\u00e9b\u00e1nosnak Gyergy\u00f3alfaluba (1980. szept.\u2013), majd Sz\u00e9kelyudvarhelyre helyezte \u00e1t (1981\u2013). \u00c1polta a m. irodalom \u00e9s kult\u00fara ir\u00e1nti szeretet\u00e9t, igyekezet megszeretettni az irodalmat n\u00f6vend\u00e9keivel is. J\u00f3 sz\u00f3nok, igehirdet\u0151 \u00e9s hitoktat\u00f3 volt, vigaszt \u00e9s rem\u00e9nyt adott h\u00edveinek. B\u0171nei: a hittantan\u00edt\u00e1s, a Pro Juventute mozgalom megszervez\u00e9se (1970), kapcsolattart\u00e1s k\u00fclf\u00f6ldiekkel: igyekezet k\u00fclf\u00f6ldr\u0151l beszerezni az orsz\u00e1gban nem kaphat\u00f3 k\u00f6nyveket, oktat\u00f3i seg\u00e9deszk\u00f6z\u00f6ket, gy\u00f3gyszereket beteg h\u00edveinek. Nem fogadott el egyh\u00e1zi m\u00e9lt\u00f3s\u00e1gi (szentsz\u00e9ki tan\u00e1csos) c\u00edmet sem. Nem volt karrierista, a hamis v\u00e1dakkal nem lehetet megf\u00e9leml\u00edteni. Sokszor nyiltan elutas\u00edtotta a rendszert, meggy\u0151z\u0151d\u00e9ses antikommunista volt. Megfigyel\u00e9se, zaklat\u00e1sa folytat\u00f3dott hal\u00e1l\u00e1ig (1963\u201384). Nacionalizmus, sovinizmus, irredentizmus volt a v\u00e1d ellene. A Securitate t\u00f6bbsz\u00f6r elhurcolta \u00e9s minden esetben brut\u00e1lisan b\u00e1ntalmazta. Beteg volt m\u00e1r, amikor 1983 kar\u00e1csony\u00e1n pr\u00e9dik\u00e1ci\u00f3ja miatt a titkosrend\u0151rs\u00e9g elhurcolta. Az egyik v\u00e1ltozat szerint: Mv.-re vitt\u00e9k, a fogd\u00e1ban f\u00e9lholtra vert\u00e9k, s k\u00e9th\u00f3napi kezel\u00e9s ut\u00e1n belehalt s\u00e9r\u00fcl\u00e9seibe, a m\u00e1sik v\u00e1ltozat: s\u00falyos beteg \u00e1llapotaban utalt\u00e1k be a sz\u00e9kelyudvarhelyi k\u00f3rh\u00e1zba \u00e9s rosszabbod\u00f3 \u00e1llapota miatt vitt\u00e9k \u00e1t a mv.-i klinik\u00e1ra. M\u00e1j- \u00e9s epem\u0171t\u00e9ten esett \u00e1t, \u00e9s m\u0171t\u00e9t ut\u00e1n r\u00f6vid id\u0151re elhunyt a k\u00f3rh\u00e1z intenz\u00edv oszt\u00e1ly\u00e1n (1984. m\u00e1rc. 13.). A Securitate tisztjei k\u00f6vetkezetesen tagadt\u00e1k, hogy b\u00e1rmi k\u00f6z\u00fck is lett volna hal\u00e1l\u00e1hoz. Temet\u00e9s\u00e9n nagy t\u00f6meg vett r\u00e9szt (1984. m\u00e1rc. 15.). A P\u00e1lfi dosszi\u00e9 j\u00f3val hal\u00e1la ut\u00e1n z\u00e1r\u00f3dott le. A Securitate megfigyel\u00e9s\u00e9r\u0151l dokumnetumokat, f\u00e9nyk\u00e9peket, jegyzeteket tartalmaz\u00f3 k\u00e9t nagy dossz\u00e9t \u00e1ll\u00edtott \u00f6ssze. <br \/><strong>Irod.:<\/strong> Bartos 2012; Az eln\u00e9mult harang: Egy megfigyel\u00e9s t\u00f6rt\u00e9nete, P. G. \u00e9lete a Securitate irataiban \/ \u00d6ssze\u00e1ll\u00edtotta \u00e9s a bevezet\u0151 tanulm\u00e1nyt \u00edrta: Bodeanu, Denisa, Nov\u00e1k Csaba Zolt\u00e1n (Cs\u00edkszereda, 2011); Encyc. Hung.; Ferenczi S\u00e1ndor 2009; Fodor J\u00e1nos: A securitate munkam\u00f3dszerei (Korunk, 3. sz., 1912.); Gazda<\/br><\/p>\n","protected":false},"excerpt":{"rendered":"<p>M\u00e1r\u00e9falva, 1941. \u00e1pr. 14., \u2020\u00a0Mv., 1984. m\u00e1rc. 13.: r. k. pap. Sz\u00e9kelyudvarhelyen temett\u00e9k el. \u2013 P. \u00c1rp\u00e1d (1903\u20131959) f\u00f6ldm\u0171ves \u00e9s Olosz Margit (1903\u20131986) fia. Testv\u00e9rei: Gizella, Cecilia, \u00c1rp\u00e1d. \u2013 M\u00e1r\u00e9falv\u00e1n, Sz\u00e9kelyudvarhelyen \u00e9s Gyulafeh\u00e9rv\u00e1ron a Teol\u00f3gia Int\u00e9zetben tanult. Di\u00e1k\u00e9vei alatt, az irodalmi \u00f6nk\u00e9pz\u0151k\u00f6rben kifejtett tev\u00e9kenys\u00e9ge miatt, kezdte megfigyelni a Securitate. Papp\u00e1 szentelt\u00e9k (1964). K\u00e1pl\u00e1n Cs\u00edkszentdomokoson (1964\u201367) [&hellip;]<\/p>\n","protected":false},"featured_media":0,"comment_status":"open","ping_status":"closed","template":"","meta":[],"product_brand":[],"product_cat":[137],"product_tag":[],"class_list":{"0":"post-17416","1":"product","2":"type-product","3":"status-publish","5":"product_cat-maros-megyei-eletrajzi-lexikon","7":"first","8":"instock","9":"shipping-taxable","10":"product-type-simple"},"_links":{"self":[{"href":"https:\/\/uj.adatbank.ro\/lexikon\/wp-json\/wp\/v2\/product\/17416","targetHints":{"allow":["GET"]}}],"collection":[{"href":"https:\/\/uj.adatbank.ro\/lexikon\/wp-json\/wp\/v2\/product"}],"about":[{"href":"https:\/\/uj.adatbank.ro\/lexikon\/wp-json\/wp\/v2\/types\/product"}],"replies":[{"embeddable":true,"href":"https:\/\/uj.adatbank.ro\/lexikon\/wp-json\/wp\/v2\/comments?post=17416"}],"wp:attachment":[{"href":"https:\/\/uj.adatbank.ro\/lexikon\/wp-json\/wp\/v2\/media?parent=17416"}],"wp:term":[{"taxonomy":"product_brand","embeddable":true,"href":"https:\/\/uj.adatbank.ro\/lexikon\/wp-json\/wp\/v2\/product_brand?post=17416"},{"taxonomy":"product_cat","embeddable":true,"href":"https:\/\/uj.adatbank.ro\/lexikon\/wp-json\/wp\/v2\/product_cat?post=17416"},{"taxonomy":"product_tag","embeddable":true,"href":"https:\/\/uj.adatbank.ro\/lexikon\/wp-json\/wp\/v2\/product_tag?post=17416"}],"curies":[{"name":"wp","href":"https:\/\/api.w.org\/{rel}","templated":true}]}}