{"id":17417,"date":"2025-07-16T10:13:53","date_gmt":"2025-07-16T08:13:53","guid":{"rendered":"https:\/\/uj.adatbank.ro\/lexikon\/termek\/palfi-herman-%c2%a7\/"},"modified":"2025-07-16T10:13:53","modified_gmt":"2025-07-16T08:13:53","slug":"palfi-herman-%c2%a7","status":"publish","type":"product","link":"https:\/\/uj.adatbank.ro\/lexikon\/termek\/palfi-herman-%c2%a7\/","title":{"rendered":"P\u00c1LFI Herman, \u00a7"},"content":{"rendered":"<p>Bilak, 1883., \u2020\u00a01944.: keresked\u0151. \u2013 Mv.-en dolgozott. Bevonult katon\u00e1nak (1906). R\u00e9szt vett az I. vh.-ban (1914. aug.\u201320. j\u00fal.), az orosz fronton harcolt mint z\u00e1szl\u00f3s, megsebes\u00fclt \u00e9s fogs\u00e1gba t\u00f6lt\u00f6tt 72 h\u00f3napot. Mv.-r\u0151l deport\u00e1lt\u00e1k feles\u00e9g\u00e9vel (*1884\u2013) egy\u00fctt (1944. m\u00e1j. 29.). <br \/><strong>Irod.:<\/strong> Erd\u00e9lyi ezredek; M. hadviselt zsid\u00f3k; Mv. Zsid\u00f3s\u00e1ga; Mv.-i zsid\u00f3 temet\u0151 dok.<\/br><\/p>\n","protected":false},"excerpt":{"rendered":"<p>Bilak, 1883., \u2020\u00a01944.: keresked\u0151. \u2013 Mv.-en dolgozott. Bevonult katon\u00e1nak (1906). R\u00e9szt vett az I. vh.-ban (1914. aug.\u201320. j\u00fal.), az orosz fronton harcolt mint z\u00e1szl\u00f3s, megsebes\u00fclt \u00e9s fogs\u00e1gba t\u00f6lt\u00f6tt 72 h\u00f3napot. Mv.-r\u0151l deport\u00e1lt\u00e1k feles\u00e9g\u00e9vel (*1884\u2013) egy\u00fctt (1944. m\u00e1j. 29.). Irod.: Erd\u00e9lyi ezredek; M. hadviselt zsid\u00f3k; Mv. Zsid\u00f3s\u00e1ga; Mv.-i zsid\u00f3 temet\u0151 dok.<\/p>\n","protected":false},"featured_media":0,"comment_status":"open","ping_status":"closed","template":"","meta":[],"product_brand":[],"product_cat":[137],"product_tag":[],"class_list":{"0":"post-17417","1":"product","2":"type-product","3":"status-publish","5":"product_cat-maros-megyei-eletrajzi-lexikon","7":"first","8":"instock","9":"shipping-taxable","10":"product-type-simple"},"_links":{"self":[{"href":"https:\/\/uj.adatbank.ro\/lexikon\/wp-json\/wp\/v2\/product\/17417","targetHints":{"allow":["GET"]}}],"collection":[{"href":"https:\/\/uj.adatbank.ro\/lexikon\/wp-json\/wp\/v2\/product"}],"about":[{"href":"https:\/\/uj.adatbank.ro\/lexikon\/wp-json\/wp\/v2\/types\/product"}],"replies":[{"embeddable":true,"href":"https:\/\/uj.adatbank.ro\/lexikon\/wp-json\/wp\/v2\/comments?post=17417"}],"wp:attachment":[{"href":"https:\/\/uj.adatbank.ro\/lexikon\/wp-json\/wp\/v2\/media?parent=17417"}],"wp:term":[{"taxonomy":"product_brand","embeddable":true,"href":"https:\/\/uj.adatbank.ro\/lexikon\/wp-json\/wp\/v2\/product_brand?post=17417"},{"taxonomy":"product_cat","embeddable":true,"href":"https:\/\/uj.adatbank.ro\/lexikon\/wp-json\/wp\/v2\/product_cat?post=17417"},{"taxonomy":"product_tag","embeddable":true,"href":"https:\/\/uj.adatbank.ro\/lexikon\/wp-json\/wp\/v2\/product_tag?post=17417"}],"curies":[{"name":"wp","href":"https:\/\/api.w.org\/{rel}","templated":true}]}}