{"id":17419,"date":"2025-07-16T10:13:58","date_gmt":"2025-07-16T08:13:58","guid":{"rendered":"https:\/\/uj.adatbank.ro\/lexikon\/termek\/palfi-istvan-2\/"},"modified":"2025-07-16T10:13:58","modified_gmt":"2025-07-16T08:13:58","slug":"palfi-istvan-2","status":"publish","type":"product","link":"https:\/\/uj.adatbank.ro\/lexikon\/termek\/palfi-istvan-2\/","title":{"rendered":"P\u00c1LFI Istv\u00e1n"},"content":{"rendered":"<p>1775., \u2020\u00a01846. j\u00fal. 29.: r. k. pap. \u2013 Gyulafeh\u00e9rv\u00e1ron szentelt\u00e9k papp\u00e1 (1802. \u00e1pr. 17.). K\u00e1pl\u00e1n Brass\u00f3ban.Pl\u00e9b\u00e1nos Ny\u00e1r\u00e1dk\u00f6szv\u00e9nyes-Ny\u00e1r\u00e1dremet\u00e9n (1805\u201316), Nagyerny\u00e9ben (1816\u201327), Kolozsmonostoron (1827\u2013). <br \/><strong>Irod.:<\/strong> Ferenczi S\u00e1ndor 2009<\/br><\/p>\n","protected":false},"excerpt":{"rendered":"<p>1775., \u2020\u00a01846. j\u00fal. 29.: r. k. pap. \u2013 Gyulafeh\u00e9rv\u00e1ron szentelt\u00e9k papp\u00e1 (1802. \u00e1pr. 17.). K\u00e1pl\u00e1n Brass\u00f3ban.Pl\u00e9b\u00e1nos Ny\u00e1r\u00e1dk\u00f6szv\u00e9nyes-Ny\u00e1r\u00e1dremet\u00e9n (1805\u201316), Nagyerny\u00e9ben (1816\u201327), Kolozsmonostoron (1827\u2013). Irod.: Ferenczi S\u00e1ndor 2009<\/p>\n","protected":false},"featured_media":0,"comment_status":"open","ping_status":"closed","template":"","meta":[],"product_brand":[],"product_cat":[137],"product_tag":[],"class_list":{"0":"post-17419","1":"product","2":"type-product","3":"status-publish","5":"product_cat-maros-megyei-eletrajzi-lexikon","7":"first","8":"instock","9":"shipping-taxable","10":"product-type-simple"},"_links":{"self":[{"href":"https:\/\/uj.adatbank.ro\/lexikon\/wp-json\/wp\/v2\/product\/17419","targetHints":{"allow":["GET"]}}],"collection":[{"href":"https:\/\/uj.adatbank.ro\/lexikon\/wp-json\/wp\/v2\/product"}],"about":[{"href":"https:\/\/uj.adatbank.ro\/lexikon\/wp-json\/wp\/v2\/types\/product"}],"replies":[{"embeddable":true,"href":"https:\/\/uj.adatbank.ro\/lexikon\/wp-json\/wp\/v2\/comments?post=17419"}],"wp:attachment":[{"href":"https:\/\/uj.adatbank.ro\/lexikon\/wp-json\/wp\/v2\/media?parent=17419"}],"wp:term":[{"taxonomy":"product_brand","embeddable":true,"href":"https:\/\/uj.adatbank.ro\/lexikon\/wp-json\/wp\/v2\/product_brand?post=17419"},{"taxonomy":"product_cat","embeddable":true,"href":"https:\/\/uj.adatbank.ro\/lexikon\/wp-json\/wp\/v2\/product_cat?post=17419"},{"taxonomy":"product_tag","embeddable":true,"href":"https:\/\/uj.adatbank.ro\/lexikon\/wp-json\/wp\/v2\/product_tag?post=17419"}],"curies":[{"name":"wp","href":"https:\/\/api.w.org\/{rel}","templated":true}]}}