{"id":17420,"date":"2025-07-16T10:14:01","date_gmt":"2025-07-16T08:14:01","guid":{"rendered":"https:\/\/uj.adatbank.ro\/lexikon\/termek\/palfi-janos\/"},"modified":"2025-07-16T10:14:01","modified_gmt":"2025-07-16T08:14:01","slug":"palfi-janos","status":"publish","type":"product","link":"https:\/\/uj.adatbank.ro\/lexikon\/termek\/palfi-janos\/","title":{"rendered":"P\u00c1LFI J\u00e1nos"},"content":{"rendered":"<p>1804., \u2020\u00a01857. \u00e1pr. 10.: ogy.-i k\u00f6vet. \u2013 K\u00fck\u00fcll\u0151 megye k\u00f6vete az erd\u00e9lyi ogy.-en (1841\u201343), r\u00e9szt vett a vit\u00e1kban (1842. j\u00fal. 2.). Aleln\u00f6ke a pesti ogy.-nek. A pesti parlament tagja. A forradalom ut\u00e1n el\u00edt\u00e9lt\u00e9k \u00e9s fogoly volt. Vagyon\u00e1t az akkor alakul\u00f3 Erd\u00e9lyi M\u00fazeum-Egyletnek adom\u00e1nyozta. <br \/><strong>Irod.:<\/strong> B\u00e9nyei; K\u0151v\u00e1ry L\u00e1szl\u00f3 1899<\/br><\/p>\n","protected":false},"excerpt":{"rendered":"<p>1804., \u2020\u00a01857. \u00e1pr. 10.: ogy.-i k\u00f6vet. \u2013 K\u00fck\u00fcll\u0151 megye k\u00f6vete az erd\u00e9lyi ogy.-en (1841\u201343), r\u00e9szt vett a vit\u00e1kban (1842. j\u00fal. 2.). Aleln\u00f6ke a pesti ogy.-nek. A pesti parlament tagja. A forradalom ut\u00e1n el\u00edt\u00e9lt\u00e9k \u00e9s fogoly volt. Vagyon\u00e1t az akkor alakul\u00f3 Erd\u00e9lyi M\u00fazeum-Egyletnek adom\u00e1nyozta. Irod.: B\u00e9nyei; K\u0151v\u00e1ry L\u00e1szl\u00f3 1899<\/p>\n","protected":false},"featured_media":0,"comment_status":"open","ping_status":"closed","template":"","meta":[],"product_brand":[],"product_cat":[137],"product_tag":[],"class_list":{"0":"post-17420","1":"product","2":"type-product","3":"status-publish","5":"product_cat-maros-megyei-eletrajzi-lexikon","7":"first","8":"instock","9":"shipping-taxable","10":"product-type-simple"},"_links":{"self":[{"href":"https:\/\/uj.adatbank.ro\/lexikon\/wp-json\/wp\/v2\/product\/17420","targetHints":{"allow":["GET"]}}],"collection":[{"href":"https:\/\/uj.adatbank.ro\/lexikon\/wp-json\/wp\/v2\/product"}],"about":[{"href":"https:\/\/uj.adatbank.ro\/lexikon\/wp-json\/wp\/v2\/types\/product"}],"replies":[{"embeddable":true,"href":"https:\/\/uj.adatbank.ro\/lexikon\/wp-json\/wp\/v2\/comments?post=17420"}],"wp:attachment":[{"href":"https:\/\/uj.adatbank.ro\/lexikon\/wp-json\/wp\/v2\/media?parent=17420"}],"wp:term":[{"taxonomy":"product_brand","embeddable":true,"href":"https:\/\/uj.adatbank.ro\/lexikon\/wp-json\/wp\/v2\/product_brand?post=17420"},{"taxonomy":"product_cat","embeddable":true,"href":"https:\/\/uj.adatbank.ro\/lexikon\/wp-json\/wp\/v2\/product_cat?post=17420"},{"taxonomy":"product_tag","embeddable":true,"href":"https:\/\/uj.adatbank.ro\/lexikon\/wp-json\/wp\/v2\/product_tag?post=17420"}],"curies":[{"name":"wp","href":"https:\/\/api.w.org\/{rel}","templated":true}]}}