{"id":17422,"date":"2025-07-16T10:14:04","date_gmt":"2025-07-16T08:14:04","guid":{"rendered":"https:\/\/uj.adatbank.ro\/lexikon\/termek\/palfi-jozsef\/"},"modified":"2025-07-16T10:14:04","modified_gmt":"2025-07-16T08:14:04","slug":"palfi-jozsef","status":"publish","type":"product","link":"https:\/\/uj.adatbank.ro\/lexikon\/termek\/palfi-jozsef\/","title":{"rendered":"P\u00c1LFI J\u00f3zsef"},"content":{"rendered":"<p>Tusn\u00e1d, ?, \u2020\u00a01821. dec. 17.: r. k. pap. \u2013 Kv.-on (1756\u201361) \u00e9s Gyulafeh\u00e9rv\u00e1ron tan\u00e1r (1762\u201364). K\u00e1pl\u00e1n Nagyerny\u00e9ben (1764), majd pl\u00e9b\u00e1nos (1773\u2013), nyugd\u00edjazt\u00e1k (1816). <br \/><strong>Irod.:<\/strong> Ferenczi S\u00e1ndor 2009<\/br><\/p>\n","protected":false},"excerpt":{"rendered":"<p>Tusn\u00e1d, ?, \u2020\u00a01821. dec. 17.: r. k. pap. \u2013 Kv.-on (1756\u201361) \u00e9s Gyulafeh\u00e9rv\u00e1ron tan\u00e1r (1762\u201364). K\u00e1pl\u00e1n Nagyerny\u00e9ben (1764), majd pl\u00e9b\u00e1nos (1773\u2013), nyugd\u00edjazt\u00e1k (1816). Irod.: Ferenczi S\u00e1ndor 2009<\/p>\n","protected":false},"featured_media":0,"comment_status":"open","ping_status":"closed","template":"","meta":[],"product_brand":[],"product_cat":[137],"product_tag":[],"class_list":{"0":"post-17422","1":"product","2":"type-product","3":"status-publish","5":"product_cat-maros-megyei-eletrajzi-lexikon","7":"first","8":"instock","9":"shipping-taxable","10":"product-type-simple"},"_links":{"self":[{"href":"https:\/\/uj.adatbank.ro\/lexikon\/wp-json\/wp\/v2\/product\/17422","targetHints":{"allow":["GET"]}}],"collection":[{"href":"https:\/\/uj.adatbank.ro\/lexikon\/wp-json\/wp\/v2\/product"}],"about":[{"href":"https:\/\/uj.adatbank.ro\/lexikon\/wp-json\/wp\/v2\/types\/product"}],"replies":[{"embeddable":true,"href":"https:\/\/uj.adatbank.ro\/lexikon\/wp-json\/wp\/v2\/comments?post=17422"}],"wp:attachment":[{"href":"https:\/\/uj.adatbank.ro\/lexikon\/wp-json\/wp\/v2\/media?parent=17422"}],"wp:term":[{"taxonomy":"product_brand","embeddable":true,"href":"https:\/\/uj.adatbank.ro\/lexikon\/wp-json\/wp\/v2\/product_brand?post=17422"},{"taxonomy":"product_cat","embeddable":true,"href":"https:\/\/uj.adatbank.ro\/lexikon\/wp-json\/wp\/v2\/product_cat?post=17422"},{"taxonomy":"product_tag","embeddable":true,"href":"https:\/\/uj.adatbank.ro\/lexikon\/wp-json\/wp\/v2\/product_tag?post=17422"}],"curies":[{"name":"wp","href":"https:\/\/api.w.org\/{rel}","templated":true}]}}