{"id":17423,"date":"2025-07-16T10:14:06","date_gmt":"2025-07-16T08:14:06","guid":{"rendered":"https:\/\/uj.adatbank.ro\/lexikon\/termek\/palfi-lajos-palffi-lajos\/"},"modified":"2025-07-16T10:14:06","modified_gmt":"2025-07-16T08:14:06","slug":"palfi-lajos-palffi-lajos","status":"publish","type":"product","link":"https:\/\/uj.adatbank.ro\/lexikon\/termek\/palfi-lajos-palffi-lajos\/","title":{"rendered":"P\u00c1LFI Lajos, P\u00e1lffi Lajos"},"content":{"rendered":"<p>Gagy, 1829. okt. 16., \u2020\u00a0Sz\u00e9kelykereszt\u00far, 1880 k.: tan\u00edt\u00f3, unit. lelk\u00e9sz. \u2013 Sz\u00fcl\u0151faluj\u00e1ban tanult, majd a sz\u00e9kelykereszt\u00fari gimn.-ban (1836\u201348), Kossuth-husz\u00e1rk\u00e9nt vett r\u00e9szt a szabads\u00e1gharcban, majd a kv.-i unit. f\u0151gimn.-ban tanult (1850\u20131852). Sz\u00e9kelykereaszt\u00farra nevezt\u00e9k ki tan\u00edt\u00f3nak (1857-ig). Ny\u00e1r\u00e1dszentl\u00e1szl\u00f3n lelk\u00e9sz (1857\u201359), majd Sz\u00e9kelykereszt\u00faron pap \u00e9s tan\u00e1r, tan\u00edtott k\u00f6lt\u00e9szetet, sz\u00f3noklattant \u00e9s n\u00e9met nyelvet. Lemondott (1872). Kriza J\u00e1nos n\u00e9pmesegy\u0171jt\u0151inek egyike. <br \/><strong>Irod.:<\/strong> Erd\u00e9lyi unit. 1848\u201349.; Kriza levelez\u00e9s; Ny\u00e1r\u00e1dszentl\u00e1szl\u00f3; Unit. lex.<\/br><\/p>\n","protected":false},"excerpt":{"rendered":"<p>Gagy, 1829. okt. 16., \u2020\u00a0Sz\u00e9kelykereszt\u00far, 1880 k.: tan\u00edt\u00f3, unit. lelk\u00e9sz. \u2013 Sz\u00fcl\u0151faluj\u00e1ban tanult, majd a sz\u00e9kelykereszt\u00fari gimn.-ban (1836\u201348), Kossuth-husz\u00e1rk\u00e9nt vett r\u00e9szt a szabads\u00e1gharcban, majd a kv.-i unit. f\u0151gimn.-ban tanult (1850\u20131852). Sz\u00e9kelykereaszt\u00farra nevezt\u00e9k ki tan\u00edt\u00f3nak (1857-ig). Ny\u00e1r\u00e1dszentl\u00e1szl\u00f3n lelk\u00e9sz (1857\u201359), majd Sz\u00e9kelykereszt\u00faron pap \u00e9s tan\u00e1r, tan\u00edtott k\u00f6lt\u00e9szetet, sz\u00f3noklattant \u00e9s n\u00e9met nyelvet. Lemondott (1872). Kriza J\u00e1nos n\u00e9pmesegy\u0171jt\u0151inek egyike. [&hellip;]<\/p>\n","protected":false},"featured_media":0,"comment_status":"open","ping_status":"closed","template":"","meta":[],"product_brand":[],"product_cat":[137],"product_tag":[],"class_list":{"0":"post-17423","1":"product","2":"type-product","3":"status-publish","5":"product_cat-maros-megyei-eletrajzi-lexikon","7":"first","8":"instock","9":"shipping-taxable","10":"product-type-simple"},"_links":{"self":[{"href":"https:\/\/uj.adatbank.ro\/lexikon\/wp-json\/wp\/v2\/product\/17423","targetHints":{"allow":["GET"]}}],"collection":[{"href":"https:\/\/uj.adatbank.ro\/lexikon\/wp-json\/wp\/v2\/product"}],"about":[{"href":"https:\/\/uj.adatbank.ro\/lexikon\/wp-json\/wp\/v2\/types\/product"}],"replies":[{"embeddable":true,"href":"https:\/\/uj.adatbank.ro\/lexikon\/wp-json\/wp\/v2\/comments?post=17423"}],"wp:attachment":[{"href":"https:\/\/uj.adatbank.ro\/lexikon\/wp-json\/wp\/v2\/media?parent=17423"}],"wp:term":[{"taxonomy":"product_brand","embeddable":true,"href":"https:\/\/uj.adatbank.ro\/lexikon\/wp-json\/wp\/v2\/product_brand?post=17423"},{"taxonomy":"product_cat","embeddable":true,"href":"https:\/\/uj.adatbank.ro\/lexikon\/wp-json\/wp\/v2\/product_cat?post=17423"},{"taxonomy":"product_tag","embeddable":true,"href":"https:\/\/uj.adatbank.ro\/lexikon\/wp-json\/wp\/v2\/product_tag?post=17423"}],"curies":[{"name":"wp","href":"https:\/\/api.w.org\/{rel}","templated":true}]}}