{"id":17427,"date":"2025-07-16T10:14:15","date_gmt":"2025-07-16T08:14:15","guid":{"rendered":"https:\/\/uj.adatbank.ro\/lexikon\/termek\/palfy-ferenc-francisc\/"},"modified":"2025-07-16T10:14:15","modified_gmt":"2025-07-16T08:14:15","slug":"palfy-ferenc-francisc","status":"publish","type":"product","link":"https:\/\/uj.adatbank.ro\/lexikon\/termek\/palfy-ferenc-francisc\/","title":{"rendered":"P\u00c1LFY Ferenc, Francisc"},"content":{"rendered":"<p>Mv., 1912. okt. 18., \u2020 Kv., 1991. m\u00e1j. 2.: mez\u0151gazd\u00e1sz, szak\u00edr\u00f3. \u2013 K\u00f6z\u00e9piskol\u00e1it Kv.-on a Kat. F\u0151gimn\u00e1ziumban v\u00e9gezte(1929) , majd ugyanott tan\u00e1ri oklevelet szerzett a term\u00e9szettudom\u00e1nyokb\u00f3l (1934). A II. vh.-ban tart. z\u00e1szl\u00f3si rangban vett r\u00e9szt.Tan\u00e1r Cs\u00edkszered\u00e1ban a R.K. F\u0151gimn\u00e1ziumban (1936\u201345), a kv.-on a BTE-en tan\u00edtott (1945\u201348); a Mez\u0151gazdas\u00e1gi F\u0151iskola tan\u00e1ra hal\u00e1l\u00e1ig (1948\u20131991). Cikkei f\u0151leg a n\u00f6v\u00e9nytermeszt\u00e9s k\u00f6r\u00e9b\u0151l\u00a0a Dolgoz\u00f3 N\u0151, Falvak Dolgoz\u00f3 N\u00e9pe, Korunk, Tan\u00fcgyi \u00dajs\u00e1g has\u00e1bjain. Ford\u00edtott sz\u00e1mos n\u00e9pszer\u0171s\u00edt\u0151 kiadv\u00e1nyt, a Mez\u0151gazdas\u00e1gi \u00e9s Erd\u00e9szeti \u00c1llami Kiad\u00f3 szaklektora, t\u00f6bb kiadv\u00e1ny ford\u00edt\u00f3ja.. \u2013 <strong>F. m.:<\/strong> A napf\u00e9ny a n\u00f6v\u00e9ny er\u0151forr\u00e1sa (Buk., 1956); Hogyan cs\u00edr\u00e1zik a mag (Buk., 1956); A j\u00f3l t\u00e1pl\u00e1lt n\u00f6v\u00e9ny t\u00f6bbet terem (Buk., 1957); <strong>t\u00e1rssz.:<\/strong> Serkent\u0151anyagok \u00e9s gyom\u00edrt\u00f3 szerek a n\u0151v\u00e9nytermeszt\u00e9s szolg\u00e1lat\u00e1ban Illy\u00e9s Gy\u00f6rggyel Buk., 1956). <br \/><strong>Irod.:<\/strong> Berekm\u00e9ri; RMIL<\/br><\/p>\n","protected":false},"excerpt":{"rendered":"<p>Mv., 1912. okt. 18., \u2020 Kv., 1991. m\u00e1j. 2.: mez\u0151gazd\u00e1sz, szak\u00edr\u00f3. \u2013 K\u00f6z\u00e9piskol\u00e1it Kv.-on a Kat. F\u0151gimn\u00e1ziumban v\u00e9gezte(1929) , majd ugyanott tan\u00e1ri oklevelet szerzett a term\u00e9szettudom\u00e1nyokb\u00f3l (1934). A II. vh.-ban tart. z\u00e1szl\u00f3si rangban vett r\u00e9szt.Tan\u00e1r Cs\u00edkszered\u00e1ban a R.K. F\u0151gimn\u00e1ziumban (1936\u201345), a kv.-on a BTE-en tan\u00edtott (1945\u201348); a Mez\u0151gazdas\u00e1gi F\u0151iskola tan\u00e1ra hal\u00e1l\u00e1ig (1948\u20131991). Cikkei f\u0151leg a [&hellip;]<\/p>\n","protected":false},"featured_media":0,"comment_status":"open","ping_status":"closed","template":"","meta":[],"product_brand":[],"product_cat":[137],"product_tag":[],"class_list":{"0":"post-17427","1":"product","2":"type-product","3":"status-publish","5":"product_cat-maros-megyei-eletrajzi-lexikon","7":"first","8":"instock","9":"shipping-taxable","10":"product-type-simple"},"_links":{"self":[{"href":"https:\/\/uj.adatbank.ro\/lexikon\/wp-json\/wp\/v2\/product\/17427","targetHints":{"allow":["GET"]}}],"collection":[{"href":"https:\/\/uj.adatbank.ro\/lexikon\/wp-json\/wp\/v2\/product"}],"about":[{"href":"https:\/\/uj.adatbank.ro\/lexikon\/wp-json\/wp\/v2\/types\/product"}],"replies":[{"embeddable":true,"href":"https:\/\/uj.adatbank.ro\/lexikon\/wp-json\/wp\/v2\/comments?post=17427"}],"wp:attachment":[{"href":"https:\/\/uj.adatbank.ro\/lexikon\/wp-json\/wp\/v2\/media?parent=17427"}],"wp:term":[{"taxonomy":"product_brand","embeddable":true,"href":"https:\/\/uj.adatbank.ro\/lexikon\/wp-json\/wp\/v2\/product_brand?post=17427"},{"taxonomy":"product_cat","embeddable":true,"href":"https:\/\/uj.adatbank.ro\/lexikon\/wp-json\/wp\/v2\/product_cat?post=17427"},{"taxonomy":"product_tag","embeddable":true,"href":"https:\/\/uj.adatbank.ro\/lexikon\/wp-json\/wp\/v2\/product_tag?post=17427"}],"curies":[{"name":"wp","href":"https:\/\/api.w.org\/{rel}","templated":true}]}}