{"id":17429,"date":"2025-07-16T10:14:21","date_gmt":"2025-07-16T08:14:21","guid":{"rendered":"https:\/\/uj.adatbank.ro\/lexikon\/termek\/palfy-janos\/"},"modified":"2025-07-16T10:14:21","modified_gmt":"2025-07-16T08:14:21","slug":"palfy-janos","status":"publish","type":"product","link":"https:\/\/uj.adatbank.ro\/lexikon\/termek\/palfy-janos\/","title":{"rendered":"P\u00c1LFY J\u00e1nos"},"content":{"rendered":"<p>M\u00e1r\u00e9falva, 1874. m\u00e1j.15., \u2020 Mv., 1958. nov. 6. pl\u00e9b\u00e1nos. \u2013 Tanulm\u00e1nyait Sz\u00e9kelyudvarhelyen \u00e9s Gyulafeh\u00e9rv\u00e1rt v\u00e9gezte, papp\u00e1 szentelt\u00e9k (1899). Zetelak\u00e1n, Brass\u00f3ban, Marosportuson, Mv.-en (1916), Gyulafeh\u00e9rv\u00e1ron, Marosij\u00e9n volt lelk\u00e9sz, majd Jobb\u00e1gyfalva pl\u00e9b\u00e1nosa (1918\u201358). Minden t\u00e1rsadalmi, hitbuzgalmi \u00e9s hazafias egyes\u00fclet m\u0171k\u00f6d\u00e9s\u00e9ben r\u00e9szt vett. A term\u00e9nybeszolg\u00e1ltat\u00e1sok idej\u00e9n a \u201ekul\u00e1kpl\u00e9b\u00e1nos\u201d a ny\u00e1r\u00e1dszeredai \u00e1tvev\u0151k\u00f6zp-ba vitte szek\u00e9rrel a gabon\u00e1t. \u00datk\u00f6zben, azzal az \u00fcr\u00fcggyel, hogy nincsenek rendben a pap\u00edrok, elkobozt\u00e1k a sz\u00e1ll\u00edtm\u00e1nyt, s azt nem sz\u00e1m\u00edtott\u00e1k bead\u00e1snak. 1958 nyar\u00e1n h\u00e1zkutat\u00e1st tartottak a jobb\u00e1gyfalvi pl\u00e9b-n, azut\u00e1n a mv.-i hadb\u00edr\u00f3s\u00e1g a &#8216;hat\u00f3s\u00e1g megr\u00e1galmaz\u00e1sa \u00e9s a szocialista rend megd\u00f6nt\u00e9s\u00e9re ir\u00e1nyul\u00f3 tev\u00e9kenys\u00e9g&#8217; miatt gyors\u00edtott elj\u00e1r\u00e1ssal 5 \u00e9vi b\u00f6rt\u00f6nre \u00e9s teljes vagyonelkobz\u00e1sra \u00edt\u00e9lte. B\u00e1r a kolozsv\u00e1ri f\u00f6llebbviteli t\u00e1rgyal\u00e1s el\u0151tt meghalt, \u00edt\u00e9let\u00e9t helybenhagyt\u00e1k. \u2013 <strong>F. m.:<\/strong> Ifj. kalauz. A serd\u00fcltebb ifj. haszn\u00e1lat\u00e1ra (Kv., 1928). <br \/><strong>Irod.:<\/strong> 1956 Erd\u00e9lyben; Maros-k\u00fck\u00fcll\u0151i f\u0151esp;. MKL; P\u00e1l-Antal 2013; Sz\u00e9kelyf\u00f6ld \u00ed.k.<\/br><\/p>\n","protected":false},"excerpt":{"rendered":"<p>M\u00e1r\u00e9falva, 1874. m\u00e1j.15., \u2020 Mv., 1958. nov. 6. pl\u00e9b\u00e1nos. \u2013 Tanulm\u00e1nyait Sz\u00e9kelyudvarhelyen \u00e9s Gyulafeh\u00e9rv\u00e1rt v\u00e9gezte, papp\u00e1 szentelt\u00e9k (1899). Zetelak\u00e1n, Brass\u00f3ban, Marosportuson, Mv.-en (1916), Gyulafeh\u00e9rv\u00e1ron, Marosij\u00e9n volt lelk\u00e9sz, majd Jobb\u00e1gyfalva pl\u00e9b\u00e1nosa (1918\u201358). Minden t\u00e1rsadalmi, hitbuzgalmi \u00e9s hazafias egyes\u00fclet m\u0171k\u00f6d\u00e9s\u00e9ben r\u00e9szt vett. A term\u00e9nybeszolg\u00e1ltat\u00e1sok idej\u00e9n a \u201ekul\u00e1kpl\u00e9b\u00e1nos\u201d a ny\u00e1r\u00e1dszeredai \u00e1tvev\u0151k\u00f6zp-ba vitte szek\u00e9rrel a gabon\u00e1t. \u00datk\u00f6zben, azzal az [&hellip;]<\/p>\n","protected":false},"featured_media":0,"comment_status":"open","ping_status":"closed","template":"","meta":[],"product_brand":[],"product_cat":[137],"product_tag":[],"class_list":{"0":"post-17429","1":"product","2":"type-product","3":"status-publish","5":"product_cat-maros-megyei-eletrajzi-lexikon","7":"first","8":"instock","9":"shipping-taxable","10":"product-type-simple"},"_links":{"self":[{"href":"https:\/\/uj.adatbank.ro\/lexikon\/wp-json\/wp\/v2\/product\/17429","targetHints":{"allow":["GET"]}}],"collection":[{"href":"https:\/\/uj.adatbank.ro\/lexikon\/wp-json\/wp\/v2\/product"}],"about":[{"href":"https:\/\/uj.adatbank.ro\/lexikon\/wp-json\/wp\/v2\/types\/product"}],"replies":[{"embeddable":true,"href":"https:\/\/uj.adatbank.ro\/lexikon\/wp-json\/wp\/v2\/comments?post=17429"}],"wp:attachment":[{"href":"https:\/\/uj.adatbank.ro\/lexikon\/wp-json\/wp\/v2\/media?parent=17429"}],"wp:term":[{"taxonomy":"product_brand","embeddable":true,"href":"https:\/\/uj.adatbank.ro\/lexikon\/wp-json\/wp\/v2\/product_brand?post=17429"},{"taxonomy":"product_cat","embeddable":true,"href":"https:\/\/uj.adatbank.ro\/lexikon\/wp-json\/wp\/v2\/product_cat?post=17429"},{"taxonomy":"product_tag","embeddable":true,"href":"https:\/\/uj.adatbank.ro\/lexikon\/wp-json\/wp\/v2\/product_tag?post=17429"}],"curies":[{"name":"wp","href":"https:\/\/api.w.org\/{rel}","templated":true}]}}