{"id":17431,"date":"2025-07-16T10:14:25","date_gmt":"2025-07-16T08:14:25","guid":{"rendered":"https:\/\/uj.adatbank.ro\/lexikon\/termek\/palhegyi-gyorgy\/"},"modified":"2025-07-16T10:14:25","modified_gmt":"2025-07-16T08:14:25","slug":"palhegyi-gyorgy","status":"publish","type":"product","link":"https:\/\/uj.adatbank.ro\/lexikon\/termek\/palhegyi-gyorgy\/","title":{"rendered":"P\u00c1LHEGYI Gy\u00f6rgy"},"content":{"rendered":"<p>? \u2020\u00a0?: tan\u00edt\u00f3. \u2013 Sz\u00e9kelyudvarhelyen subscrib\u00e1lt (1743) \u00e9s Nagyenyeden (1749). Bonyh\u00e1ban m\u0171k\u00f6d\u00f6tt (1755\u201358), kev\u00e9s feljegyz\u00e9s van r\u00f3la. H\u00e1rom vizit\u00e1ci\u00f3s jegyz\u0151k\u00f6nyv maradt fenn, amelyekben meg vannak el\u00e9gedve munk\u00e1j\u00e1val. A mester viszont panaszolja, h. nincs iskola helyis\u00e9g, a ker\u00edt\u00e9s is rossz \u00e1llapotban van, az egyh\u00e1z nem t\u00f6r\u0151d\u00f6tt a helyzettel. <br \/><strong>Irod.:<\/strong> Bonyha \u00e9s egyh\u00e1za; K\u00fck\u00fcll\u0151i Ref. Egyh\u00e1zm.1.<\/br><\/p>\n","protected":false},"excerpt":{"rendered":"<p>? \u2020\u00a0?: tan\u00edt\u00f3. \u2013 Sz\u00e9kelyudvarhelyen subscrib\u00e1lt (1743) \u00e9s Nagyenyeden (1749). Bonyh\u00e1ban m\u0171k\u00f6d\u00f6tt (1755\u201358), kev\u00e9s feljegyz\u00e9s van r\u00f3la. H\u00e1rom vizit\u00e1ci\u00f3s jegyz\u0151k\u00f6nyv maradt fenn, amelyekben meg vannak el\u00e9gedve munk\u00e1j\u00e1val. A mester viszont panaszolja, h. nincs iskola helyis\u00e9g, a ker\u00edt\u00e9s is rossz \u00e1llapotban van, az egyh\u00e1z nem t\u00f6r\u0151d\u00f6tt a helyzettel. Irod.: Bonyha \u00e9s egyh\u00e1za; K\u00fck\u00fcll\u0151i Ref. Egyh\u00e1zm.1.<\/p>\n","protected":false},"featured_media":0,"comment_status":"open","ping_status":"closed","template":"","meta":[],"product_brand":[],"product_cat":[137],"product_tag":[],"class_list":{"0":"post-17431","1":"product","2":"type-product","3":"status-publish","5":"product_cat-maros-megyei-eletrajzi-lexikon","7":"first","8":"instock","9":"shipping-taxable","10":"product-type-simple"},"_links":{"self":[{"href":"https:\/\/uj.adatbank.ro\/lexikon\/wp-json\/wp\/v2\/product\/17431","targetHints":{"allow":["GET"]}}],"collection":[{"href":"https:\/\/uj.adatbank.ro\/lexikon\/wp-json\/wp\/v2\/product"}],"about":[{"href":"https:\/\/uj.adatbank.ro\/lexikon\/wp-json\/wp\/v2\/types\/product"}],"replies":[{"embeddable":true,"href":"https:\/\/uj.adatbank.ro\/lexikon\/wp-json\/wp\/v2\/comments?post=17431"}],"wp:attachment":[{"href":"https:\/\/uj.adatbank.ro\/lexikon\/wp-json\/wp\/v2\/media?parent=17431"}],"wp:term":[{"taxonomy":"product_brand","embeddable":true,"href":"https:\/\/uj.adatbank.ro\/lexikon\/wp-json\/wp\/v2\/product_brand?post=17431"},{"taxonomy":"product_cat","embeddable":true,"href":"https:\/\/uj.adatbank.ro\/lexikon\/wp-json\/wp\/v2\/product_cat?post=17431"},{"taxonomy":"product_tag","embeddable":true,"href":"https:\/\/uj.adatbank.ro\/lexikon\/wp-json\/wp\/v2\/product_tag?post=17431"}],"curies":[{"name":"wp","href":"https:\/\/api.w.org\/{rel}","templated":true}]}}