{"id":17435,"date":"2025-07-16T10:14:34","date_gmt":"2025-07-16T08:14:34","guid":{"rendered":"https:\/\/uj.adatbank.ro\/lexikon\/termek\/palko-gyula-tordai\/"},"modified":"2025-07-16T10:14:34","modified_gmt":"2025-07-16T08:14:34","slug":"palko-gyula-tordai","status":"publish","type":"product","link":"https:\/\/uj.adatbank.ro\/lexikon\/termek\/palko-gyula-tordai\/","title":{"rendered":"PALK\u00d3 Gyula, tordai"},"content":{"rendered":"<p>Vajdaszentiv\u00e1ny, 1882., \u2020\u00a0Mv., 1964.: f\u00f6ldbirtokos. \u2013 Gazdas\u00e1gi szakiskol\u00e1t v\u00e9gzett Algy\u00f3gyon, majd a sz\u00fcl\u0151i h\u00e1zn\u00e1l gazd\u00e1lkodott Vajdaszentiv\u00e1nyon, Sz\u00e1szr\u00e9genben, F\u00fclp\u00f6s\u00f6n \u00e9s Beresztelk\u00e9n voltak birtokai. 545 holdon folytatott intenz\u00edv gazd\u00e1lkod\u00e1st Vajdaszentiv\u00e1nyon, k\u00fcl\u00f6nleges m. szarvasmarha teny\u00e9szete h\u00edres volt, kal\u00e1szos, kap\u00e1s n\u00f6v\u00e9nyeket, magvakat \u00e9s sz\u00f3jababot termelt. A ref. egyh\u00e1z presbitere, kamarai tag, a k\u00f6zs\u00e9gi k\u00e9pvisel\u0151test. tagja, a Sz\u00f3jabab Termeszt\u0151k szindik\u00e1tus\u00e1nak igazgat\u00f3s\u00e1gi tagaja volt. Az els\u0151 vh.-t a 12. hadoszt\u00e1lyban szolg\u00e1lta v\u00e9gig. <br \/><strong>Irod.:<\/strong> Csekme; Sz\u00e9kelyf\u00f6ld \u00ed.k.; Vajdaszentiv\u00e1ny<\/br><\/p>\n","protected":false},"excerpt":{"rendered":"<p>Vajdaszentiv\u00e1ny, 1882., \u2020\u00a0Mv., 1964.: f\u00f6ldbirtokos. \u2013 Gazdas\u00e1gi szakiskol\u00e1t v\u00e9gzett Algy\u00f3gyon, majd a sz\u00fcl\u0151i h\u00e1zn\u00e1l gazd\u00e1lkodott Vajdaszentiv\u00e1nyon, Sz\u00e1szr\u00e9genben, F\u00fclp\u00f6s\u00f6n \u00e9s Beresztelk\u00e9n voltak birtokai. 545 holdon folytatott intenz\u00edv gazd\u00e1lkod\u00e1st Vajdaszentiv\u00e1nyon, k\u00fcl\u00f6nleges m. szarvasmarha teny\u00e9szete h\u00edres volt, kal\u00e1szos, kap\u00e1s n\u00f6v\u00e9nyeket, magvakat \u00e9s sz\u00f3jababot termelt. A ref. egyh\u00e1z presbitere, kamarai tag, a k\u00f6zs\u00e9gi k\u00e9pvisel\u0151test. tagja, a Sz\u00f3jabab Termeszt\u0151k szindik\u00e1tus\u00e1nak [&hellip;]<\/p>\n","protected":false},"featured_media":0,"comment_status":"open","ping_status":"closed","template":"","meta":[],"product_brand":[],"product_cat":[137],"product_tag":[],"class_list":{"0":"post-17435","1":"product","2":"type-product","3":"status-publish","5":"product_cat-maros-megyei-eletrajzi-lexikon","7":"first","8":"instock","9":"shipping-taxable","10":"product-type-simple"},"_links":{"self":[{"href":"https:\/\/uj.adatbank.ro\/lexikon\/wp-json\/wp\/v2\/product\/17435","targetHints":{"allow":["GET"]}}],"collection":[{"href":"https:\/\/uj.adatbank.ro\/lexikon\/wp-json\/wp\/v2\/product"}],"about":[{"href":"https:\/\/uj.adatbank.ro\/lexikon\/wp-json\/wp\/v2\/types\/product"}],"replies":[{"embeddable":true,"href":"https:\/\/uj.adatbank.ro\/lexikon\/wp-json\/wp\/v2\/comments?post=17435"}],"wp:attachment":[{"href":"https:\/\/uj.adatbank.ro\/lexikon\/wp-json\/wp\/v2\/media?parent=17435"}],"wp:term":[{"taxonomy":"product_brand","embeddable":true,"href":"https:\/\/uj.adatbank.ro\/lexikon\/wp-json\/wp\/v2\/product_brand?post=17435"},{"taxonomy":"product_cat","embeddable":true,"href":"https:\/\/uj.adatbank.ro\/lexikon\/wp-json\/wp\/v2\/product_cat?post=17435"},{"taxonomy":"product_tag","embeddable":true,"href":"https:\/\/uj.adatbank.ro\/lexikon\/wp-json\/wp\/v2\/product_tag?post=17435"}],"curies":[{"name":"wp","href":"https:\/\/api.w.org\/{rel}","templated":true}]}}