{"id":17436,"date":"2025-07-16T10:14:36","date_gmt":"2025-07-16T08:14:36","guid":{"rendered":"https:\/\/uj.adatbank.ro\/lexikon\/termek\/palko-janos\/"},"modified":"2025-07-16T10:14:36","modified_gmt":"2025-07-16T08:14:36","slug":"palko-janos","status":"publish","type":"product","link":"https:\/\/uj.adatbank.ro\/lexikon\/termek\/palko-janos\/","title":{"rendered":"PALK\u00d3 J\u00e1nos"},"content":{"rendered":"<p>1886., \u2020\u00a0?: famegmunk\u00e1l\u00f3 \u00fczem tulajdonosa Sz\u00e1szr\u00e9genben. \u2013 Apja iparos. Tanulm\u00e1nyai befejez\u00e9se ut\u00e1n a szitak\u00e9reg k\u00e9sz\u00edt\u0151 mesters\u00e9get tanulta s mint ilyen nagyobb v\u00e1rosokban m\u0171k\u00f6d\u00f6tt. Sz\u00e1szr\u00e9genben \u00f6n\u00e1ll\u00f3 \u00fczeme volt (1912\u2013), amely szitak\u00e9reg, fadoboz, fahuzal, roll\u00f3 \u00e9s zsal\u00fa k\u00e9sz\u00edt\u00e9ssel foglalkozott. K\u00fclf\u00f6ld\u00f6n is \u00e9rt\u00e9kes\u00edtette term\u00e9keit\u00a0: MO, N\u00e9meto. Ausztria-ba sz\u00e1ll\u00edtott. Az iparos t\u00e1rsadalom jeles tagja volt Sz\u00e1szr\u00e9genben\u00a0: a T\u00f6rekv\u00e9s Sportegyes\u00fclet, a Magyar Iparos Olvas\u00f3k\u00f6rnek eln\u00f6ke, a MP int\u00e9z\u0151bizotts\u00e1g\u00e1nak tagja, azonkiv\u00fcl sz\u00e1mos t\u00e1rsadalmi \u00e9s kultur\u00e1lis egyes\u00fcletben tev\u00e9kenykedett. <br \/><strong>Irod.:<\/strong> Ki kicsoda\u00a0?<\/br><\/p>\n","protected":false},"excerpt":{"rendered":"<p>1886., \u2020\u00a0?: famegmunk\u00e1l\u00f3 \u00fczem tulajdonosa Sz\u00e1szr\u00e9genben. \u2013 Apja iparos. Tanulm\u00e1nyai befejez\u00e9se ut\u00e1n a szitak\u00e9reg k\u00e9sz\u00edt\u0151 mesters\u00e9get tanulta s mint ilyen nagyobb v\u00e1rosokban m\u0171k\u00f6d\u00f6tt. Sz\u00e1szr\u00e9genben \u00f6n\u00e1ll\u00f3 \u00fczeme volt (1912\u2013), amely szitak\u00e9reg, fadoboz, fahuzal, roll\u00f3 \u00e9s zsal\u00fa k\u00e9sz\u00edt\u00e9ssel foglalkozott. K\u00fclf\u00f6ld\u00f6n is \u00e9rt\u00e9kes\u00edtette term\u00e9keit\u00a0: MO, N\u00e9meto. Ausztria-ba sz\u00e1ll\u00edtott. Az iparos t\u00e1rsadalom jeles tagja volt Sz\u00e1szr\u00e9genben\u00a0: a T\u00f6rekv\u00e9s Sportegyes\u00fclet, [&hellip;]<\/p>\n","protected":false},"featured_media":0,"comment_status":"open","ping_status":"closed","template":"","meta":[],"product_brand":[],"product_cat":[137],"product_tag":[],"class_list":{"0":"post-17436","1":"product","2":"type-product","3":"status-publish","5":"product_cat-maros-megyei-eletrajzi-lexikon","7":"first","8":"instock","9":"shipping-taxable","10":"product-type-simple"},"_links":{"self":[{"href":"https:\/\/uj.adatbank.ro\/lexikon\/wp-json\/wp\/v2\/product\/17436","targetHints":{"allow":["GET"]}}],"collection":[{"href":"https:\/\/uj.adatbank.ro\/lexikon\/wp-json\/wp\/v2\/product"}],"about":[{"href":"https:\/\/uj.adatbank.ro\/lexikon\/wp-json\/wp\/v2\/types\/product"}],"replies":[{"embeddable":true,"href":"https:\/\/uj.adatbank.ro\/lexikon\/wp-json\/wp\/v2\/comments?post=17436"}],"wp:attachment":[{"href":"https:\/\/uj.adatbank.ro\/lexikon\/wp-json\/wp\/v2\/media?parent=17436"}],"wp:term":[{"taxonomy":"product_brand","embeddable":true,"href":"https:\/\/uj.adatbank.ro\/lexikon\/wp-json\/wp\/v2\/product_brand?post=17436"},{"taxonomy":"product_cat","embeddable":true,"href":"https:\/\/uj.adatbank.ro\/lexikon\/wp-json\/wp\/v2\/product_cat?post=17436"},{"taxonomy":"product_tag","embeddable":true,"href":"https:\/\/uj.adatbank.ro\/lexikon\/wp-json\/wp\/v2\/product_tag?post=17436"}],"curies":[{"name":"wp","href":"https:\/\/api.w.org\/{rel}","templated":true}]}}