{"id":17438,"date":"2025-07-16T10:14:41","date_gmt":"2025-07-16T08:14:41","guid":{"rendered":"https:\/\/uj.adatbank.ro\/lexikon\/termek\/palko-r-racz-andras\/"},"modified":"2025-07-16T10:14:41","modified_gmt":"2025-07-16T08:14:41","slug":"palko-r-racz-andras","status":"publish","type":"product","link":"https:\/\/uj.adatbank.ro\/lexikon\/termek\/palko-r-racz-andras\/","title":{"rendered":"PALK\u00d3 R. (R\u00e1cz) Andr\u00e1s"},"content":{"rendered":"<p>1860 \u2020\u00a01912: sz\u0171csmester.- M\u00f3dos gazda gyermeke Magyar\u00f3n. Marosoroszfaluban tanulta a mesters\u00e9get Alm\u00e1si nev\u0171 sz\u0171cst\u0151l, ezen k\u00edv\u00fcl m\u00e9g Kov\u00e1cs J\u00f3zsef diszanaj\u00f3i mestert\u0151l is tanult.Mesters\u00e9gbeli tud\u00e1s\u00e1t \u00e1tadta k\u00e9t fi\u00e1nak Andr\u00e1s \u00e9s J\u00f3zsefnek. <br \/><strong>Irod.:<\/strong> Magyar\u00f3 h\u00e9tk\u00fcznapjai<\/br><\/p>\n","protected":false},"excerpt":{"rendered":"<p>1860 \u2020\u00a01912: sz\u0171csmester.- M\u00f3dos gazda gyermeke Magyar\u00f3n. Marosoroszfaluban tanulta a mesters\u00e9get Alm\u00e1si nev\u0171 sz\u0171cst\u0151l, ezen k\u00edv\u00fcl m\u00e9g Kov\u00e1cs J\u00f3zsef diszanaj\u00f3i mestert\u0151l is tanult.Mesters\u00e9gbeli tud\u00e1s\u00e1t \u00e1tadta k\u00e9t fi\u00e1nak Andr\u00e1s \u00e9s J\u00f3zsefnek. Irod.: Magyar\u00f3 h\u00e9tk\u00fcznapjai<\/p>\n","protected":false},"featured_media":0,"comment_status":"open","ping_status":"closed","template":"","meta":[],"product_brand":[],"product_cat":[137],"product_tag":[],"class_list":{"0":"post-17438","1":"product","2":"type-product","3":"status-publish","5":"product_cat-maros-megyei-eletrajzi-lexikon","7":"first","8":"instock","9":"shipping-taxable","10":"product-type-simple"},"_links":{"self":[{"href":"https:\/\/uj.adatbank.ro\/lexikon\/wp-json\/wp\/v2\/product\/17438","targetHints":{"allow":["GET"]}}],"collection":[{"href":"https:\/\/uj.adatbank.ro\/lexikon\/wp-json\/wp\/v2\/product"}],"about":[{"href":"https:\/\/uj.adatbank.ro\/lexikon\/wp-json\/wp\/v2\/types\/product"}],"replies":[{"embeddable":true,"href":"https:\/\/uj.adatbank.ro\/lexikon\/wp-json\/wp\/v2\/comments?post=17438"}],"wp:attachment":[{"href":"https:\/\/uj.adatbank.ro\/lexikon\/wp-json\/wp\/v2\/media?parent=17438"}],"wp:term":[{"taxonomy":"product_brand","embeddable":true,"href":"https:\/\/uj.adatbank.ro\/lexikon\/wp-json\/wp\/v2\/product_brand?post=17438"},{"taxonomy":"product_cat","embeddable":true,"href":"https:\/\/uj.adatbank.ro\/lexikon\/wp-json\/wp\/v2\/product_cat?post=17438"},{"taxonomy":"product_tag","embeddable":true,"href":"https:\/\/uj.adatbank.ro\/lexikon\/wp-json\/wp\/v2\/product_tag?post=17438"}],"curies":[{"name":"wp","href":"https:\/\/api.w.org\/{rel}","templated":true}]}}