{"id":17439,"date":"2025-07-16T10:14:44","date_gmt":"2025-07-16T08:14:44","guid":{"rendered":"https:\/\/uj.adatbank.ro\/lexikon\/termek\/palkovits-janos\/"},"modified":"2025-07-16T10:14:44","modified_gmt":"2025-07-16T08:14:44","slug":"palkovits-janos","status":"publish","type":"product","link":"https:\/\/uj.adatbank.ro\/lexikon\/termek\/palkovits-janos\/","title":{"rendered":"PALKOVITS J\u00e1nos"},"content":{"rendered":"<p>? \u2020\u00a0?: Jezsuita hitsz\u00f3nok, tan\u00e1r. \u2013 A mv.-i r. k. altanoda \u00e9s neveldeh\u00e1z igazgat\u00f3ja (1746). <br \/><strong>Irod.:<\/strong> Id\u0151t\u00e1r 1; Kr\u00f3n. F\u00fcz. (1940, 4\/ 10); Mv.-i R.K. okt. .<\/br><\/p>\n","protected":false},"excerpt":{"rendered":"<p>? \u2020\u00a0?: Jezsuita hitsz\u00f3nok, tan\u00e1r. \u2013 A mv.-i r. k. altanoda \u00e9s neveldeh\u00e1z igazgat\u00f3ja (1746). Irod.: Id\u0151t\u00e1r 1; Kr\u00f3n. F\u00fcz. (1940, 4\/ 10); Mv.-i R.K. okt. .<\/p>\n","protected":false},"featured_media":0,"comment_status":"open","ping_status":"closed","template":"","meta":[],"product_brand":[],"product_cat":[137],"product_tag":[],"class_list":{"0":"post-17439","1":"product","2":"type-product","3":"status-publish","5":"product_cat-maros-megyei-eletrajzi-lexikon","7":"first","8":"instock","9":"shipping-taxable","10":"product-type-simple"},"_links":{"self":[{"href":"https:\/\/uj.adatbank.ro\/lexikon\/wp-json\/wp\/v2\/product\/17439","targetHints":{"allow":["GET"]}}],"collection":[{"href":"https:\/\/uj.adatbank.ro\/lexikon\/wp-json\/wp\/v2\/product"}],"about":[{"href":"https:\/\/uj.adatbank.ro\/lexikon\/wp-json\/wp\/v2\/types\/product"}],"replies":[{"embeddable":true,"href":"https:\/\/uj.adatbank.ro\/lexikon\/wp-json\/wp\/v2\/comments?post=17439"}],"wp:attachment":[{"href":"https:\/\/uj.adatbank.ro\/lexikon\/wp-json\/wp\/v2\/media?parent=17439"}],"wp:term":[{"taxonomy":"product_brand","embeddable":true,"href":"https:\/\/uj.adatbank.ro\/lexikon\/wp-json\/wp\/v2\/product_brand?post=17439"},{"taxonomy":"product_cat","embeddable":true,"href":"https:\/\/uj.adatbank.ro\/lexikon\/wp-json\/wp\/v2\/product_cat?post=17439"},{"taxonomy":"product_tag","embeddable":true,"href":"https:\/\/uj.adatbank.ro\/lexikon\/wp-json\/wp\/v2\/product_tag?post=17439"}],"curies":[{"name":"wp","href":"https:\/\/api.w.org\/{rel}","templated":true}]}}