{"id":17440,"date":"2025-07-16T10:14:45","date_gmt":"2025-07-16T08:14:45","guid":{"rendered":"https:\/\/uj.adatbank.ro\/lexikon\/termek\/pall-anna\/"},"modified":"2025-07-16T10:14:45","modified_gmt":"2025-07-16T08:14:45","slug":"pall-anna","status":"publish","type":"product","link":"https:\/\/uj.adatbank.ro\/lexikon\/termek\/pall-anna\/","title":{"rendered":"P\u00c1LL Anna"},"content":{"rendered":"<p>Fels\u0151t\u00f6k , 1929. m\u00e1j. 19., \u2020\u00a0?: tan\u00e1r, RMDSZ tiszts\u00e9gvisel\u0151. \u2013 Kv.-on v\u00e9gezte a Kozgazdas\u00e1gi egyetemet, majd a BBTE magyar-t\u00f6rt. szakot. Tan\u00edtott Mv.-en a P\u00e1nz\u00fcgyi Szakk\u00f6z\u00e9piskol\u00e1ban, m\u00e1s k\u00f6z\u00e9p \u00e9s \u00e1ltal\u00e1nos iskol\u00e1kban (1952\u201384). <br \/><strong>Irod.:<\/strong> RMKK<\/br><\/p>\n","protected":false},"excerpt":{"rendered":"<p>Fels\u0151t\u00f6k , 1929. m\u00e1j. 19., \u2020\u00a0?: tan\u00e1r, RMDSZ tiszts\u00e9gvisel\u0151. \u2013 Kv.-on v\u00e9gezte a Kozgazdas\u00e1gi egyetemet, majd a BBTE magyar-t\u00f6rt. szakot. Tan\u00edtott Mv.-en a P\u00e1nz\u00fcgyi Szakk\u00f6z\u00e9piskol\u00e1ban, m\u00e1s k\u00f6z\u00e9p \u00e9s \u00e1ltal\u00e1nos iskol\u00e1kban (1952\u201384). Irod.: RMKK<\/p>\n","protected":false},"featured_media":0,"comment_status":"open","ping_status":"closed","template":"","meta":[],"product_brand":[],"product_cat":[137],"product_tag":[],"class_list":{"0":"post-17440","1":"product","2":"type-product","3":"status-publish","5":"product_cat-maros-megyei-eletrajzi-lexikon","7":"first","8":"instock","9":"shipping-taxable","10":"product-type-simple"},"_links":{"self":[{"href":"https:\/\/uj.adatbank.ro\/lexikon\/wp-json\/wp\/v2\/product\/17440","targetHints":{"allow":["GET"]}}],"collection":[{"href":"https:\/\/uj.adatbank.ro\/lexikon\/wp-json\/wp\/v2\/product"}],"about":[{"href":"https:\/\/uj.adatbank.ro\/lexikon\/wp-json\/wp\/v2\/types\/product"}],"replies":[{"embeddable":true,"href":"https:\/\/uj.adatbank.ro\/lexikon\/wp-json\/wp\/v2\/comments?post=17440"}],"wp:attachment":[{"href":"https:\/\/uj.adatbank.ro\/lexikon\/wp-json\/wp\/v2\/media?parent=17440"}],"wp:term":[{"taxonomy":"product_brand","embeddable":true,"href":"https:\/\/uj.adatbank.ro\/lexikon\/wp-json\/wp\/v2\/product_brand?post=17440"},{"taxonomy":"product_cat","embeddable":true,"href":"https:\/\/uj.adatbank.ro\/lexikon\/wp-json\/wp\/v2\/product_cat?post=17440"},{"taxonomy":"product_tag","embeddable":true,"href":"https:\/\/uj.adatbank.ro\/lexikon\/wp-json\/wp\/v2\/product_tag?post=17440"}],"curies":[{"name":"wp","href":"https:\/\/api.w.org\/{rel}","templated":true}]}}