{"id":17441,"date":"2025-07-16T10:14:48","date_gmt":"2025-07-16T08:14:48","guid":{"rendered":"https:\/\/uj.adatbank.ro\/lexikon\/termek\/pall-arpad\/"},"modified":"2025-07-16T10:14:48","modified_gmt":"2025-07-16T08:14:48","slug":"pall-arpad","status":"publish","type":"product","link":"https:\/\/uj.adatbank.ro\/lexikon\/termek\/pall-arpad\/","title":{"rendered":"P\u00c1LL \u00c1rp\u00e1d"},"content":{"rendered":"<p>Torda, 1927. febr. 10., \u2020\u00a0Kv., 1997. m\u00e1rc. 8.: \u00edr\u00f3, sz\u00ednikritikus, sz\u00ednh\u00e1zt\u00fcrt\u00e9n\u00e9sz. A H\u00e1zsong\u00e1rdi temet\u0151ben nyugszik: \u00fajs\u00e1g\u00edr\u00f3, MURE tag Kv.-on. \u2013 A mv.-i \u00daj \u00c9let foly\u00f3\u00edrat kv.-i f\u0151munkat\u00e1rsa (1982\u201389), majd f\u0151szerkeszt\u0151- helyettese \u00e9s a hely\u00e9be l\u00e9p\u0151 Erd\u00e9lyi Figyel\u0151n\u00e9l ugyanezt a tiszts\u00e9get t\u00f6lt\u00f6tte be nyugd\u00edjba vonul\u00e1s\u00e1ig (1990\u20131992). <br \/><strong>Irod.:<\/strong> H\u00e1zsong\u00e1rd; RMIL; RMKK; S\u00fct\u0151 Andr\u00e1s: P. \u00c1. hal\u00e1l\u00e1ra (N\u00fa., 1997. m\u00e1rc. 12.); RMIL; \u00dajs\u00e1g \u00c9vk\u00f6nyv 1995.<\/br><\/p>\n","protected":false},"excerpt":{"rendered":"<p>Torda, 1927. febr. 10., \u2020\u00a0Kv., 1997. m\u00e1rc. 8.: \u00edr\u00f3, sz\u00ednikritikus, sz\u00ednh\u00e1zt\u00fcrt\u00e9n\u00e9sz. A H\u00e1zsong\u00e1rdi temet\u0151ben nyugszik: \u00fajs\u00e1g\u00edr\u00f3, MURE tag Kv.-on. \u2013 A mv.-i \u00daj \u00c9let foly\u00f3\u00edrat kv.-i f\u0151munkat\u00e1rsa (1982\u201389), majd f\u0151szerkeszt\u0151- helyettese \u00e9s a hely\u00e9be l\u00e9p\u0151 Erd\u00e9lyi Figyel\u0151n\u00e9l ugyanezt a tiszts\u00e9get t\u00f6lt\u00f6tte be nyugd\u00edjba vonul\u00e1s\u00e1ig (1990\u20131992). Irod.: H\u00e1zsong\u00e1rd; RMIL; RMKK; S\u00fct\u0151 Andr\u00e1s: P. \u00c1. hal\u00e1l\u00e1ra (N\u00fa., [&hellip;]<\/p>\n","protected":false},"featured_media":0,"comment_status":"open","ping_status":"closed","template":"","meta":[],"product_brand":[],"product_cat":[137],"product_tag":[],"class_list":{"0":"post-17441","1":"product","2":"type-product","3":"status-publish","5":"product_cat-maros-megyei-eletrajzi-lexikon","7":"first","8":"instock","9":"shipping-taxable","10":"product-type-simple"},"_links":{"self":[{"href":"https:\/\/uj.adatbank.ro\/lexikon\/wp-json\/wp\/v2\/product\/17441","targetHints":{"allow":["GET"]}}],"collection":[{"href":"https:\/\/uj.adatbank.ro\/lexikon\/wp-json\/wp\/v2\/product"}],"about":[{"href":"https:\/\/uj.adatbank.ro\/lexikon\/wp-json\/wp\/v2\/types\/product"}],"replies":[{"embeddable":true,"href":"https:\/\/uj.adatbank.ro\/lexikon\/wp-json\/wp\/v2\/comments?post=17441"}],"wp:attachment":[{"href":"https:\/\/uj.adatbank.ro\/lexikon\/wp-json\/wp\/v2\/media?parent=17441"}],"wp:term":[{"taxonomy":"product_brand","embeddable":true,"href":"https:\/\/uj.adatbank.ro\/lexikon\/wp-json\/wp\/v2\/product_brand?post=17441"},{"taxonomy":"product_cat","embeddable":true,"href":"https:\/\/uj.adatbank.ro\/lexikon\/wp-json\/wp\/v2\/product_cat?post=17441"},{"taxonomy":"product_tag","embeddable":true,"href":"https:\/\/uj.adatbank.ro\/lexikon\/wp-json\/wp\/v2\/product_tag?post=17441"}],"curies":[{"name":"wp","href":"https:\/\/api.w.org\/{rel}","templated":true}]}}