{"id":17442,"date":"2025-07-16T10:14:51","date_gmt":"2025-07-16T08:14:51","guid":{"rendered":"https:\/\/uj.adatbank.ro\/lexikon\/termek\/pall-barna\/"},"modified":"2025-07-16T10:14:51","modified_gmt":"2025-07-16T08:14:51","slug":"pall-barna","status":"publish","type":"product","link":"https:\/\/uj.adatbank.ro\/lexikon\/termek\/pall-barna\/","title":{"rendered":"P\u00c1LL Barna"},"content":{"rendered":"<p>? \u2020\u00a02001: tornatan\u00e1r. \u2013 Gernyeszegen tan\u00e1r \u00e9s iskolaigazgat\u00f3 (1980-as \u00e9vek v\u00e9g\u00e9n) Fellend\u00edtette az iskola \u00e9s a k\u00f6zs\u00e9g sport \u00e9let\u00e9t, versenyekre, sportvet\u00e9lked\u0151kre vitte a di\u00e1kokat. A feln\u0151ttek r\u00e9sz\u00e9re a l\u00e1bteniszt honos\u00edtotta meg, ma m\u00e1r a korszer\u0171 sportcsarnokban eml\u00e9k\u00e9re \u00e9venk\u00e9nti l\u00e1btenisz-eml\u00e9ktorn\u00e1t szerveznek. <br \/><strong>Irod.:<\/strong> Berekm\u00e9ri Edmond: P. B.-l\u00e1btenisz-eml\u00e9ktorna hatodszor (N\u00fa., 2018. okt. 22.)<\/br><\/p>\n","protected":false},"excerpt":{"rendered":"<p>? \u2020\u00a02001: tornatan\u00e1r. \u2013 Gernyeszegen tan\u00e1r \u00e9s iskolaigazgat\u00f3 (1980-as \u00e9vek v\u00e9g\u00e9n) Fellend\u00edtette az iskola \u00e9s a k\u00f6zs\u00e9g sport \u00e9let\u00e9t, versenyekre, sportvet\u00e9lked\u0151kre vitte a di\u00e1kokat. A feln\u0151ttek r\u00e9sz\u00e9re a l\u00e1bteniszt honos\u00edtotta meg, ma m\u00e1r a korszer\u0171 sportcsarnokban eml\u00e9k\u00e9re \u00e9venk\u00e9nti l\u00e1btenisz-eml\u00e9ktorn\u00e1t szerveznek. Irod.: Berekm\u00e9ri Edmond: P. B.-l\u00e1btenisz-eml\u00e9ktorna hatodszor (N\u00fa., 2018. okt. 22.)<\/p>\n","protected":false},"featured_media":0,"comment_status":"open","ping_status":"closed","template":"","meta":[],"product_brand":[],"product_cat":[137],"product_tag":[],"class_list":{"0":"post-17442","1":"product","2":"type-product","3":"status-publish","5":"product_cat-maros-megyei-eletrajzi-lexikon","7":"first","8":"instock","9":"shipping-taxable","10":"product-type-simple"},"_links":{"self":[{"href":"https:\/\/uj.adatbank.ro\/lexikon\/wp-json\/wp\/v2\/product\/17442","targetHints":{"allow":["GET"]}}],"collection":[{"href":"https:\/\/uj.adatbank.ro\/lexikon\/wp-json\/wp\/v2\/product"}],"about":[{"href":"https:\/\/uj.adatbank.ro\/lexikon\/wp-json\/wp\/v2\/types\/product"}],"replies":[{"embeddable":true,"href":"https:\/\/uj.adatbank.ro\/lexikon\/wp-json\/wp\/v2\/comments?post=17442"}],"wp:attachment":[{"href":"https:\/\/uj.adatbank.ro\/lexikon\/wp-json\/wp\/v2\/media?parent=17442"}],"wp:term":[{"taxonomy":"product_brand","embeddable":true,"href":"https:\/\/uj.adatbank.ro\/lexikon\/wp-json\/wp\/v2\/product_brand?post=17442"},{"taxonomy":"product_cat","embeddable":true,"href":"https:\/\/uj.adatbank.ro\/lexikon\/wp-json\/wp\/v2\/product_cat?post=17442"},{"taxonomy":"product_tag","embeddable":true,"href":"https:\/\/uj.adatbank.ro\/lexikon\/wp-json\/wp\/v2\/product_tag?post=17442"}],"curies":[{"name":"wp","href":"https:\/\/api.w.org\/{rel}","templated":true}]}}