{"id":17444,"date":"2025-07-16T10:14:56","date_gmt":"2025-07-16T08:14:56","guid":{"rendered":"https:\/\/uj.adatbank.ro\/lexikon\/termek\/pall-dezso\/"},"modified":"2025-07-16T10:14:56","modified_gmt":"2025-07-16T08:14:56","slug":"pall-dezso","status":"publish","type":"product","link":"https:\/\/uj.adatbank.ro\/lexikon\/termek\/pall-dezso\/","title":{"rendered":"P\u00c1LL Dezs\u0151"},"content":{"rendered":"<p>1919., \u2020 1995: ref. lelk\u00e9sz. \u2013 Feles\u00e9ge: G\u00fazs Erzs\u00e9bet (1923\u20131989). \u2013 Maks\u00e1n kezdte lelk\u00e9szi szolg\u00e1lat\u00e1t, mint esperesi seg\u00e9dlelk\u00e9sz (1943), Nagybaconban, Sepsiszentgy\u00f6rgy\u00f6n (1945\u2013) folytatta. Csomak\u00f6r\u00f6s lelk\u00e9sze (1946\u201356), Magyarb\u00fckk\u00f6s\u00f6n (1956\u2013), Marosludason a ref. egyh\u00e1z lelk\u00e9sze nyugd\u00edjaz\u00e1s\u00e1ig (1958\u201379). <br \/><strong>Irod.:<\/strong> Cs\u00e1ky; Szekeres Ad\u00e9l: 110 \u00e9ve szakadatlan (N\u00fa., 1998. dec. 16.)<\/br><\/p>\n","protected":false},"excerpt":{"rendered":"<p>1919., \u2020 1995: ref. lelk\u00e9sz. \u2013 Feles\u00e9ge: G\u00fazs Erzs\u00e9bet (1923\u20131989). \u2013 Maks\u00e1n kezdte lelk\u00e9szi szolg\u00e1lat\u00e1t, mint esperesi seg\u00e9dlelk\u00e9sz (1943), Nagybaconban, Sepsiszentgy\u00f6rgy\u00f6n (1945\u2013) folytatta. Csomak\u00f6r\u00f6s lelk\u00e9sze (1946\u201356), Magyarb\u00fckk\u00f6s\u00f6n (1956\u2013), Marosludason a ref. egyh\u00e1z lelk\u00e9sze nyugd\u00edjaz\u00e1s\u00e1ig (1958\u201379). Irod.: Cs\u00e1ky; Szekeres Ad\u00e9l: 110 \u00e9ve szakadatlan (N\u00fa., 1998. dec. 16.)<\/p>\n","protected":false},"featured_media":0,"comment_status":"open","ping_status":"closed","template":"","meta":[],"product_brand":[],"product_cat":[137],"product_tag":[],"class_list":{"0":"post-17444","1":"product","2":"type-product","3":"status-publish","5":"product_cat-maros-megyei-eletrajzi-lexikon","7":"first","8":"instock","9":"shipping-taxable","10":"product-type-simple"},"_links":{"self":[{"href":"https:\/\/uj.adatbank.ro\/lexikon\/wp-json\/wp\/v2\/product\/17444","targetHints":{"allow":["GET"]}}],"collection":[{"href":"https:\/\/uj.adatbank.ro\/lexikon\/wp-json\/wp\/v2\/product"}],"about":[{"href":"https:\/\/uj.adatbank.ro\/lexikon\/wp-json\/wp\/v2\/types\/product"}],"replies":[{"embeddable":true,"href":"https:\/\/uj.adatbank.ro\/lexikon\/wp-json\/wp\/v2\/comments?post=17444"}],"wp:attachment":[{"href":"https:\/\/uj.adatbank.ro\/lexikon\/wp-json\/wp\/v2\/media?parent=17444"}],"wp:term":[{"taxonomy":"product_brand","embeddable":true,"href":"https:\/\/uj.adatbank.ro\/lexikon\/wp-json\/wp\/v2\/product_brand?post=17444"},{"taxonomy":"product_cat","embeddable":true,"href":"https:\/\/uj.adatbank.ro\/lexikon\/wp-json\/wp\/v2\/product_cat?post=17444"},{"taxonomy":"product_tag","embeddable":true,"href":"https:\/\/uj.adatbank.ro\/lexikon\/wp-json\/wp\/v2\/product_tag?post=17444"}],"curies":[{"name":"wp","href":"https:\/\/api.w.org\/{rel}","templated":true}]}}