{"id":17445,"date":"2025-07-16T10:15:00","date_gmt":"2025-07-16T08:15:00","guid":{"rendered":"https:\/\/uj.adatbank.ro\/lexikon\/termek\/pall-domokos\/"},"modified":"2025-07-16T10:15:00","modified_gmt":"2025-07-16T08:15:00","slug":"pall-domokos","status":"publish","type":"product","link":"https:\/\/uj.adatbank.ro\/lexikon\/termek\/pall-domokos\/","title":{"rendered":"P\u00c1LL Domokos"},"content":{"rendered":"<p>1878., \u20201927\u00a0: sz\u00e1llodatulajdonos. \u2013 A jelenk\u00f3rban a statisztikai Hivatal sz\u00e9khelye. Vend\u00e9gei: a f\u0151isp\u00e1n Bern\u00e1dy Gy\u00f6rgy, Ady Endre, Boncza Berta, B\u00f6l\u00f6ni Gy\u00f6rgy feles\u00e9g\u00e9vel It\u00f3k\u00e1val, aki M\u00e1rkus Ottilia. A sz\u00e1lloda helyt adott \u00f6sszej\u00f6veteleknek, p\u00e1rtvacsor\u00e1knak, a Bethlen G\u00e1bor Szabadk\u00f6m\u0171ves P\u00e1holy \u00fcl\u00e9seinek (1917-ig) stb. <br \/><strong>Irod.:<\/strong> Mv.-Bal\u00e1s<\/br><\/p>\n","protected":false},"excerpt":{"rendered":"<p>1878., \u20201927\u00a0: sz\u00e1llodatulajdonos. \u2013 A jelenk\u00f3rban a statisztikai Hivatal sz\u00e9khelye. Vend\u00e9gei: a f\u0151isp\u00e1n Bern\u00e1dy Gy\u00f6rgy, Ady Endre, Boncza Berta, B\u00f6l\u00f6ni Gy\u00f6rgy feles\u00e9g\u00e9vel It\u00f3k\u00e1val, aki M\u00e1rkus Ottilia. A sz\u00e1lloda helyt adott \u00f6sszej\u00f6veteleknek, p\u00e1rtvacsor\u00e1knak, a Bethlen G\u00e1bor Szabadk\u00f6m\u0171ves P\u00e1holy \u00fcl\u00e9seinek (1917-ig) stb. Irod.: Mv.-Bal\u00e1s<\/p>\n","protected":false},"featured_media":0,"comment_status":"open","ping_status":"closed","template":"","meta":[],"product_brand":[],"product_cat":[137],"product_tag":[],"class_list":{"0":"post-17445","1":"product","2":"type-product","3":"status-publish","5":"product_cat-maros-megyei-eletrajzi-lexikon","7":"first","8":"instock","9":"shipping-taxable","10":"product-type-simple"},"_links":{"self":[{"href":"https:\/\/uj.adatbank.ro\/lexikon\/wp-json\/wp\/v2\/product\/17445","targetHints":{"allow":["GET"]}}],"collection":[{"href":"https:\/\/uj.adatbank.ro\/lexikon\/wp-json\/wp\/v2\/product"}],"about":[{"href":"https:\/\/uj.adatbank.ro\/lexikon\/wp-json\/wp\/v2\/types\/product"}],"replies":[{"embeddable":true,"href":"https:\/\/uj.adatbank.ro\/lexikon\/wp-json\/wp\/v2\/comments?post=17445"}],"wp:attachment":[{"href":"https:\/\/uj.adatbank.ro\/lexikon\/wp-json\/wp\/v2\/media?parent=17445"}],"wp:term":[{"taxonomy":"product_brand","embeddable":true,"href":"https:\/\/uj.adatbank.ro\/lexikon\/wp-json\/wp\/v2\/product_brand?post=17445"},{"taxonomy":"product_cat","embeddable":true,"href":"https:\/\/uj.adatbank.ro\/lexikon\/wp-json\/wp\/v2\/product_cat?post=17445"},{"taxonomy":"product_tag","embeddable":true,"href":"https:\/\/uj.adatbank.ro\/lexikon\/wp-json\/wp\/v2\/product_tag?post=17445"}],"curies":[{"name":"wp","href":"https:\/\/api.w.org\/{rel}","templated":true}]}}