{"id":17448,"date":"2025-07-16T10:15:09","date_gmt":"2025-07-16T08:15:09","guid":{"rendered":"https:\/\/uj.adatbank.ro\/lexikon\/termek\/pall-gusztav-paall-gusztav\/"},"modified":"2025-07-16T10:15:09","modified_gmt":"2025-07-16T08:15:09","slug":"pall-gusztav-paall-gusztav","status":"publish","type":"product","link":"https:\/\/uj.adatbank.ro\/lexikon\/termek\/pall-gusztav-paall-gusztav\/","title":{"rendered":"P\u00c1LL Guszt\u00e1v, Pa\u00e1ll Guszt\u00e1v"},"content":{"rendered":"<p>Sz\u00e1sz\u00f6rm\u00e9nyes, 1877. okt. 23., \u2020 Mv., 1956. szept. 1.: tan\u00e1r, igazgat\u00f3, szerkeszt\u0151. \u2013 Feles\u00e9ge: Iklandi Gy\u00f6rgy Ilona (\u2020 Mv., 1938. okt. 28.). Gyermekeik: P. R\u00f3zsika Horv\u00e1th Zolt\u00e1nn\u00e9; P. Zs\u00f3fi N\u00f6sner Istv\u00e1nn\u00e9. \u2013 F\u0151iskolai tanulm\u00e1nyait Kv.-on a Ferenc J\u00f3zsef TE.-en v\u00e9gezte (1900). A mv.-i Ref. Koll. tan\u00e1ra (1900. szept. 1.\u20131939.), igazgat\u00f3ja (1911\u201320. febr. 24.), amely megbizat\u00e1s\u00e1r\u00f3l s\u00falyos betegs\u00e9ge miatt mondott le, azut\u00e1n mint tan\u00e1r m\u0171k\u00f6d\u00f6tt. Nyugd\u00edjaz\u00e1sa ut\u00e1n megkapta a tiszteletbeli igazgat\u00f3i c\u00edmet, melyet \u00e9letfogytiglan viselt. A mv.-i ref. polg\u00e1ri le\u00e1nyiskola iskolasz\u00e9k\u00e9nek tagja, marosi egyh\u00e1zmegyei k\u00e9pvisel\u0151 volt. A koll\u00e9gium \u00faj \u00e9p\u00fclet\u00e9nek \u00fcnnep\u00e9lyes felavat\u00e1sakor szerepe volt abban hogy tan\u00e1r el\u0151dj\u00e9t Bolyai Farkast \u00e9s fi\u00e1t J\u00e1nos exhum\u00e1lt\u00e1k \u00e9s k\u00f6z\u00f6s s\u00edrba helyezt\u00e9k (1910), majd a s\u00edrokb\u00f3l val\u00f3 ereklyet\u00e1rgyakkal megaj\u00e1nd\u00e9kozta a k\u00e9t Bolyair\u00f3l \u00edrt Szarvasbika c. reg\u00e9ny szerz\u0151j\u00e9t Tab\u00e9ri G\u00e9z\u00e1t (1928). A Mv.-i Kaszin\u00f3 vezet\u0151s\u00e9gi tagja, titk\u00e1ra (1910\u2013). A mv.-i Nemzeti Tan\u00e1cs tagja (1918). Szerkesztette a Vas\u00e1rnap c. egyh\u00e1zt\u00e1rsadalmi hetilapot, \u00edrt cikkeket napilapokba, foly\u00f3iratokba, almanachokba. A KZST tev\u00e9keny tagja (1909\u2013), v\u00e1lasztm\u00e1nyi tag (1945\u201348); el\u0151ad\u00e1s\u00e1t Stephan Ludwig Rothr\u00f3l a KZST adta ki; szervezte a Bethlen G\u00e1bor K\u00f6rt. A Mv.-i Tan\u00e1ri K\u00f6r aleln\u00f6ke (1911). Polg\u00e1ri P\u00e1rt eln\u00f6ke (1932), d\u00edszeln\u00f6ke Bern\u00e1dy. \u2013 <strong>F. m.:<\/strong> Egyh\u00e1zt\u00e1rsadalmi \u00e9let\u00fcnk szervezet\u00e9r\u0151l \u00e9s szervez\u00e9s\u00e9r\u0151l (Mv., 1904); Stehhan Ludwig Roth (Mv., 1930); <strong>antol\u00f3g.:<\/strong> Bern\u00e1dy: Eml\u00e9ksorok 70. sz\u00fclet\u00e9snapj\u00e1ra (Mv., 1934); Mv. \u00e9s a h\u00e1bor\u00fa 1k\u00f6t. 1914\u201315 (Mv., 1915); \u00dcnnepi k\u00f6nyv :F\u00e9lsz\u00e1za\u00addos jubileuma eml\u00e9k\u00e9\u00fcl kiadta a KZST. (Mv., 1930). <br \/><strong>Irod.:<\/strong> Bern\u00e1dy; Bi\u00e1s Istv\u00e1n; Csekme; EM; Fuchs Simon: A kommunista p\u00e1rthoz vezet\u0151 \u00faton (Korunk, 10.sz., 1957); Gy\u00e1szjelent\u0151; Id\u0151t\u00e1r 2; Id\u0151t\u00e1r 3; Koszta; Kozma; Marosi-Helikon; Marosi-KZST; Molter 1., 2.; Mv.-i Almanach. 1912., Mv. t\u00f6rt. 2.; Osv\u00e1th; RMIL; Sebesty\u00e9n; Tab\u00e9ry G\u00e9za eml\u00e9kk\u00f6nyv (Kv., 1930); Mv. \u00e9s a h\u00e1bor\u00fa<\/br><\/p>\n","protected":false},"excerpt":{"rendered":"<p>Sz\u00e1sz\u00f6rm\u00e9nyes, 1877. okt. 23., \u2020 Mv., 1956. szept. 1.: tan\u00e1r, igazgat\u00f3, szerkeszt\u0151. \u2013 Feles\u00e9ge: Iklandi Gy\u00f6rgy Ilona (\u2020 Mv., 1938. okt. 28.). Gyermekeik: P. R\u00f3zsika Horv\u00e1th Zolt\u00e1nn\u00e9; P. Zs\u00f3fi N\u00f6sner Istv\u00e1nn\u00e9. \u2013 F\u0151iskolai tanulm\u00e1nyait Kv.-on a Ferenc J\u00f3zsef TE.-en v\u00e9gezte (1900). A mv.-i Ref. Koll. tan\u00e1ra (1900. szept. 1.\u20131939.), igazgat\u00f3ja (1911\u201320. febr. 24.), amely megbizat\u00e1s\u00e1r\u00f3l [&hellip;]<\/p>\n","protected":false},"featured_media":0,"comment_status":"open","ping_status":"closed","template":"","meta":[],"product_brand":[],"product_cat":[137],"product_tag":[],"class_list":{"0":"post-17448","1":"product","2":"type-product","3":"status-publish","5":"product_cat-maros-megyei-eletrajzi-lexikon","7":"first","8":"instock","9":"shipping-taxable","10":"product-type-simple"},"_links":{"self":[{"href":"https:\/\/uj.adatbank.ro\/lexikon\/wp-json\/wp\/v2\/product\/17448","targetHints":{"allow":["GET"]}}],"collection":[{"href":"https:\/\/uj.adatbank.ro\/lexikon\/wp-json\/wp\/v2\/product"}],"about":[{"href":"https:\/\/uj.adatbank.ro\/lexikon\/wp-json\/wp\/v2\/types\/product"}],"replies":[{"embeddable":true,"href":"https:\/\/uj.adatbank.ro\/lexikon\/wp-json\/wp\/v2\/comments?post=17448"}],"wp:attachment":[{"href":"https:\/\/uj.adatbank.ro\/lexikon\/wp-json\/wp\/v2\/media?parent=17448"}],"wp:term":[{"taxonomy":"product_brand","embeddable":true,"href":"https:\/\/uj.adatbank.ro\/lexikon\/wp-json\/wp\/v2\/product_brand?post=17448"},{"taxonomy":"product_cat","embeddable":true,"href":"https:\/\/uj.adatbank.ro\/lexikon\/wp-json\/wp\/v2\/product_cat?post=17448"},{"taxonomy":"product_tag","embeddable":true,"href":"https:\/\/uj.adatbank.ro\/lexikon\/wp-json\/wp\/v2\/product_tag?post=17448"}],"curies":[{"name":"wp","href":"https:\/\/api.w.org\/{rel}","templated":true}]}}