{"id":17450,"date":"2025-07-16T10:15:14","date_gmt":"2025-07-16T08:15:14","guid":{"rendered":"https:\/\/uj.adatbank.ro\/lexikon\/termek\/pall-gyula-pall-iuliu\/"},"modified":"2025-07-16T10:15:14","modified_gmt":"2025-07-16T08:15:14","slug":"pall-gyula-pall-iuliu","status":"publish","type":"product","link":"https:\/\/uj.adatbank.ro\/lexikon\/termek\/pall-gyula-pall-iuliu\/","title":{"rendered":"P\u00c1LL Gyula, P\u00e1ll Iuliu"},"content":{"rendered":"<p>?., \u2020\u00a0?: orvos. \u2013 A MOGYI \u00c1ltal\u00e1nos Orvosi Kar\u00e1n prod\u00e9k\u00e1n (1958. jan. 1.\u20131959. m\u00e1rc. 31.).A marxizmus tan\u00e1ra. <br \/><strong>Irod.:<\/strong> IMF; P\u00e9ter<\/br><\/p>\n","protected":false},"excerpt":{"rendered":"<p>?., \u2020\u00a0?: orvos. \u2013 A MOGYI \u00c1ltal\u00e1nos Orvosi Kar\u00e1n prod\u00e9k\u00e1n (1958. jan. 1.\u20131959. m\u00e1rc. 31.).A marxizmus tan\u00e1ra. Irod.: IMF; P\u00e9ter<\/p>\n","protected":false},"featured_media":0,"comment_status":"open","ping_status":"closed","template":"","meta":[],"product_brand":[],"product_cat":[137],"product_tag":[],"class_list":{"0":"post-17450","1":"product","2":"type-product","3":"status-publish","5":"product_cat-maros-megyei-eletrajzi-lexikon","7":"first","8":"instock","9":"shipping-taxable","10":"product-type-simple"},"_links":{"self":[{"href":"https:\/\/uj.adatbank.ro\/lexikon\/wp-json\/wp\/v2\/product\/17450","targetHints":{"allow":["GET"]}}],"collection":[{"href":"https:\/\/uj.adatbank.ro\/lexikon\/wp-json\/wp\/v2\/product"}],"about":[{"href":"https:\/\/uj.adatbank.ro\/lexikon\/wp-json\/wp\/v2\/types\/product"}],"replies":[{"embeddable":true,"href":"https:\/\/uj.adatbank.ro\/lexikon\/wp-json\/wp\/v2\/comments?post=17450"}],"wp:attachment":[{"href":"https:\/\/uj.adatbank.ro\/lexikon\/wp-json\/wp\/v2\/media?parent=17450"}],"wp:term":[{"taxonomy":"product_brand","embeddable":true,"href":"https:\/\/uj.adatbank.ro\/lexikon\/wp-json\/wp\/v2\/product_brand?post=17450"},{"taxonomy":"product_cat","embeddable":true,"href":"https:\/\/uj.adatbank.ro\/lexikon\/wp-json\/wp\/v2\/product_cat?post=17450"},{"taxonomy":"product_tag","embeddable":true,"href":"https:\/\/uj.adatbank.ro\/lexikon\/wp-json\/wp\/v2\/product_tag?post=17450"}],"curies":[{"name":"wp","href":"https:\/\/api.w.org\/{rel}","templated":true}]}}