{"id":17451,"date":"2025-07-16T10:15:15","date_gmt":"2025-07-16T08:15:15","guid":{"rendered":"https:\/\/uj.adatbank.ro\/lexikon\/termek\/pall-janos\/"},"modified":"2025-07-16T10:15:15","modified_gmt":"2025-07-16T08:15:15","slug":"pall-janos","status":"publish","type":"product","link":"https:\/\/uj.adatbank.ro\/lexikon\/termek\/pall-janos\/","title":{"rendered":"P\u00c1LL J\u00e1nos"},"content":{"rendered":"<p>? \u2020\u00a0?: \u00e1cs. \u2013 R\u00e9szt vett a Kir. T\u00e1bla sz\u00e9kh\u00e1z\u00e1nak jav\u00edt\u00e1si munk\u00e1lataiban. A zsindelyez\u00e9st jav\u00edtotta (1772). <br \/><strong>Irod.:<\/strong> Orb\u00e1n J\u00e1nos: A Kir. T\u00e1bla els\u0151 k\u00e9t Mv.-i sz\u00e9kh\u00e1za = St\u00edlusok, m\u0171vek, mesterek<\/br><\/p>\n","protected":false},"excerpt":{"rendered":"<p>? \u2020\u00a0?: \u00e1cs. \u2013 R\u00e9szt vett a Kir. T\u00e1bla sz\u00e9kh\u00e1z\u00e1nak jav\u00edt\u00e1si munk\u00e1lataiban. A zsindelyez\u00e9st jav\u00edtotta (1772). Irod.: Orb\u00e1n J\u00e1nos: A Kir. T\u00e1bla els\u0151 k\u00e9t Mv.-i sz\u00e9kh\u00e1za = St\u00edlusok, m\u0171vek, mesterek<\/p>\n","protected":false},"featured_media":0,"comment_status":"open","ping_status":"closed","template":"","meta":[],"product_brand":[],"product_cat":[137],"product_tag":[],"class_list":{"0":"post-17451","1":"product","2":"type-product","3":"status-publish","5":"product_cat-maros-megyei-eletrajzi-lexikon","7":"first","8":"instock","9":"shipping-taxable","10":"product-type-simple"},"_links":{"self":[{"href":"https:\/\/uj.adatbank.ro\/lexikon\/wp-json\/wp\/v2\/product\/17451","targetHints":{"allow":["GET"]}}],"collection":[{"href":"https:\/\/uj.adatbank.ro\/lexikon\/wp-json\/wp\/v2\/product"}],"about":[{"href":"https:\/\/uj.adatbank.ro\/lexikon\/wp-json\/wp\/v2\/types\/product"}],"replies":[{"embeddable":true,"href":"https:\/\/uj.adatbank.ro\/lexikon\/wp-json\/wp\/v2\/comments?post=17451"}],"wp:attachment":[{"href":"https:\/\/uj.adatbank.ro\/lexikon\/wp-json\/wp\/v2\/media?parent=17451"}],"wp:term":[{"taxonomy":"product_brand","embeddable":true,"href":"https:\/\/uj.adatbank.ro\/lexikon\/wp-json\/wp\/v2\/product_brand?post=17451"},{"taxonomy":"product_cat","embeddable":true,"href":"https:\/\/uj.adatbank.ro\/lexikon\/wp-json\/wp\/v2\/product_cat?post=17451"},{"taxonomy":"product_tag","embeddable":true,"href":"https:\/\/uj.adatbank.ro\/lexikon\/wp-json\/wp\/v2\/product_tag?post=17451"}],"curies":[{"name":"wp","href":"https:\/\/api.w.org\/{rel}","templated":true}]}}