{"id":17452,"date":"2025-07-16T10:15:19","date_gmt":"2025-07-16T08:15:19","guid":{"rendered":"https:\/\/uj.adatbank.ro\/lexikon\/termek\/pall-janos-2\/"},"modified":"2025-07-16T10:15:19","modified_gmt":"2025-07-16T08:15:19","slug":"pall-janos-2","status":"publish","type":"product","link":"https:\/\/uj.adatbank.ro\/lexikon\/termek\/pall-janos-2\/","title":{"rendered":"P\u00c1LL J\u00e1nos"},"content":{"rendered":"<p>1941., \u2020\u00a0Mv., 2009. dec. 20.: trombit\u00e1s, eszterg\u00e1lyos. \u2013 A mv.-i N\u00e9piegy\u00fcttes tagja volt, cig\u00e1nymuzsikus, trombit\u00e1s. Majd az IRA \u00e9s Elektromaros v\u00e1llalat eszterg\u00e1lyosa. <br \/><strong>Irod.:<\/strong> [Nekrol\u00f3g] (N\u00fa., 2009. dec. 21.)<\/br><\/p>\n","protected":false},"excerpt":{"rendered":"<p>1941., \u2020\u00a0Mv., 2009. dec. 20.: trombit\u00e1s, eszterg\u00e1lyos. \u2013 A mv.-i N\u00e9piegy\u00fcttes tagja volt, cig\u00e1nymuzsikus, trombit\u00e1s. Majd az IRA \u00e9s Elektromaros v\u00e1llalat eszterg\u00e1lyosa. Irod.: [Nekrol\u00f3g] (N\u00fa., 2009. dec. 21.)<\/p>\n","protected":false},"featured_media":0,"comment_status":"open","ping_status":"closed","template":"","meta":[],"product_brand":[],"product_cat":[137],"product_tag":[],"class_list":{"0":"post-17452","1":"product","2":"type-product","3":"status-publish","5":"product_cat-maros-megyei-eletrajzi-lexikon","7":"first","8":"instock","9":"shipping-taxable","10":"product-type-simple"},"_links":{"self":[{"href":"https:\/\/uj.adatbank.ro\/lexikon\/wp-json\/wp\/v2\/product\/17452","targetHints":{"allow":["GET"]}}],"collection":[{"href":"https:\/\/uj.adatbank.ro\/lexikon\/wp-json\/wp\/v2\/product"}],"about":[{"href":"https:\/\/uj.adatbank.ro\/lexikon\/wp-json\/wp\/v2\/types\/product"}],"replies":[{"embeddable":true,"href":"https:\/\/uj.adatbank.ro\/lexikon\/wp-json\/wp\/v2\/comments?post=17452"}],"wp:attachment":[{"href":"https:\/\/uj.adatbank.ro\/lexikon\/wp-json\/wp\/v2\/media?parent=17452"}],"wp:term":[{"taxonomy":"product_brand","embeddable":true,"href":"https:\/\/uj.adatbank.ro\/lexikon\/wp-json\/wp\/v2\/product_brand?post=17452"},{"taxonomy":"product_cat","embeddable":true,"href":"https:\/\/uj.adatbank.ro\/lexikon\/wp-json\/wp\/v2\/product_cat?post=17452"},{"taxonomy":"product_tag","embeddable":true,"href":"https:\/\/uj.adatbank.ro\/lexikon\/wp-json\/wp\/v2\/product_tag?post=17452"}],"curies":[{"name":"wp","href":"https:\/\/api.w.org\/{rel}","templated":true}]}}