{"id":17453,"date":"2025-07-16T10:15:21","date_gmt":"2025-07-16T08:15:21","guid":{"rendered":"https:\/\/uj.adatbank.ro\/lexikon\/termek\/pall-jozsef\/"},"modified":"2025-07-16T10:15:21","modified_gmt":"2025-07-16T08:15:21","slug":"pall-jozsef","status":"publish","type":"product","link":"https:\/\/uj.adatbank.ro\/lexikon\/termek\/pall-jozsef\/","title":{"rendered":"P\u00c1LL J\u00f3zsef"},"content":{"rendered":"<p>munk\u00e1s. \u2013 Tim\u00e1r Mv.-en. Szamos\u00fajv\u00e1ron volt politikai fogoly (1947\u201348). <br \/><strong>Irod.:<\/strong> Akik im\u00e1dkoztak 2.<\/br><\/p>\n","protected":false},"excerpt":{"rendered":"<p>munk\u00e1s. \u2013 Tim\u00e1r Mv.-en. Szamos\u00fajv\u00e1ron volt politikai fogoly (1947\u201348). Irod.: Akik im\u00e1dkoztak 2.<\/p>\n","protected":false},"featured_media":0,"comment_status":"open","ping_status":"closed","template":"","meta":[],"product_brand":[],"product_cat":[137],"product_tag":[],"class_list":{"0":"post-17453","1":"product","2":"type-product","3":"status-publish","5":"product_cat-maros-megyei-eletrajzi-lexikon","7":"first","8":"instock","9":"shipping-taxable","10":"product-type-simple"},"_links":{"self":[{"href":"https:\/\/uj.adatbank.ro\/lexikon\/wp-json\/wp\/v2\/product\/17453","targetHints":{"allow":["GET"]}}],"collection":[{"href":"https:\/\/uj.adatbank.ro\/lexikon\/wp-json\/wp\/v2\/product"}],"about":[{"href":"https:\/\/uj.adatbank.ro\/lexikon\/wp-json\/wp\/v2\/types\/product"}],"replies":[{"embeddable":true,"href":"https:\/\/uj.adatbank.ro\/lexikon\/wp-json\/wp\/v2\/comments?post=17453"}],"wp:attachment":[{"href":"https:\/\/uj.adatbank.ro\/lexikon\/wp-json\/wp\/v2\/media?parent=17453"}],"wp:term":[{"taxonomy":"product_brand","embeddable":true,"href":"https:\/\/uj.adatbank.ro\/lexikon\/wp-json\/wp\/v2\/product_brand?post=17453"},{"taxonomy":"product_cat","embeddable":true,"href":"https:\/\/uj.adatbank.ro\/lexikon\/wp-json\/wp\/v2\/product_cat?post=17453"},{"taxonomy":"product_tag","embeddable":true,"href":"https:\/\/uj.adatbank.ro\/lexikon\/wp-json\/wp\/v2\/product_tag?post=17453"}],"curies":[{"name":"wp","href":"https:\/\/api.w.org\/{rel}","templated":true}]}}