{"id":17456,"date":"2025-07-16T10:15:29","date_gmt":"2025-07-16T08:15:29","guid":{"rendered":"https:\/\/uj.adatbank.ro\/lexikon\/termek\/pall-karoly-havadi-paal-karoly\/"},"modified":"2025-07-16T10:15:29","modified_gmt":"2025-07-16T08:15:29","slug":"pall-karoly-havadi-paal-karoly","status":"publish","type":"product","link":"https:\/\/uj.adatbank.ro\/lexikon\/termek\/pall-karoly-havadi-paal-karoly\/","title":{"rendered":"P\u00c1LL K\u00e1roly, havadi; Pa\u00e1l K\u00e1roly"},"content":{"rendered":"<p>1848.?, \u2020 1917.: tan\u00e1r. \u2013 P. Bal\u00e1zs, k\u00f6rispataki ref. lelk\u00e9sz (1815.?- K\u0151rispatak, 1906. j\u00fan.18.) \u00e9s Nagy Anna fia.Testv\u00e9re: Lajos, b\u00f6z\u00f6di ref. pap. Feles\u00e9ge: m\u00e1rkusfalvi Orb\u00e1n Etelka (1855.?. \u2020 Bp., 1942. dec. 3.). Gyermekeik: Ir\u00e9n Nagy S\u00e1ndorn\u00e9; Andor, fels\u0151 ipariskolai tan\u00e1r; Erzs\u00e9bet P\u00e1lffy Gyul\u00e1n\u00e9; Gyula f\u0151gimn. tan\u00e1r; Mariska Nagy Endr\u00e9n\u00e9; Margit; Istv\u00e1n, jogszigorl\u00f3 (1886.? \u2013 Kv., 1913. m\u00e1rc. 9.). \u2013 Mv.-en jogot tanult, Nagyenyeden teol\u00f3gi\u00e1t, Utrechtben Lipcs\u00e9ben Z\u00fcrichben matematik\u00e1t, csillag\u00e1szatot hallgatott. Oszt\u00e1lytan\u00edt\u00f3 (1869\u201370), helyettes tan\u00e1r (1873\u201374), rendes tan\u00e1r (1874\u20131908) a mv.-i Ref. Koll.-ban. Matematik\u00e1t \u00e9s f\u00f6ldrajzot tan\u00edtott. Tan\u00edtott a Mv.-i \u00d6n\u00e1ll\u00f3 Keresked\u0151 Tanonciskol\u00e1ban (1895) matematik\u00e1t. Meteor\u00f3l\u00f3giai megfigyel\u00e9seket v\u00e9gzett. Minden reggel jelentette a bp.-i Meteor\u00f3l\u00f3giai Int\u00e9zetnek a mv.-i l\u00e9gk\u00f6ri viszonyokat. A 20. sz. elej\u00e9n a koll-i k\u00f6nyvt\u00e1r seg\u00e9d\u0151re (1890\u20131901), k\u00f6nyvt\u00e1r\u00e1nak adom\u00e1nyzott 60 k\u00f6tetet, 3 t\u00e9rk\u00e9pet \u00e9s 20 db. Kossuth-bank\u00f3t (1909), majd saj\u00e1t k\u00f6nyvt\u00e1r\u00e1b\u00f3l m\u00e9g 52 k\u00f6tetet (1911), \u00e9s egy \u00e9v m\u00falva ism\u00e9t adakozott. A MT megyei \u00c1ltal\u00e1nos Tan\u00edt\u00f3test\u00fclet els\u0151 eln\u00f6ke (1878\u20131880). A helyi ev. ref. egyh\u00e1ztan\u00e1csnak, egyh\u00e1zi k\u00e9pvisel\u0151-test\u00fcletnek, az iskolasz\u00e9knek tagja; egyh\u00e1z-k\u00f6zs\u00e9gi sz\u00e1mvev\u0151, a mv.-i Kaszin\u00f3 p\u00e9nzt\u00e1rosa volt (1883\u20131908). A KMTT tagja (1875).Tan\u00fcgyi cikkeket k\u00f6z\u00f6lt a Magyar Tan\u00fcgy-ben, vegyes tartalm\u00faakat a Nemzet, Kolozsv\u00e1r, Pesti Napl\u00f3, Magyar Nyelv\u0151r, Matematikai Lapok, F\u00f6ldrajzi K\u00f6zlem\u00e9nyek, Term\u00e9szettudom\u00e1nyi K\u00f6zl\u00f6nyben. <br \/><strong>Irod.:<\/strong> Bi\u00e1s Istv\u00e1n; Eml\u00e9kk\u00f6nyv, Eml\u00e9kk\u00f6nyv a K. M. Term\u00e9szettudom\u00e1nyi T\u00e1rsulat f\u00e9lsz\u00e1zados jubileum\u00e1n (Bp., 1892); Eml\u00e9kk\u00f6nyv; Az erd\u00e9lyi ev. ref. egyh\u00e1zker\u00fclet Kv.-on 1888. szept. 29-okt. 2. tartott k\u00f6zgy\u0171l\u00e9s\u00e9nek jegyz\u0151k\u00f6nyve (Kv., 1888); Gy\u00e1szjelent\u0151; Id\u0151t\u00e1r 2; Kelemen Lajos; KMTT; Koncz; A mv.-i Casino J\u00f3kai \u00fcnnep\u00e9lye 1894. jan. 6. (Mv., 1894), Mv. t\u00f6rt. 2.; Par\u00e1di; Schack B\u00e9la: Kereskedelmi iskol\u00e1ink \u00e9s tan\u00e1rai a Millenium esztendej\u00e9ben (Bp., 1896); Sebesty\u00e9n; Sipos<\/br><\/p>\n","protected":false},"excerpt":{"rendered":"<p>1848.?, \u2020 1917.: tan\u00e1r. \u2013 P. Bal\u00e1zs, k\u00f6rispataki ref. lelk\u00e9sz (1815.?- K\u0151rispatak, 1906. j\u00fan.18.) \u00e9s Nagy Anna fia.Testv\u00e9re: Lajos, b\u00f6z\u00f6di ref. pap. Feles\u00e9ge: m\u00e1rkusfalvi Orb\u00e1n Etelka (1855.?. \u2020 Bp., 1942. dec. 3.). Gyermekeik: Ir\u00e9n Nagy S\u00e1ndorn\u00e9; Andor, fels\u0151 ipariskolai tan\u00e1r; Erzs\u00e9bet P\u00e1lffy Gyul\u00e1n\u00e9; Gyula f\u0151gimn. tan\u00e1r; Mariska Nagy Endr\u00e9n\u00e9; Margit; Istv\u00e1n, jogszigorl\u00f3 (1886.? \u2013 Kv., [&hellip;]<\/p>\n","protected":false},"featured_media":0,"comment_status":"open","ping_status":"closed","template":"","meta":[],"product_brand":[],"product_cat":[137],"product_tag":[],"class_list":{"0":"post-17456","1":"product","2":"type-product","3":"status-publish","5":"product_cat-maros-megyei-eletrajzi-lexikon","7":"first","8":"instock","9":"shipping-taxable","10":"product-type-simple"},"_links":{"self":[{"href":"https:\/\/uj.adatbank.ro\/lexikon\/wp-json\/wp\/v2\/product\/17456","targetHints":{"allow":["GET"]}}],"collection":[{"href":"https:\/\/uj.adatbank.ro\/lexikon\/wp-json\/wp\/v2\/product"}],"about":[{"href":"https:\/\/uj.adatbank.ro\/lexikon\/wp-json\/wp\/v2\/types\/product"}],"replies":[{"embeddable":true,"href":"https:\/\/uj.adatbank.ro\/lexikon\/wp-json\/wp\/v2\/comments?post=17456"}],"wp:attachment":[{"href":"https:\/\/uj.adatbank.ro\/lexikon\/wp-json\/wp\/v2\/media?parent=17456"}],"wp:term":[{"taxonomy":"product_brand","embeddable":true,"href":"https:\/\/uj.adatbank.ro\/lexikon\/wp-json\/wp\/v2\/product_brand?post=17456"},{"taxonomy":"product_cat","embeddable":true,"href":"https:\/\/uj.adatbank.ro\/lexikon\/wp-json\/wp\/v2\/product_cat?post=17456"},{"taxonomy":"product_tag","embeddable":true,"href":"https:\/\/uj.adatbank.ro\/lexikon\/wp-json\/wp\/v2\/product_tag?post=17456"}],"curies":[{"name":"wp","href":"https:\/\/api.w.org\/{rel}","templated":true}]}}