{"id":17460,"date":"2025-07-16T10:15:36","date_gmt":"2025-07-16T08:15:36","guid":{"rendered":"https:\/\/uj.adatbank.ro\/lexikon\/termek\/pall-sandor\/"},"modified":"2025-07-16T10:15:36","modified_gmt":"2025-07-16T08:15:36","slug":"pall-sandor","status":"publish","type":"product","link":"https:\/\/uj.adatbank.ro\/lexikon\/termek\/pall-sandor\/","title":{"rendered":"P\u00c1LL S\u00e1ndor"},"content":{"rendered":"<p>B\u00faz\u00e1sbeseny\u0151, 1912., \u2020\u00a0?: f\u0171szerkeresked\u0151. \u2013 Iskol\u00e1i elv\u00e9gz\u00e9se ut\u00e1n a keresked\u0151i p\u00e1ly\u00e1ra l\u00e9pett \u00e9s Mv.-en let \u00f6n\u00e1ll\u00f3 (1940). A r.k. Dal\u00e1rda akt\u00edv tagja volt. <br \/><strong>Irod.:<\/strong> Sz\u00e9kelyf\u00f6ld \u00ed.k.<\/br><\/p>\n","protected":false},"excerpt":{"rendered":"<p>B\u00faz\u00e1sbeseny\u0151, 1912., \u2020\u00a0?: f\u0171szerkeresked\u0151. \u2013 Iskol\u00e1i elv\u00e9gz\u00e9se ut\u00e1n a keresked\u0151i p\u00e1ly\u00e1ra l\u00e9pett \u00e9s Mv.-en let \u00f6n\u00e1ll\u00f3 (1940). A r.k. Dal\u00e1rda akt\u00edv tagja volt. Irod.: Sz\u00e9kelyf\u00f6ld \u00ed.k.<\/p>\n","protected":false},"featured_media":0,"comment_status":"open","ping_status":"closed","template":"","meta":[],"product_brand":[],"product_cat":[137],"product_tag":[],"class_list":{"0":"post-17460","1":"product","2":"type-product","3":"status-publish","5":"product_cat-maros-megyei-eletrajzi-lexikon","7":"first","8":"instock","9":"shipping-taxable","10":"product-type-simple"},"_links":{"self":[{"href":"https:\/\/uj.adatbank.ro\/lexikon\/wp-json\/wp\/v2\/product\/17460","targetHints":{"allow":["GET"]}}],"collection":[{"href":"https:\/\/uj.adatbank.ro\/lexikon\/wp-json\/wp\/v2\/product"}],"about":[{"href":"https:\/\/uj.adatbank.ro\/lexikon\/wp-json\/wp\/v2\/types\/product"}],"replies":[{"embeddable":true,"href":"https:\/\/uj.adatbank.ro\/lexikon\/wp-json\/wp\/v2\/comments?post=17460"}],"wp:attachment":[{"href":"https:\/\/uj.adatbank.ro\/lexikon\/wp-json\/wp\/v2\/media?parent=17460"}],"wp:term":[{"taxonomy":"product_brand","embeddable":true,"href":"https:\/\/uj.adatbank.ro\/lexikon\/wp-json\/wp\/v2\/product_brand?post=17460"},{"taxonomy":"product_cat","embeddable":true,"href":"https:\/\/uj.adatbank.ro\/lexikon\/wp-json\/wp\/v2\/product_cat?post=17460"},{"taxonomy":"product_tag","embeddable":true,"href":"https:\/\/uj.adatbank.ro\/lexikon\/wp-json\/wp\/v2\/product_tag?post=17460"}],"curies":[{"name":"wp","href":"https:\/\/api.w.org\/{rel}","templated":true}]}}