{"id":17464,"date":"2025-07-16T10:15:44","date_gmt":"2025-07-16T08:15:44","guid":{"rendered":"https:\/\/uj.adatbank.ro\/lexikon\/termek\/pallos-istvan-k\/"},"modified":"2025-07-16T10:15:44","modified_gmt":"2025-07-16T08:15:44","slug":"pallos-istvan-k","status":"publish","type":"product","link":"https:\/\/uj.adatbank.ro\/lexikon\/termek\/pallos-istvan-k\/","title":{"rendered":"PALLOS Istv\u00e1n, K."},"content":{"rendered":"<p>Segesv\u00e1r, 1881., \u2020\u00a0?: k\u00f6lt\u0151, \u00edr\u00f3, zeneszerz\u0151. \u2013A nagyenyedi ref. tan\u00edt\u00f3k\u00e9pz\u0151 majd a tordai \u00e1llami f\u0151gimn\u00e1zium tan\u00e1ra volt. Elhagyta Erd\u00e9lyt (1919) \u00e9s Bp-en a keresk. akad\u00e9mia r. tan\u00e1ra lett. Versei jelentek meg a Kv.-i \u00dajs\u00e1g \u00e9s az enyedi Als\u00f3 Feh\u00e9r, Bp.-en az Erd\u00e9lyi H\u00edrek-ben. Irt t\u00f6bb ifj\u00e1s\u00e9gi sz\u00edndarabot\u00a0: Tam\u00e1s, Szuhay M\u00e1ty\u00e1s, Andr\u00e1s polg\u00e1r, T\u00e1rsasj\u00e1t\u00e9k, Egy darabka \u00e9let \u2013 ez ut\u00f3bbi sz\u00ednpadi sikereket \u00e9rt el. Zenek\u00f6lt\u00e9szettel is foglalkozott\u00a0: m\u00e9g koll\u00e9gista kor\u00e1ban megzen\u00e9s\u00edtette Baron L\u00e1szl\u00f3 dr.: N\u00e9zegetem este s\u00edrva c. vers\u00e9t; els\u0151 nagyobb zenei pr\u00f3b\u00e1lkoz\u00e1sa\u00a0: S\u00e1mson c bibliai dalj\u00e1t\u00e9k; dalai T\u00edz magyar dal \u00e9s n\u00f3t\u00e1k c. jelent meg; a h\u00e1bor\u00fa alatt 30 zen\u00e9s lev. lapja l\u00e1tott napvil\u00e1got; az orsz\u00e1gos Gy\u00f3ni \u00fcnnep\u00e9lyre megzen\u00e9s\u00edtette a k\u00f6lt\u0151 \u00c9nek P. megv\u00e9tel\u00e9re c. k\u00f6ltem\u00e9ny\u00e9t; majd \u00c1br\u00e1nyi Emilnek\u00a0: Margit dalai c. m\u0171v\u00e9t \u00e9s a Pet\u0151fi centen\u00e1rium alkalm\u00e1val t\u00f6bb vers\u00e9t. A h\u00e1bor\u00fa alatt t\u00f6bb templomi foh\u00e1szt \u00edrt melyek el\u0151ad\u00e1sra \u00e9s kiad\u00e1sra is ker\u00fcltek. \u00cdrt egy Fin\u00e1nc cs\u00e1rd\u00e1st is. R\u00f6vid ideig felel\u0151s szerkeszt\u0151je volt a Hazaszeretet c. ifj\u00e1s\u00e1gi lapnak. Titk\u00e1ra a La Fontaine Irod. T\u00e1rsas\u00e1gnak. \u2013 <strong>F. m.:<\/strong> Amit a sz\u00edv besz\u00e9l: Versek (Nagyenyed, 1905); Nevet\u0151 val\u00f3\u00a0: Humoreszkek (Bp., 1923); Oly mindegy\u00a0: Humoreszkek (Bp., 1924); Halak az aquariumban\u00a0:Elbesz. (Bp., 1930). <br \/><strong>Irod.:<\/strong> MIL (1926); \u00daMIL<\/br><\/p>\n","protected":false},"excerpt":{"rendered":"<p>Segesv\u00e1r, 1881., \u2020\u00a0?: k\u00f6lt\u0151, \u00edr\u00f3, zeneszerz\u0151. \u2013A nagyenyedi ref. tan\u00edt\u00f3k\u00e9pz\u0151 majd a tordai \u00e1llami f\u0151gimn\u00e1zium tan\u00e1ra volt. Elhagyta Erd\u00e9lyt (1919) \u00e9s Bp-en a keresk. akad\u00e9mia r. tan\u00e1ra lett. Versei jelentek meg a Kv.-i \u00dajs\u00e1g \u00e9s az enyedi Als\u00f3 Feh\u00e9r, Bp.-en az Erd\u00e9lyi H\u00edrek-ben. Irt t\u00f6bb ifj\u00e1s\u00e9gi sz\u00edndarabot\u00a0: Tam\u00e1s, Szuhay M\u00e1ty\u00e1s, Andr\u00e1s polg\u00e1r, T\u00e1rsasj\u00e1t\u00e9k, Egy darabka [&hellip;]<\/p>\n","protected":false},"featured_media":0,"comment_status":"open","ping_status":"closed","template":"","meta":[],"product_brand":[],"product_cat":[137],"product_tag":[],"class_list":{"0":"post-17464","1":"product","2":"type-product","3":"status-publish","5":"product_cat-maros-megyei-eletrajzi-lexikon","7":"first","8":"instock","9":"shipping-taxable","10":"product-type-simple"},"_links":{"self":[{"href":"https:\/\/uj.adatbank.ro\/lexikon\/wp-json\/wp\/v2\/product\/17464","targetHints":{"allow":["GET"]}}],"collection":[{"href":"https:\/\/uj.adatbank.ro\/lexikon\/wp-json\/wp\/v2\/product"}],"about":[{"href":"https:\/\/uj.adatbank.ro\/lexikon\/wp-json\/wp\/v2\/types\/product"}],"replies":[{"embeddable":true,"href":"https:\/\/uj.adatbank.ro\/lexikon\/wp-json\/wp\/v2\/comments?post=17464"}],"wp:attachment":[{"href":"https:\/\/uj.adatbank.ro\/lexikon\/wp-json\/wp\/v2\/media?parent=17464"}],"wp:term":[{"taxonomy":"product_brand","embeddable":true,"href":"https:\/\/uj.adatbank.ro\/lexikon\/wp-json\/wp\/v2\/product_brand?post=17464"},{"taxonomy":"product_cat","embeddable":true,"href":"https:\/\/uj.adatbank.ro\/lexikon\/wp-json\/wp\/v2\/product_cat?post=17464"},{"taxonomy":"product_tag","embeddable":true,"href":"https:\/\/uj.adatbank.ro\/lexikon\/wp-json\/wp\/v2\/product_tag?post=17464"}],"curies":[{"name":"wp","href":"https:\/\/api.w.org\/{rel}","templated":true}]}}