{"id":17465,"date":"2025-07-16T10:15:48","date_gmt":"2025-07-16T08:15:48","guid":{"rendered":"https:\/\/uj.adatbank.ro\/lexikon\/termek\/pallos-jutta-pallos-schonauer-jutta\/"},"modified":"2025-07-16T10:15:48","modified_gmt":"2025-07-16T08:15:48","slug":"pallos-jutta-pallos-schonauer-jutta","status":"publish","type":"product","link":"https:\/\/uj.adatbank.ro\/lexikon\/termek\/pallos-jutta-pallos-schonauer-jutta\/","title":{"rendered":"PALLOS Jutta, Pallos Sch\u00f6nauer.Jutta"},"content":{"rendered":"<p>Sz\u00e1szr\u00e9gen, 1925., \u2020\u00a0?: fest\u0151, grafikus. \u2013 K\u00f6z\u00e9piskolai tanulm\u00e1nyait Kv.-on a MariaanumGimn.-ban, majd Sz\u00e1szr\u00e9genben a tan\u00edt\u00f3k\u00e9pz\u0151ben v\u00e9gzett. Iparm\u0171v\u00e9sz, majd beiratkozott a fest\u00e9szet tansz\u00e9kre Kv.-on (1948\u2013), a K\u00e9pz\u0151m\u0171v\u00e9szeti F\u0151iskol\u00e1n \u00e1llamvizsg\u00e1zott (1954), mesterei Mikl\u00f3ssy G\u00e1bor, Nagy Imre.A Rom\u00e1niai K\u00e9pz\u0151m\u0171v\u00e9szek Sz\u00f6vets\u00e9g\u00e9nek tagja.(1954\u2013).N\u00e9metorsz\u00e1gban telepszik le Karlsruh\u00e9ban (1986\u2013).Festm\u00e9nyei kiss\u00e9 komor hangulat\u00faak. <br \/><strong>Irod.:<\/strong> 100 \u00e9v; Erd\u00e9lyi Lajos; Erd\u00e9lyi L 2009, fot\u00f31976<\/br><\/p>\n","protected":false},"excerpt":{"rendered":"<p>Sz\u00e1szr\u00e9gen, 1925., \u2020\u00a0?: fest\u0151, grafikus. \u2013 K\u00f6z\u00e9piskolai tanulm\u00e1nyait Kv.-on a MariaanumGimn.-ban, majd Sz\u00e1szr\u00e9genben a tan\u00edt\u00f3k\u00e9pz\u0151ben v\u00e9gzett. Iparm\u0171v\u00e9sz, majd beiratkozott a fest\u00e9szet tansz\u00e9kre Kv.-on (1948\u2013), a K\u00e9pz\u0151m\u0171v\u00e9szeti F\u0151iskol\u00e1n \u00e1llamvizsg\u00e1zott (1954), mesterei Mikl\u00f3ssy G\u00e1bor, Nagy Imre.A Rom\u00e1niai K\u00e9pz\u0151m\u0171v\u00e9szek Sz\u00f6vets\u00e9g\u00e9nek tagja.(1954\u2013).N\u00e9metorsz\u00e1gban telepszik le Karlsruh\u00e9ban (1986\u2013).Festm\u00e9nyei kiss\u00e9 komor hangulat\u00faak. Irod.: 100 \u00e9v; Erd\u00e9lyi Lajos; Erd\u00e9lyi L 2009, fot\u00f31976<\/p>\n","protected":false},"featured_media":0,"comment_status":"open","ping_status":"closed","template":"","meta":[],"product_brand":[],"product_cat":[137],"product_tag":[],"class_list":{"0":"post-17465","1":"product","2":"type-product","3":"status-publish","5":"product_cat-maros-megyei-eletrajzi-lexikon","7":"first","8":"instock","9":"shipping-taxable","10":"product-type-simple"},"_links":{"self":[{"href":"https:\/\/uj.adatbank.ro\/lexikon\/wp-json\/wp\/v2\/product\/17465","targetHints":{"allow":["GET"]}}],"collection":[{"href":"https:\/\/uj.adatbank.ro\/lexikon\/wp-json\/wp\/v2\/product"}],"about":[{"href":"https:\/\/uj.adatbank.ro\/lexikon\/wp-json\/wp\/v2\/types\/product"}],"replies":[{"embeddable":true,"href":"https:\/\/uj.adatbank.ro\/lexikon\/wp-json\/wp\/v2\/comments?post=17465"}],"wp:attachment":[{"href":"https:\/\/uj.adatbank.ro\/lexikon\/wp-json\/wp\/v2\/media?parent=17465"}],"wp:term":[{"taxonomy":"product_brand","embeddable":true,"href":"https:\/\/uj.adatbank.ro\/lexikon\/wp-json\/wp\/v2\/product_brand?post=17465"},{"taxonomy":"product_cat","embeddable":true,"href":"https:\/\/uj.adatbank.ro\/lexikon\/wp-json\/wp\/v2\/product_cat?post=17465"},{"taxonomy":"product_tag","embeddable":true,"href":"https:\/\/uj.adatbank.ro\/lexikon\/wp-json\/wp\/v2\/product_tag?post=17465"}],"curies":[{"name":"wp","href":"https:\/\/api.w.org\/{rel}","templated":true}]}}