{"id":17466,"date":"2025-07-16T10:15:50","date_gmt":"2025-07-16T08:15:50","guid":{"rendered":"https:\/\/uj.adatbank.ro\/lexikon\/termek\/palmay\/"},"modified":"2025-07-16T10:15:50","modified_gmt":"2025-07-16T08:15:50","slug":"palmay","status":"publish","type":"product","link":"https:\/\/uj.adatbank.ro\/lexikon\/termek\/palmay\/","title":{"rendered":"P\u00c1LMAY"},"content":{"rendered":"<p>Szoblah\u00f3i csal\u00e1d, \u00e1llit\u00f3lag \u2013 az 1687 indigen\u00e1tusban r\u00e9szes\u00fclt Palm-csal\u00e1dhoz tartozik. Trencs\u00e9nmegye 1690. \u00e9vi nemesi \u00f6sszeir\u00e1s\u00e1ban P\u00e1lma n\u00e9v alatt fordul el\u0151 a csal\u00e1d; a XVIII. sz\u00e1zad v\u00e9g\u00e9n \u00c1rvamegy\u00e9ben tal\u00e1lkozunk a csal\u00e1ddal, vagy legal\u00e1bb annak egyik \u00e1g\u00e1val. Ujabban a P\u00e1lmay nevet vette fel. <br \/><strong>Irod.:<\/strong> Kempelen; Nagy Iv\u00e1n<\/br><\/p>\n","protected":false},"excerpt":{"rendered":"<p>Szoblah\u00f3i csal\u00e1d, \u00e1llit\u00f3lag \u2013 az 1687 indigen\u00e1tusban r\u00e9szes\u00fclt Palm-csal\u00e1dhoz tartozik. Trencs\u00e9nmegye 1690. \u00e9vi nemesi \u00f6sszeir\u00e1s\u00e1ban P\u00e1lma n\u00e9v alatt fordul el\u0151 a csal\u00e1d; a XVIII. sz\u00e1zad v\u00e9g\u00e9n \u00c1rvamegy\u00e9ben tal\u00e1lkozunk a csal\u00e1ddal, vagy legal\u00e1bb annak egyik \u00e1g\u00e1val. Ujabban a P\u00e1lmay nevet vette fel. Irod.: Kempelen; Nagy Iv\u00e1n<\/p>\n","protected":false},"featured_media":0,"comment_status":"open","ping_status":"closed","template":"","meta":[],"product_brand":[],"product_cat":[137],"product_tag":[],"class_list":{"0":"post-17466","1":"product","2":"type-product","3":"status-publish","5":"product_cat-maros-megyei-eletrajzi-lexikon","7":"first","8":"instock","9":"shipping-taxable","10":"product-type-simple"},"_links":{"self":[{"href":"https:\/\/uj.adatbank.ro\/lexikon\/wp-json\/wp\/v2\/product\/17466","targetHints":{"allow":["GET"]}}],"collection":[{"href":"https:\/\/uj.adatbank.ro\/lexikon\/wp-json\/wp\/v2\/product"}],"about":[{"href":"https:\/\/uj.adatbank.ro\/lexikon\/wp-json\/wp\/v2\/types\/product"}],"replies":[{"embeddable":true,"href":"https:\/\/uj.adatbank.ro\/lexikon\/wp-json\/wp\/v2\/comments?post=17466"}],"wp:attachment":[{"href":"https:\/\/uj.adatbank.ro\/lexikon\/wp-json\/wp\/v2\/media?parent=17466"}],"wp:term":[{"taxonomy":"product_brand","embeddable":true,"href":"https:\/\/uj.adatbank.ro\/lexikon\/wp-json\/wp\/v2\/product_brand?post=17466"},{"taxonomy":"product_cat","embeddable":true,"href":"https:\/\/uj.adatbank.ro\/lexikon\/wp-json\/wp\/v2\/product_cat?post=17466"},{"taxonomy":"product_tag","embeddable":true,"href":"https:\/\/uj.adatbank.ro\/lexikon\/wp-json\/wp\/v2\/product_tag?post=17466"}],"curies":[{"name":"wp","href":"https:\/\/api.w.org\/{rel}","templated":true}]}}