{"id":17467,"date":"2025-07-16T10:15:53","date_gmt":"2025-07-16T08:15:53","guid":{"rendered":"https:\/\/uj.adatbank.ro\/lexikon\/termek\/palmay-jozsef\/"},"modified":"2025-07-16T10:15:53","modified_gmt":"2025-07-16T08:15:53","slug":"palmay-jozsef","status":"publish","type":"product","link":"https:\/\/uj.adatbank.ro\/lexikon\/termek\/palmay-jozsef\/","title":{"rendered":"P\u00c1LMAY J\u00f3zsef"},"content":{"rendered":"<p>\u2020 Mv., 1992. j\u00fan. 3: gy\u00f3gyszer\u00e9sz. \u2013 Feles\u00e9ge: Izmael Adrienne. Le\u00e1nyuk: M\u00e1ria Kincses El\u0151dn\u00e9 (1941\u2013) gy\u00f3gyszer\u00e9sz, egyetemi tan\u00e1r. \u2013 Tanulm\u00e1nyait sz\u00fcl\u0151v\u00e1ros\u00e1ban kezdte \u00e9s Kv-on a Ref. Koll.-ban \u00e9retts\u00e9gizett (1925); Kv.-on gy\u00f3gyszer\u00e9szgyakornok az Apostol nev\u0171 gy\u00f3gyszert\u00e1rban (1925\u201327), majd Kv.-on az I. Ferdin\u00e1nd TE Gy\u00f3gyszer\u00e9szeti Kar\u00e1n oklevelet szerzett<\/br><\/p>\n","protected":false},"excerpt":{"rendered":"<p>\u2020 Mv., 1992. j\u00fan. 3: gy\u00f3gyszer\u00e9sz. \u2013 Feles\u00e9ge: Izmael Adrienne. Le\u00e1nyuk: M\u00e1ria Kincses El\u0151dn\u00e9 (1941\u2013) gy\u00f3gyszer\u00e9sz, egyetemi tan\u00e1r. \u2013 Tanulm\u00e1nyait sz\u00fcl\u0151v\u00e1ros\u00e1ban kezdte \u00e9s Kv-on a Ref. Koll.-ban \u00e9retts\u00e9gizett (1925); Kv.-on gy\u00f3gyszer\u00e9szgyakornok az Apostol nev\u0171 gy\u00f3gyszert\u00e1rban (1925\u201327), majd Kv.-on az I. Ferdin\u00e1nd TE Gy\u00f3gyszer\u00e9szeti Kar\u00e1n oklevelet szerzett<\/p>\n","protected":false},"featured_media":0,"comment_status":"open","ping_status":"closed","template":"","meta":[],"product_brand":[],"product_cat":[137],"product_tag":[],"class_list":{"0":"post-17467","1":"product","2":"type-product","3":"status-publish","5":"product_cat-maros-megyei-eletrajzi-lexikon","7":"first","8":"instock","9":"shipping-taxable","10":"product-type-simple"},"_links":{"self":[{"href":"https:\/\/uj.adatbank.ro\/lexikon\/wp-json\/wp\/v2\/product\/17467","targetHints":{"allow":["GET"]}}],"collection":[{"href":"https:\/\/uj.adatbank.ro\/lexikon\/wp-json\/wp\/v2\/product"}],"about":[{"href":"https:\/\/uj.adatbank.ro\/lexikon\/wp-json\/wp\/v2\/types\/product"}],"replies":[{"embeddable":true,"href":"https:\/\/uj.adatbank.ro\/lexikon\/wp-json\/wp\/v2\/comments?post=17467"}],"wp:attachment":[{"href":"https:\/\/uj.adatbank.ro\/lexikon\/wp-json\/wp\/v2\/media?parent=17467"}],"wp:term":[{"taxonomy":"product_brand","embeddable":true,"href":"https:\/\/uj.adatbank.ro\/lexikon\/wp-json\/wp\/v2\/product_brand?post=17467"},{"taxonomy":"product_cat","embeddable":true,"href":"https:\/\/uj.adatbank.ro\/lexikon\/wp-json\/wp\/v2\/product_cat?post=17467"},{"taxonomy":"product_tag","embeddable":true,"href":"https:\/\/uj.adatbank.ro\/lexikon\/wp-json\/wp\/v2\/product_tag?post=17467"}],"curies":[{"name":"wp","href":"https:\/\/api.w.org\/{rel}","templated":true}]}}