{"id":17469,"date":"2025-07-16T10:15:59","date_gmt":"2025-07-16T08:15:59","guid":{"rendered":"https:\/\/uj.adatbank.ro\/lexikon\/termek\/palmay-sandor\/"},"modified":"2025-07-16T10:15:59","modified_gmt":"2025-07-16T08:15:59","slug":"palmay-sandor","status":"publish","type":"product","link":"https:\/\/uj.adatbank.ro\/lexikon\/termek\/palmay-sandor\/","title":{"rendered":"P\u00c1LMAY S\u00e1ndor"},"content":{"rendered":"<p>Mv., 1890. m\u00e1j. 28., \u2020\u00a0?: jog\u00e1sz\u00a0\u2013 <strong>F. m.:<\/strong> Szoblah\u00f3i P\u00e1lmay J\u00f3zsef csal\u00e1dt\u00f6rt\u00e9net\u00edr\u00f3 mag\u00e1nlev\u00e9lt\u00e1r\u00e1nak anyaga, 1526\u20131849 (Mv., 1911)\u00a0<br \/><strong>Irod.:<\/strong> F\u00fcl\u00f6p\u2013Ferencz; Kempelen; MMA<\/br><\/p>\n","protected":false},"excerpt":{"rendered":"<p>Mv., 1890. m\u00e1j. 28., \u2020\u00a0?: jog\u00e1sz\u00a0\u2013 F. m.: Szoblah\u00f3i P\u00e1lmay J\u00f3zsef csal\u00e1dt\u00f6rt\u00e9net\u00edr\u00f3 mag\u00e1nlev\u00e9lt\u00e1r\u00e1nak anyaga, 1526\u20131849 (Mv., 1911)\u00a0Irod.: F\u00fcl\u00f6p\u2013Ferencz; Kempelen; MMA<\/p>\n","protected":false},"featured_media":0,"comment_status":"open","ping_status":"closed","template":"","meta":[],"product_brand":[],"product_cat":[137],"product_tag":[],"class_list":{"0":"post-17469","1":"product","2":"type-product","3":"status-publish","5":"product_cat-maros-megyei-eletrajzi-lexikon","7":"first","8":"instock","9":"shipping-taxable","10":"product-type-simple"},"_links":{"self":[{"href":"https:\/\/uj.adatbank.ro\/lexikon\/wp-json\/wp\/v2\/product\/17469","targetHints":{"allow":["GET"]}}],"collection":[{"href":"https:\/\/uj.adatbank.ro\/lexikon\/wp-json\/wp\/v2\/product"}],"about":[{"href":"https:\/\/uj.adatbank.ro\/lexikon\/wp-json\/wp\/v2\/types\/product"}],"replies":[{"embeddable":true,"href":"https:\/\/uj.adatbank.ro\/lexikon\/wp-json\/wp\/v2\/comments?post=17469"}],"wp:attachment":[{"href":"https:\/\/uj.adatbank.ro\/lexikon\/wp-json\/wp\/v2\/media?parent=17469"}],"wp:term":[{"taxonomy":"product_brand","embeddable":true,"href":"https:\/\/uj.adatbank.ro\/lexikon\/wp-json\/wp\/v2\/product_brand?post=17469"},{"taxonomy":"product_cat","embeddable":true,"href":"https:\/\/uj.adatbank.ro\/lexikon\/wp-json\/wp\/v2\/product_cat?post=17469"},{"taxonomy":"product_tag","embeddable":true,"href":"https:\/\/uj.adatbank.ro\/lexikon\/wp-json\/wp\/v2\/product_tag?post=17469"}],"curies":[{"name":"wp","href":"https:\/\/api.w.org\/{rel}","templated":true}]}}