{"id":1747,"date":"2025-06-28T11:51:51","date_gmt":"2025-06-28T09:51:51","guid":{"rendered":"https:\/\/uj.adatbank.ro\/lexikon\/termek\/albu-ferenc\/"},"modified":"2025-06-28T11:51:51","modified_gmt":"2025-06-28T09:51:51","slug":"albu-ferenc","status":"publish","type":"product","link":"https:\/\/uj.adatbank.ro\/lexikon\/termek\/albu-ferenc\/","title":{"rendered":"ALBU Ferenc"},"content":{"rendered":"<p>? \u2020 ? : tan\u00edt\u00f3. \u2013 Mv.-en subscrib\u00e1lt (1751). Tan\u00edt\u00f3 D\u00e9sfalv\u00e1n (1757- 59 \u2013 76), D\u00e1ny\u00e1nban (1776\u201386), \u00c1d\u00e1moson (1787\u201392), k\u00e9s\u0151bb Ol\u00e1hkocs\u00e1rdon szolg\u00e1lt (1793\u201395). <br \/><strong>Irod.:<\/strong> K\u00fck\u00fcll\u0151i Ref. Egyh\u00e1zm.1., 2., 4.<\/br><\/p>\n","protected":false},"excerpt":{"rendered":"<p>? \u2020 ? : tan\u00edt\u00f3. \u2013 Mv.-en subscrib\u00e1lt (1751). Tan\u00edt\u00f3 D\u00e9sfalv\u00e1n (1757- 59 \u2013 76), D\u00e1ny\u00e1nban (1776\u201386), \u00c1d\u00e1moson (1787\u201392), k\u00e9s\u0151bb Ol\u00e1hkocs\u00e1rdon szolg\u00e1lt (1793\u201395). Irod.: K\u00fck\u00fcll\u0151i Ref. Egyh\u00e1zm.1., 2., 4.<\/p>\n","protected":false},"featured_media":0,"comment_status":"open","ping_status":"closed","template":"","meta":[],"product_brand":[],"product_cat":[137],"product_tag":[],"class_list":{"0":"post-1747","1":"product","2":"type-product","3":"status-publish","5":"product_cat-maros-megyei-eletrajzi-lexikon","7":"first","8":"instock","9":"shipping-taxable","10":"product-type-simple"},"_links":{"self":[{"href":"https:\/\/uj.adatbank.ro\/lexikon\/wp-json\/wp\/v2\/product\/1747","targetHints":{"allow":["GET"]}}],"collection":[{"href":"https:\/\/uj.adatbank.ro\/lexikon\/wp-json\/wp\/v2\/product"}],"about":[{"href":"https:\/\/uj.adatbank.ro\/lexikon\/wp-json\/wp\/v2\/types\/product"}],"replies":[{"embeddable":true,"href":"https:\/\/uj.adatbank.ro\/lexikon\/wp-json\/wp\/v2\/comments?post=1747"}],"wp:attachment":[{"href":"https:\/\/uj.adatbank.ro\/lexikon\/wp-json\/wp\/v2\/media?parent=1747"}],"wp:term":[{"taxonomy":"product_brand","embeddable":true,"href":"https:\/\/uj.adatbank.ro\/lexikon\/wp-json\/wp\/v2\/product_brand?post=1747"},{"taxonomy":"product_cat","embeddable":true,"href":"https:\/\/uj.adatbank.ro\/lexikon\/wp-json\/wp\/v2\/product_cat?post=1747"},{"taxonomy":"product_tag","embeddable":true,"href":"https:\/\/uj.adatbank.ro\/lexikon\/wp-json\/wp\/v2\/product_tag?post=1747"}],"curies":[{"name":"wp","href":"https:\/\/api.w.org\/{rel}","templated":true}]}}